{"id":89724,"date":"2017-07-01T19:32:40","date_gmt":"2017-07-01T19:32:40","guid":{"rendered":"http:\/\/www.ceramictiles.com\/srbija\/product\/podne-i-zidne-plocice-revigres-crema-marfil\/"},"modified":"2017-07-01T19:32:40","modified_gmt":"2017-07-01T19:32:40","slug":"podne-i-zidne-plocice-revigres-crema-marfil","status":"publish","type":"product","link":"https:\/\/www.keramika.com\/srbija\/podne-i-zidne-plocice-revigres-crema-marfil\/","title":{"rendered":"Podne i zidne plo\u010dice Revigres Crema Marfil"},"content":{"rendered":"<p>Debljina 9 mm \u010dini plo\u010dicu vrlo izdr\u017eljivom i prijatnom na dodir. Plo\u010dice dolaze iz Portugala, koja je poznata po kvalitetnoj keramiki. Ove be\u017e kerami\u010dke plo\u010dice, obogatit \u0107e svaki prostor. \u0160irina i du\u017eina plo\u010dice su 30&#215;60 cm.<\/p>\n<p>Kliknite na ime serije za sve plo\u010dice u toj seriji: <a class=\"pdfcatal\" href=\"\/\/www.ceramictiles.com\/pdf\/revigres\/catalogue_revigres_crema_marfil.pdf\" onclick=\"recordOutboundLink(this, 'E-mail', 'Description PDF');return false;\">Revigres Crema Marfil<\/a><\/p>\n<p>Da bi naru\u010dili model iz PDF kataloga ove serije, molimo vas, da nas kontaktirate na: <a href=\"mailto:zo_mi@ceramictiles.com\" onclick=\"recordOutboundLink(this, 'E-mail', 'Description mail');return false;\">zo_mi@ceramictiles.com<\/a> ili nas pozovite na: For exact offer, PLS send us quantity and product you need with delivery address..<\/p>\n<p>Technical description: <br \/> W &#038; F 30&#215;60 ; 60&#215;60 <br \/>Crema Marfil ;<\/p>\n","protected":false},"excerpt":{"rendered":"<p>Debljina 9 mm \u010dini plo\u010dicu vrlo izdr\u017eljivom i prijatnom na dodir. Plo\u010dice dolaze iz Portugala, koja je poznata po kvalitetnoj keramiki. Ove be\u017e kerami\u010dke plo\u010dice, obogatit \u0107e svaki prostor. \u0160irina i du\u017eina plo\u010dice su 30&#215;60 cm. Kliknite na ime serije za sve plo\u010dice u toj seriji: Revigres Crema Marfil Da bi naru\u010dili model iz PDF [&hellip;]<\/p>\n","protected":false},"featured_media":89725,"template":"","meta":[],"product_cat":[200,260,999,290,9991548],"product_tag":[],"_links":{"self":[{"href":"https:\/\/www.keramika.com\/srbija\/wp-json\/wp\/v2\/product\/89724"}],"collection":[{"href":"https:\/\/www.keramika.com\/srbija\/wp-json\/wp\/v2\/product"}],"about":[{"href":"https:\/\/www.keramika.com\/srbija\/wp-json\/wp\/v2\/types\/product"}],"wp:featuredmedia":[{"embeddable":true,"href":"https:\/\/www.keramika.com\/srbija\/wp-json\/wp\/v2\/media\/89725"}],"wp:attachment":[{"href":"https:\/\/www.keramika.com\/srbija\/wp-json\/wp\/v2\/media?parent=89724"}],"wp:term":[{"taxonomy":"product_cat","embeddable":true,"href":"https:\/\/www.keramika.com\/srbija\/wp-json\/wp\/v2\/product_cat?post=89724"},{"taxonomy":"product_tag","embeddable":true,"href":"https:\/\/www.keramika.com\/srbija\/wp-json\/wp\/v2\/product_tag?post=89724"}],"curies":[{"name":"wp","href":"https:\/\/api.w.org\/{rel}","templated":true}]}}