{"id":89718,"date":"2017-07-01T19:31:38","date_gmt":"2017-07-01T19:31:38","guid":{"rendered":"http:\/\/www.ceramictiles.com\/srbija\/product\/podne-porcelanske-plocice-revigres-concept-marfim\/"},"modified":"2017-07-01T19:31:38","modified_gmt":"2017-07-01T19:31:38","slug":"podne-porcelanske-plocice-revigres-concept-marfim","status":"publish","type":"product","link":"https:\/\/www.keramika.com\/srbija\/podne-porcelanske-plocice-revigres-concept-marfim\/","title":{"rendered":"Podne porcelanske plo\u010dice Revigres Concept Marfim"},"content":{"rendered":"<p>Plo\u010dice dolaze iz Portugala, koja je poznata po kvalitetnoj keramiki. Plo\u010dica je debela 9 mm, \u0161to je ubraja u tvrde plo\u010dice. Dimenzije ovih plo\u010dica su 30&#215;60 cm. U izboru plo\u010dica be\u017e boje, ne mo\u017eete pogre\u0161iti.<\/p>\n<p>Kliknite na ime serije za sve plo\u010dice u toj seriji: <a class=\"pdfcatal\" href=\"\/\/www.ceramictiles.com\/pdf\/revigres\/catalogue_revigres_concept.pdf\" onclick=\"recordOutboundLink(this, 'E-mail', 'Description PDF');return false;\">Revigres Concept<\/a><\/p>\n<p>Da bi naru\u010dili model iz PDF kataloga ove serije, molimo vas, da nas kontaktirate na: <a href=\"mailto:zo_mi@ceramictiles.com\" onclick=\"recordOutboundLink(this, 'E-mail', 'Description mail');return false;\">zo_mi@ceramictiles.com<\/a> ili nas pozovite na: For exact offer, PLS send us quantity and product you need with delivery address..<\/p>\n<p>Technical description: <br \/> F 30&#215;60 ; 45&#215;45 <br \/>Concept Marfim ; Concept Castanho ; Concept Platina ; Concept Grafite ; Concept Antracite ;<\/p>\n","protected":false},"excerpt":{"rendered":"<p>Plo\u010dice dolaze iz Portugala, koja je poznata po kvalitetnoj keramiki. Plo\u010dica je debela 9 mm, \u0161to je ubraja u tvrde plo\u010dice. Dimenzije ovih plo\u010dica su 30&#215;60 cm. U izboru plo\u010dica be\u017e boje, ne mo\u017eete pogre\u0161iti. Kliknite na ime serije za sve plo\u010dice u toj seriji: Revigres Concept Da bi naru\u010dili model iz PDF kataloga ove [&hellip;]<\/p>\n","protected":false},"featured_media":89719,"template":"","meta":[],"product_cat":[200,260,999,290,9991548],"product_tag":[],"_links":{"self":[{"href":"https:\/\/www.keramika.com\/srbija\/wp-json\/wp\/v2\/product\/89718"}],"collection":[{"href":"https:\/\/www.keramika.com\/srbija\/wp-json\/wp\/v2\/product"}],"about":[{"href":"https:\/\/www.keramika.com\/srbija\/wp-json\/wp\/v2\/types\/product"}],"wp:featuredmedia":[{"embeddable":true,"href":"https:\/\/www.keramika.com\/srbija\/wp-json\/wp\/v2\/media\/89719"}],"wp:attachment":[{"href":"https:\/\/www.keramika.com\/srbija\/wp-json\/wp\/v2\/media?parent=89718"}],"wp:term":[{"taxonomy":"product_cat","embeddable":true,"href":"https:\/\/www.keramika.com\/srbija\/wp-json\/wp\/v2\/product_cat?post=89718"},{"taxonomy":"product_tag","embeddable":true,"href":"https:\/\/www.keramika.com\/srbija\/wp-json\/wp\/v2\/product_tag?post=89718"}],"curies":[{"name":"wp","href":"https:\/\/api.w.org\/{rel}","templated":true}]}}