{"id":89714,"date":"2017-07-01T19:30:58","date_gmt":"2017-07-01T19:30:58","guid":{"rendered":"http:\/\/www.ceramictiles.com\/srbija\/product\/keramika-imitacija-drveta-revigres-cerejeira\/"},"modified":"2017-07-04T12:02:06","modified_gmt":"2017-07-04T12:02:06","slug":"keramika-imitacija-drveta-revigres-cerejeira","status":"publish","type":"product","link":"https:\/\/www.keramika.com\/srbija\/keramika-imitacija-drveta-revigres-cerejeira\/","title":{"rendered":"Keramika imitacija drveta Revigres Cerejeira"},"content":{"rendered":"<p>Debljina 9 mm \u010dini plo\u010dicu vrlo izdr\u017eljivom i prijatnom na dodir. Izuzetno moderne plo\u010dice be\u017e boje, osve\u017eit \u0107e svaki prostor. Veli\u010dina plo\u010dice je 30&#215;60 cm i odli\u010dna je za razli\u010dite povr\u0161ine. Ove plo\u010dice dolaze od proizvo\u0111a\u010da Revigres, iz Portugala.<\/p>\n<p>Kliknite na ime serije za sve plo\u010dice u toj seriji: <a class=\"pdfcatal\" href=\"\/\/www.ceramictiles.com\/pdf\/revigres\/catalogue_revigres_cerejeira.pdf\" onclick=\"recordOutboundLink(this, 'E-mail', 'Description PDF');return false;\">Revigres Cerejeira<\/a><\/p>\n<p>Da bi naru\u010dili model iz PDF kataloga ove serije, molimo vas, da nas kontaktirate na: <a href=\"mailto:zo_mi@ceramictiles.com\" onclick=\"recordOutboundLink(this, 'E-mail', 'Description mail');return false;\">zo_mi@ceramictiles.com<\/a> ili nas pozovite na: For exact offer, PLS send us quantity and product you need with delivery address..<\/p>\n<p>Technical description: <br \/> W &#038; F 10&#215;60 ; 15&#215;60 ; 30&#215;60 <br \/>Cerejeira ;<\/p>\n","protected":false},"excerpt":{"rendered":"<p>Debljina 9 mm \u010dini plo\u010dicu vrlo izdr\u017eljivom i prijatnom na dodir. Izuzetno moderne plo\u010dice be\u017e boje, osve\u017eit \u0107e svaki prostor. Veli\u010dina plo\u010dice je 30&#215;60 cm i odli\u010dna je za razli\u010dite povr\u0161ine. Ove plo\u010dice dolaze od proizvo\u0111a\u010da Revigres, iz Portugala. Kliknite na ime serije za sve plo\u010dice u toj seriji: Revigres Cerejeira Da bi naru\u010dili model [&hellip;]<\/p>\n","protected":false},"featured_media":89715,"template":"","meta":[],"product_cat":[200,260,999,290,9991548],"product_tag":[99950095],"_links":{"self":[{"href":"https:\/\/www.keramika.com\/srbija\/wp-json\/wp\/v2\/product\/89714"}],"collection":[{"href":"https:\/\/www.keramika.com\/srbija\/wp-json\/wp\/v2\/product"}],"about":[{"href":"https:\/\/www.keramika.com\/srbija\/wp-json\/wp\/v2\/types\/product"}],"wp:featuredmedia":[{"embeddable":true,"href":"https:\/\/www.keramika.com\/srbija\/wp-json\/wp\/v2\/media\/89715"}],"wp:attachment":[{"href":"https:\/\/www.keramika.com\/srbija\/wp-json\/wp\/v2\/media?parent=89714"}],"wp:term":[{"taxonomy":"product_cat","embeddable":true,"href":"https:\/\/www.keramika.com\/srbija\/wp-json\/wp\/v2\/product_cat?post=89714"},{"taxonomy":"product_tag","embeddable":true,"href":"https:\/\/www.keramika.com\/srbija\/wp-json\/wp\/v2\/product_tag?post=89714"}],"curies":[{"name":"wp","href":"https:\/\/api.w.org\/{rel}","templated":true}]}}