{"id":89710,"date":"2017-07-01T19:30:22","date_gmt":"2017-07-01T19:30:22","guid":{"rendered":"http:\/\/www.ceramictiles.com\/srbija\/product\/podne-i-zidne-plocice-revigres-carrara\/"},"modified":"2017-07-01T19:30:22","modified_gmt":"2017-07-01T19:30:22","slug":"podne-i-zidne-plocice-revigres-carrara","status":"publish","type":"product","link":"https:\/\/www.keramika.com\/srbija\/podne-i-zidne-plocice-revigres-carrara\/","title":{"rendered":"Podne i zidne plo\u010dice Revigres Carrara"},"content":{"rendered":"<p>\u0160irina i du\u017eina plo\u010dice su 60&#215;60 cm. Debljina 10 mm \u010dini plo\u010dicu vrlo izdr\u017eljivom i prijatnom na dodir. Plo\u010dice bele boje osvje\u017eit \u0107e svaki prostor. plo\u010dica proizvo\u0111a\u010da Revigres iz Portugala.<\/p>\n<p>Kliknite na ime serije za sve plo\u010dice u toj seriji: <a class=\"pdfcatal\" href=\"\/\/www.ceramictiles.com\/pdf\/revigres\/catalogue_revigres_carrara.pdf\" onclick=\"recordOutboundLink(this, 'E-mail', 'Description PDF');return false;\">Revigres Carrara<\/a><\/p>\n<p>Da bi naru\u010dili model iz PDF kataloga ove serije, molimo vas, da nas kontaktirate na: <a href=\"mailto:zo_mi@ceramictiles.com\" onclick=\"recordOutboundLink(this, 'E-mail', 'Description mail');return false;\">zo_mi@ceramictiles.com<\/a> ili nas pozovite na: For exact offer, PLS send us quantity and product you need with delivery address..<\/p>\n<p>Technical description: <br \/> W &#038; F 30&#215;60 ; 60&#215;60 <br \/>Carrara ;<\/p>\n","protected":false},"excerpt":{"rendered":"<p>\u0160irina i du\u017eina plo\u010dice su 60&#215;60 cm. Debljina 10 mm \u010dini plo\u010dicu vrlo izdr\u017eljivom i prijatnom na dodir. Plo\u010dice bele boje osvje\u017eit \u0107e svaki prostor. plo\u010dica proizvo\u0111a\u010da Revigres iz Portugala. Kliknite na ime serije za sve plo\u010dice u toj seriji: Revigres Carrara Da bi naru\u010dili model iz PDF kataloga ove serije, molimo vas, da nas [&hellip;]<\/p>\n","protected":false},"featured_media":89711,"template":"","meta":[],"product_cat":[200,260,999,290,9991548],"product_tag":[],"_links":{"self":[{"href":"https:\/\/www.keramika.com\/srbija\/wp-json\/wp\/v2\/product\/89710"}],"collection":[{"href":"https:\/\/www.keramika.com\/srbija\/wp-json\/wp\/v2\/product"}],"about":[{"href":"https:\/\/www.keramika.com\/srbija\/wp-json\/wp\/v2\/types\/product"}],"wp:featuredmedia":[{"embeddable":true,"href":"https:\/\/www.keramika.com\/srbija\/wp-json\/wp\/v2\/media\/89711"}],"wp:attachment":[{"href":"https:\/\/www.keramika.com\/srbija\/wp-json\/wp\/v2\/media?parent=89710"}],"wp:term":[{"taxonomy":"product_cat","embeddable":true,"href":"https:\/\/www.keramika.com\/srbija\/wp-json\/wp\/v2\/product_cat?post=89710"},{"taxonomy":"product_tag","embeddable":true,"href":"https:\/\/www.keramika.com\/srbija\/wp-json\/wp\/v2\/product_tag?post=89710"}],"curies":[{"name":"wp","href":"https:\/\/api.w.org\/{rel}","templated":true}]}}