{"id":89706,"date":"2017-07-01T19:29:44","date_gmt":"2017-07-01T19:29:44","guid":{"rendered":"http:\/\/www.ceramictiles.com\/srbija\/product\/podne-porcelanske-plocice-revigres-buxy-marfim\/"},"modified":"2017-07-01T19:29:44","modified_gmt":"2017-07-01T19:29:44","slug":"podne-porcelanske-plocice-revigres-buxy-marfim","status":"publish","type":"product","link":"https:\/\/www.keramika.com\/srbija\/podne-porcelanske-plocice-revigres-buxy-marfim\/","title":{"rendered":"Podne porcelanske plo\u010dice Revigres Buxy Marfim"},"content":{"rendered":"<p>Veli\u010dina plo\u010dice je 45&#215;45 cm i odli\u010dna je za razli\u010dite povr\u0161ine. U izboru plo\u010dica be\u017e boje, ne mo\u017eete pogre\u0161iti. Revigres Buxy Marfim dolazi iz Portugala, koja je poznata po vrlo visokoj kvaliteta keramike u svetu. 9 mm debljina \u0107e zadovoljiti i najzahtevnije kupce.<\/p>\n<p>Kliknite na ime serije za sve plo\u010dice u toj seriji: <a class=\"pdfcatal\" href=\"\/\/www.ceramictiles.com\/pdf\/revigres\/catalogue_revigres_buxy.pdf\" onclick=\"recordOutboundLink(this, 'E-mail', 'Description PDF');return false;\">Revigres Buxy<\/a><\/p>\n<p>Da bi naru\u010dili model iz PDF kataloga ove serije, molimo vas, da nas kontaktirate na: <a href=\"mailto:zo_mi@ceramictiles.com\" onclick=\"recordOutboundLink(this, 'E-mail', 'Description mail');return false;\">zo_mi@ceramictiles.com<\/a> ili nas pozovite na: For exact offer, PLS send us quantity and product you need with delivery address..<\/p>\n<p>Technical description: <br \/> F 45&#215;45 <br \/>Buxy Canela ; Buxy Marfim ; Buxy Preto ;<\/p>\n","protected":false},"excerpt":{"rendered":"<p>Veli\u010dina plo\u010dice je 45&#215;45 cm i odli\u010dna je za razli\u010dite povr\u0161ine. U izboru plo\u010dica be\u017e boje, ne mo\u017eete pogre\u0161iti. Revigres Buxy Marfim dolazi iz Portugala, koja je poznata po vrlo visokoj kvaliteta keramike u svetu. 9 mm debljina \u0107e zadovoljiti i najzahtevnije kupce. Kliknite na ime serije za sve plo\u010dice u toj seriji: Revigres Buxy [&hellip;]<\/p>\n","protected":false},"featured_media":89707,"template":"","meta":[],"product_cat":[200,260,999,290,9991548],"product_tag":[],"_links":{"self":[{"href":"https:\/\/www.keramika.com\/srbija\/wp-json\/wp\/v2\/product\/89706"}],"collection":[{"href":"https:\/\/www.keramika.com\/srbija\/wp-json\/wp\/v2\/product"}],"about":[{"href":"https:\/\/www.keramika.com\/srbija\/wp-json\/wp\/v2\/types\/product"}],"wp:featuredmedia":[{"embeddable":true,"href":"https:\/\/www.keramika.com\/srbija\/wp-json\/wp\/v2\/media\/89707"}],"wp:attachment":[{"href":"https:\/\/www.keramika.com\/srbija\/wp-json\/wp\/v2\/media?parent=89706"}],"wp:term":[{"taxonomy":"product_cat","embeddable":true,"href":"https:\/\/www.keramika.com\/srbija\/wp-json\/wp\/v2\/product_cat?post=89706"},{"taxonomy":"product_tag","embeddable":true,"href":"https:\/\/www.keramika.com\/srbija\/wp-json\/wp\/v2\/product_tag?post=89706"}],"curies":[{"name":"wp","href":"https:\/\/api.w.org\/{rel}","templated":true}]}}