{"id":89704,"date":"2017-07-01T19:29:27","date_gmt":"2017-07-01T19:29:27","guid":{"rendered":"http:\/\/www.ceramictiles.com\/srbija\/product\/keramika-imitacija-drveta-revigres-betula\/"},"modified":"2017-07-04T12:02:10","modified_gmt":"2017-07-04T12:02:10","slug":"keramika-imitacija-drveta-revigres-betula","status":"publish","type":"product","link":"https:\/\/www.keramika.com\/srbija\/keramika-imitacija-drveta-revigres-betula\/","title":{"rendered":"Keramika imitacija drveta Revigres Betula"},"content":{"rendered":"<p>plo\u010dica proizvo\u0111a\u010da Revigres iz Portugala. Izuzetno moderne plo\u010dice bele boje, osve\u017eit \u0107e svaki prostor. 11 mm debljina \u0107e zadovoljiti i najzahtevnije kupce. Plo\u010dica na sliki je 60&#215;120 cm.<\/p>\n<p>Kliknite na ime serije za sve plo\u010dice u toj seriji: <a class=\"pdfcatal\" href=\"\/\/www.ceramictiles.com\/pdf\/revigres\/catalogue_revigres_betula.pdf\" onclick=\"recordOutboundLink(this, 'E-mail', 'Description PDF');return false;\">Revigres Betula<\/a><\/p>\n<p>Da bi naru\u010dili model iz PDF kataloga ove serije, molimo vas, da nas kontaktirate na: <a href=\"mailto:zo_mi@ceramictiles.com\" onclick=\"recordOutboundLink(this, 'E-mail', 'Description mail');return false;\">zo_mi@ceramictiles.com<\/a> ili nas pozovite na: For exact offer, PLS send us quantity and product you need with delivery address..<\/p>\n<p>Technical description: <br \/> W &#038; F 10&#215;120 ; 15&#215;120 ; 30&#215;120 ; 60&#215;120  <br \/>B\u00e9tula ;<\/p>\n","protected":false},"excerpt":{"rendered":"<p>plo\u010dica proizvo\u0111a\u010da Revigres iz Portugala. Izuzetno moderne plo\u010dice bele boje, osve\u017eit \u0107e svaki prostor. 11 mm debljina \u0107e zadovoljiti i najzahtevnije kupce. Plo\u010dica na sliki je 60&#215;120 cm. Kliknite na ime serije za sve plo\u010dice u toj seriji: Revigres Betula Da bi naru\u010dili model iz PDF kataloga ove serije, molimo vas, da nas kontaktirate na: [&hellip;]<\/p>\n","protected":false},"featured_media":89705,"template":"","meta":[],"product_cat":[200,260,999,290,9991548],"product_tag":[99950095],"_links":{"self":[{"href":"https:\/\/www.keramika.com\/srbija\/wp-json\/wp\/v2\/product\/89704"}],"collection":[{"href":"https:\/\/www.keramika.com\/srbija\/wp-json\/wp\/v2\/product"}],"about":[{"href":"https:\/\/www.keramika.com\/srbija\/wp-json\/wp\/v2\/types\/product"}],"wp:featuredmedia":[{"embeddable":true,"href":"https:\/\/www.keramika.com\/srbija\/wp-json\/wp\/v2\/media\/89705"}],"wp:attachment":[{"href":"https:\/\/www.keramika.com\/srbija\/wp-json\/wp\/v2\/media?parent=89704"}],"wp:term":[{"taxonomy":"product_cat","embeddable":true,"href":"https:\/\/www.keramika.com\/srbija\/wp-json\/wp\/v2\/product_cat?post=89704"},{"taxonomy":"product_tag","embeddable":true,"href":"https:\/\/www.keramika.com\/srbija\/wp-json\/wp\/v2\/product_tag?post=89704"}],"curies":[{"name":"wp","href":"https:\/\/api.w.org\/{rel}","templated":true}]}}