{"id":89696,"date":"2017-07-01T19:28:17","date_gmt":"2017-07-01T19:28:17","guid":{"rendered":"http:\/\/www.ceramictiles.com\/srbija\/product\/zidne-plocice-pamesa-stabia-malva\/"},"modified":"2026-01-01T00:00:58","modified_gmt":"2026-01-01T00:00:58","slug":"zidne-plocice-pamesa-stabia-malva","status":"publish","type":"product","link":"https:\/\/www.keramika.com\/srbija\/zidne-plocice-pamesa-stabia-malva\/","title":{"rendered":"Zidne plo\u010dice Pamesa Stabia Malva"},"content":{"rendered":"<p>Proizvodnja \u0160panije ,koja je poznata u svetu, kao jedana od najboljih proizvo\u0111a\u010da kerami\u010dkih plo\u010dica. U maloprodaji bi morali za tu plo\u010dicu platiti 2318,4 RSD, online cena je samo 1853,8 RSD. Ova plo\u010dica je debela 9 mm i zato je izuzetno izdr\u017eljiva. Izuzetno moderne plo\u010dice ljubi\u010daste boje, osve\u017eit \u0107e svaki prostor. Dimenzije ovih plo\u010dica su 20&#215;45,2 cm.<\/p>\n<p>Kliknite na ime serije za sve plo\u010dice u toj seriji: <a class=\"pdfcatal\" href=\"\/\/www.ceramictiles.com\/pdf\/pamesa\/catalogue_pamesa_wall_tiles.pdf\" onclick=\"recordOutboundLink(this, 'E-mail', 'Description PDF');return false;\">Pamesa Ceramica Stabia<\/a><\/p>\n<p>Da bi naru\u010dili model iz PDF kataloga ove serije, molimo vas, da nas kontaktirate na: <a href=\"mailto:zo_mi@ceramictiles.com\" onclick=\"recordOutboundLink(this, 'E-mail', 'Description mail');return false;\">zo_mi@ceramictiles.com<\/a> ili nas pozovite na: For exact offer, PLS send us quantity and product you need with delivery address..<\/p>\n<p>Technical description: <br \/> W 20&#215;45,2 <br \/>Stabia Blanco ; Stabia Relieve 2 Blanco ; Stabia Malva ; Stabia Relieve 2 Malva ; Stabia Negro ; Stabia Relieve 2 Negro ; Stabia Marfil ; Stabia Relieve 2 Marfil ; Stabia Marr\u00f3n ; Stabia Relieve 2 Marr\u00f3n ;<\/p>\n","protected":false},"excerpt":{"rendered":"<p>Proizvodnja \u0160panije ,koja je poznata u svetu, kao jedana od najboljih proizvo\u0111a\u010da kerami\u010dkih plo\u010dica. U maloprodaji bi morali za tu plo\u010dicu platiti 2318,4 RSD, online cena je samo 1853,8 RSD. Ova plo\u010dica je debela 9 mm i zato je izuzetno izdr\u017eljiva. Izuzetno moderne plo\u010dice ljubi\u010daste boje, osve\u017eit \u0107e svaki prostor. Dimenzije ovih plo\u010dica su 20&#215;45,2 [&hellip;]<\/p>\n","protected":false},"featured_media":89697,"template":"","meta":[],"product_cat":[200,230,999107,999,250],"product_tag":[],"_links":{"self":[{"href":"https:\/\/www.keramika.com\/srbija\/wp-json\/wp\/v2\/product\/89696"}],"collection":[{"href":"https:\/\/www.keramika.com\/srbija\/wp-json\/wp\/v2\/product"}],"about":[{"href":"https:\/\/www.keramika.com\/srbija\/wp-json\/wp\/v2\/types\/product"}],"wp:featuredmedia":[{"embeddable":true,"href":"https:\/\/www.keramika.com\/srbija\/wp-json\/wp\/v2\/media\/89697"}],"wp:attachment":[{"href":"https:\/\/www.keramika.com\/srbija\/wp-json\/wp\/v2\/media?parent=89696"}],"wp:term":[{"taxonomy":"product_cat","embeddable":true,"href":"https:\/\/www.keramika.com\/srbija\/wp-json\/wp\/v2\/product_cat?post=89696"},{"taxonomy":"product_tag","embeddable":true,"href":"https:\/\/www.keramika.com\/srbija\/wp-json\/wp\/v2\/product_tag?post=89696"}],"curies":[{"name":"wp","href":"https:\/\/api.w.org\/{rel}","templated":true}]}}