{"id":89692,"date":"2017-07-01T19:27:46","date_gmt":"2017-07-01T19:27:46","guid":{"rendered":"http:\/\/www.ceramictiles.com\/srbija\/product\/mozaik-plocice-pamesa-relieve-tesela-verde\/"},"modified":"2026-01-01T00:00:58","modified_gmt":"2026-01-01T00:00:58","slug":"mozaik-plocice-pamesa-relieve-tesela-verde","status":"publish","type":"product","link":"https:\/\/www.keramika.com\/srbija\/mozaik-plocice-pamesa-relieve-tesela-verde\/","title":{"rendered":"Mozaik plo\u010dice Pamesa Relieve Tesela Verde"},"content":{"rendered":"<p>Plo\u010dice dolaze iz \u0160panije, koja je poznata po kvalitetnoj keramiki. 2198,8 RSD je redovna prodajna cena keramike, tu pa samo 1759,5 RSD. Plo\u010dice zelene boje, su letos izuzetno tre\u017eene. Debljina 9 mm \u010dini plo\u010dicu vrlo izdr\u017eljivom i prijatnom na dodir. Veli\u010dina plo\u010dice je 20&#215;20 cm i odli\u010dna je za razli\u010dite povr\u0161ine.<\/p>\n<p>Kliknite na ime serije za sve plo\u010dice u toj seriji: <a class=\"pdfcatal\" href=\"\/\/www.ceramictiles.com\/pdf\/pamesa\/catalogue_pamesa_wall_tiles.pdf\" onclick=\"recordOutboundLink(this, 'E-mail', 'Description PDF');return false;\">Pamesa Ceramica Relieve<\/a><\/p>\n<p>Da bi naru\u010dili model iz PDF kataloga ove serije, molimo vas, da nas kontaktirate na: <a href=\"mailto:zo_mi@ceramictiles.com\" onclick=\"recordOutboundLink(this, 'E-mail', 'Description mail');return false;\">zo_mi@ceramictiles.com<\/a> ili nas pozovite na: For exact offer, PLS send us quantity and product you need with delivery address..<\/p>\n<p>Technical description: <br \/> W 20&#215;20 <br \/>Relieve Fum\u00e9 Ambar ; Relieve Fum\u00e9 Beige ; Relieve Fum\u00e9 Malva ; Relieve Lineal Madera Arce ; Relieve Lineal Madera Roble ; Relieve Lineal Madera Wengu\u00e9 ; Relieve Lineal Piedra Beige ; Relieve Lineal Piedra Noce ; Relieve Lineal Piedra Perla ; Relieve Lineal Piedra Marengo ; Relieve Lineal Piedra Negro ; Relieve Tesela Amarillo ; Relieve Tesela Naranja ; Relieve Tesela Azul ; Relieve Tesela Verde ; Relieve Tesela Gris ;<\/p>\n","protected":false},"excerpt":{"rendered":"<p>Plo\u010dice dolaze iz \u0160panije, koja je poznata po kvalitetnoj keramiki. 2198,8 RSD je redovna prodajna cena keramike, tu pa samo 1759,5 RSD. Plo\u010dice zelene boje, su letos izuzetno tre\u017eene. Debljina 9 mm \u010dini plo\u010dicu vrlo izdr\u017eljivom i prijatnom na dodir. Veli\u010dina plo\u010dice je 20&#215;20 cm i odli\u010dna je za razli\u010dite povr\u0161ine. Kliknite na ime serije [&hellip;]<\/p>\n","protected":false},"featured_media":89693,"template":"","meta":[],"product_cat":[200,230,999107,999,250],"product_tag":[],"_links":{"self":[{"href":"https:\/\/www.keramika.com\/srbija\/wp-json\/wp\/v2\/product\/89692"}],"collection":[{"href":"https:\/\/www.keramika.com\/srbija\/wp-json\/wp\/v2\/product"}],"about":[{"href":"https:\/\/www.keramika.com\/srbija\/wp-json\/wp\/v2\/types\/product"}],"wp:featuredmedia":[{"embeddable":true,"href":"https:\/\/www.keramika.com\/srbija\/wp-json\/wp\/v2\/media\/89693"}],"wp:attachment":[{"href":"https:\/\/www.keramika.com\/srbija\/wp-json\/wp\/v2\/media?parent=89692"}],"wp:term":[{"taxonomy":"product_cat","embeddable":true,"href":"https:\/\/www.keramika.com\/srbija\/wp-json\/wp\/v2\/product_cat?post=89692"},{"taxonomy":"product_tag","embeddable":true,"href":"https:\/\/www.keramika.com\/srbija\/wp-json\/wp\/v2\/product_tag?post=89692"}],"curies":[{"name":"wp","href":"https:\/\/api.w.org\/{rel}","templated":true}]}}