{"id":89688,"date":"2017-07-01T19:27:12","date_gmt":"2017-07-01T19:27:12","guid":{"rendered":"http:\/\/www.ceramictiles.com\/srbija\/product\/plocice-za-kupatilo-pamesa-orotava-naranja\/"},"modified":"2026-01-01T00:00:57","modified_gmt":"2026-01-01T00:00:57","slug":"plocice-za-kupatilo-pamesa-orotava-naranja","status":"publish","type":"product","link":"https:\/\/www.keramika.com\/srbija\/plocice-za-kupatilo-pamesa-orotava-naranja\/","title":{"rendered":"Plo\u010dice za kupatilo Pamesa Orotava Naranja"},"content":{"rendered":"<p>Plo\u010dice bele boje, su letos izuzetno tre\u017eene. U maloprodaji bi morali za tu plo\u010dicu platiti 2462,15 RSD, online cena je samo 1969,95 RSD. Pamesa Orotava Naranja je proizvod iz \u0160panije te je izuzetno kvalitetna. Debljina plo\u010dice, je vrlo va\u017ena 9 mm i ubraja tu plo\u010dicu me\u0111u najkvalitetnije. Veli\u010dina ove plo\u010dice je 31,6&#215;45 cm.<\/p>\n<p>Kliknite na ime serije za sve plo\u010dice u toj seriji: <a class=\"pdfcatal\" href=\"\/\/www.ceramictiles.com\/pdf\/pamesa\/catalogue_pamesa_wall_tiles.pdf\" onclick=\"recordOutboundLink(this, 'E-mail', 'Description PDF');return false;\">Pamesa Ceramica Orotava<\/a><\/p>\n<p>Da bi naru\u010dili model iz PDF kataloga ove serije, molimo vas, da nas kontaktirate na: <a href=\"mailto:zo_mi@ceramictiles.com\" onclick=\"recordOutboundLink(this, 'E-mail', 'Description mail');return false;\">zo_mi@ceramictiles.com<\/a> ili nas pozovite na: For exact offer, PLS send us quantity and product you need with delivery address..<\/p>\n<p>Technical description: <br \/> W 31,6&#215;45,2 <br \/>Orotava Blanco ; Orotava Pistacho ; Orotava Naranja ; Orotava Carm\u00edn ;<\/p>\n","protected":false},"excerpt":{"rendered":"<p>Plo\u010dice bele boje, su letos izuzetno tre\u017eene. U maloprodaji bi morali za tu plo\u010dicu platiti 2462,15 RSD, online cena je samo 1969,95 RSD. Pamesa Orotava Naranja je proizvod iz \u0160panije te je izuzetno kvalitetna. Debljina plo\u010dice, je vrlo va\u017ena 9 mm i ubraja tu plo\u010dicu me\u0111u najkvalitetnije. Veli\u010dina ove plo\u010dice je 31,6&#215;45 cm. Kliknite na [&hellip;]<\/p>\n","protected":false},"featured_media":89689,"template":"","meta":[],"product_cat":[200,230,999107,999,250],"product_tag":[],"_links":{"self":[{"href":"https:\/\/www.keramika.com\/srbija\/wp-json\/wp\/v2\/product\/89688"}],"collection":[{"href":"https:\/\/www.keramika.com\/srbija\/wp-json\/wp\/v2\/product"}],"about":[{"href":"https:\/\/www.keramika.com\/srbija\/wp-json\/wp\/v2\/types\/product"}],"wp:featuredmedia":[{"embeddable":true,"href":"https:\/\/www.keramika.com\/srbija\/wp-json\/wp\/v2\/media\/89689"}],"wp:attachment":[{"href":"https:\/\/www.keramika.com\/srbija\/wp-json\/wp\/v2\/media?parent=89688"}],"wp:term":[{"taxonomy":"product_cat","embeddable":true,"href":"https:\/\/www.keramika.com\/srbija\/wp-json\/wp\/v2\/product_cat?post=89688"},{"taxonomy":"product_tag","embeddable":true,"href":"https:\/\/www.keramika.com\/srbija\/wp-json\/wp\/v2\/product_tag?post=89688"}],"curies":[{"name":"wp","href":"https:\/\/api.w.org\/{rel}","templated":true}]}}