{"id":89686,"date":"2017-07-01T19:26:57","date_gmt":"2017-07-01T19:26:57","guid":{"rendered":"http:\/\/www.ceramictiles.com\/srbija\/product\/plocice-za-kupatilo-pamesa-mood\/"},"modified":"2026-01-01T00:00:57","modified_gmt":"2026-01-01T00:00:57","slug":"plocice-za-kupatilo-pamesa-mood","status":"publish","type":"product","link":"https:\/\/www.keramika.com\/srbija\/plocice-za-kupatilo-pamesa-mood\/","title":{"rendered":"Plo\u010dice za kupatilo Pamesa Mood"},"content":{"rendered":"<p>plo\u010dica proizvo\u0111a\u010da Pamesa Ceramica iz \u0160panije. 9 mm debljine je dovoljno za zahtevnije kupce. Plo\u010dice ljubi\u010daste boje osvje\u017eit \u0107e svaki prostor. 3639,75 RSD je redovna prodajna cena keramike, tu pa samo 2911,8 RSD. Plo\u010dica na sliki je 20&#215;60 cm.<\/p>\n<p>Kliknite na ime serije za sve plo\u010dice u toj seriji: <a class=\"pdfcatal\" href=\"\/\/www.ceramictiles.com\/pdf\/pamesa\/catalogue_pamesa_wall_tiles.pdf\" onclick=\"recordOutboundLink(this, 'E-mail', 'Description PDF');return false;\">Pamesa Ceramica Mood<\/a><\/p>\n<p>Da bi naru\u010dili model iz PDF kataloga ove serije, molimo vas, da nas kontaktirate na: <a href=\"mailto:zo_mi@ceramictiles.com\" onclick=\"recordOutboundLink(this, 'E-mail', 'Description mail');return false;\">zo_mi@ceramictiles.com<\/a> ili nas pozovite na: For exact offer, PLS send us quantity and product you need with delivery address..<\/p>\n<p>Technical description: <br \/> W 20&#215;60 <br \/>Mood Blanco ; Mood Marfil ; Mood Perla ; Mood Arena ; Mood Marengo ; Mood Marr\u00f3n ; Mood Negro ; Mood Rojo ; Mood Azul ; Mood Malva ; <br \/>Thickness  8.5 mm &#8211; 20&#215;60 cm.  <br \/> Thickness 9 mm \u2013 31.6&#215;31.6 cm.<\/p>\n","protected":false},"excerpt":{"rendered":"<p>plo\u010dica proizvo\u0111a\u010da Pamesa Ceramica iz \u0160panije. 9 mm debljine je dovoljno za zahtevnije kupce. Plo\u010dice ljubi\u010daste boje osvje\u017eit \u0107e svaki prostor. 3639,75 RSD je redovna prodajna cena keramike, tu pa samo 2911,8 RSD. Plo\u010dica na sliki je 20&#215;60 cm. Kliknite na ime serije za sve plo\u010dice u toj seriji: Pamesa Ceramica Mood Da bi naru\u010dili [&hellip;]<\/p>\n","protected":false},"featured_media":89687,"template":"","meta":[],"product_cat":[200,230,999107,999,250],"product_tag":[],"_links":{"self":[{"href":"https:\/\/www.keramika.com\/srbija\/wp-json\/wp\/v2\/product\/89686"}],"collection":[{"href":"https:\/\/www.keramika.com\/srbija\/wp-json\/wp\/v2\/product"}],"about":[{"href":"https:\/\/www.keramika.com\/srbija\/wp-json\/wp\/v2\/types\/product"}],"wp:featuredmedia":[{"embeddable":true,"href":"https:\/\/www.keramika.com\/srbija\/wp-json\/wp\/v2\/media\/89687"}],"wp:attachment":[{"href":"https:\/\/www.keramika.com\/srbija\/wp-json\/wp\/v2\/media?parent=89686"}],"wp:term":[{"taxonomy":"product_cat","embeddable":true,"href":"https:\/\/www.keramika.com\/srbija\/wp-json\/wp\/v2\/product_cat?post=89686"},{"taxonomy":"product_tag","embeddable":true,"href":"https:\/\/www.keramika.com\/srbija\/wp-json\/wp\/v2\/product_tag?post=89686"}],"curies":[{"name":"wp","href":"https:\/\/api.w.org\/{rel}","templated":true}]}}