{"id":89684,"date":"2017-07-01T19:26:40","date_gmt":"2017-07-01T19:26:40","guid":{"rendered":"http:\/\/www.ceramictiles.com\/srbija\/product\/zidne-plocice-pamesa-metropolitan-silver\/"},"modified":"2026-01-01T00:00:57","modified_gmt":"2026-01-01T00:00:57","slug":"zidne-plocice-pamesa-metropolitan-silver","status":"publish","type":"product","link":"https:\/\/www.keramika.com\/srbija\/zidne-plocice-pamesa-metropolitan-silver\/","title":{"rendered":"Zidne plo\u010dice Pamesa Metropolitan Silver"},"content":{"rendered":"<p>Ta kolekcija, model plo\u010dice, se prodaje najvi\u0161e srebrne boje. Debljina 9 mm \u010dini plo\u010dicu vrlo izdr\u017eljivom i prijatnom na dodir. plo\u010dica proizvo\u0111a\u010da Pamesa Ceramica iz \u0160panije. Veli\u010dina ove plo\u010dice je 20&#215;60 cm. Redovna cena, ovih plo\u010dica u maloprodaji je 2799,1 RSD. U na\u0161oj online trgovini, je mo\u017eete kupiti za 2239,05 RSD.<\/p>\n<p>Kliknite na ime serije za sve plo\u010dice u toj seriji: <a class=\"pdfcatal\" href=\"\/\/www.ceramictiles.com\/pdf\/pamesa\/catalogue_pamesa_wall_tiles.pdf\" onclick=\"recordOutboundLink(this, 'E-mail', 'Description PDF');return false;\">Pamesa Ceramica Metropolitan<\/a><\/p>\n<p>Da bi naru\u010dili model iz PDF kataloga ove serije, molimo vas, da nas kontaktirate na: <a href=\"mailto:zo_mi@ceramictiles.com\" onclick=\"recordOutboundLink(this, 'E-mail', 'Description mail');return false;\">zo_mi@ceramictiles.com<\/a> ili nas pozovite na: For exact offer, PLS send us quantity and product you need with delivery address..<\/p>\n<p>Technical description: <br \/> W 20&#215;60 <br \/>Metrop\u00f3litan N\u00e1car ; Metrop\u00f3litan \u00d3xido ; Metrop\u00f3litan Silver ;<\/p>\n","protected":false},"excerpt":{"rendered":"<p>Ta kolekcija, model plo\u010dice, se prodaje najvi\u0161e srebrne boje. Debljina 9 mm \u010dini plo\u010dicu vrlo izdr\u017eljivom i prijatnom na dodir. plo\u010dica proizvo\u0111a\u010da Pamesa Ceramica iz \u0160panije. Veli\u010dina ove plo\u010dice je 20&#215;60 cm. Redovna cena, ovih plo\u010dica u maloprodaji je 2799,1 RSD. U na\u0161oj online trgovini, je mo\u017eete kupiti za 2239,05 RSD. Kliknite na ime serije [&hellip;]<\/p>\n","protected":false},"featured_media":89685,"template":"","meta":[],"product_cat":[200,230,999107,999,250],"product_tag":[],"_links":{"self":[{"href":"https:\/\/www.keramika.com\/srbija\/wp-json\/wp\/v2\/product\/89684"}],"collection":[{"href":"https:\/\/www.keramika.com\/srbija\/wp-json\/wp\/v2\/product"}],"about":[{"href":"https:\/\/www.keramika.com\/srbija\/wp-json\/wp\/v2\/types\/product"}],"wp:featuredmedia":[{"embeddable":true,"href":"https:\/\/www.keramika.com\/srbija\/wp-json\/wp\/v2\/media\/89685"}],"wp:attachment":[{"href":"https:\/\/www.keramika.com\/srbija\/wp-json\/wp\/v2\/media?parent=89684"}],"wp:term":[{"taxonomy":"product_cat","embeddable":true,"href":"https:\/\/www.keramika.com\/srbija\/wp-json\/wp\/v2\/product_cat?post=89684"},{"taxonomy":"product_tag","embeddable":true,"href":"https:\/\/www.keramika.com\/srbija\/wp-json\/wp\/v2\/product_tag?post=89684"}],"curies":[{"name":"wp","href":"https:\/\/api.w.org\/{rel}","templated":true}]}}