{"id":89682,"date":"2017-07-01T19:26:23","date_gmt":"2017-07-01T19:26:23","guid":{"rendered":"http:\/\/www.ceramictiles.com\/srbija\/product\/plocice-za-kupatilo-pamesa-lido-gris\/"},"modified":"2026-01-01T00:00:57","modified_gmt":"2026-01-01T00:00:57","slug":"plocice-za-kupatilo-pamesa-lido-gris","status":"publish","type":"product","link":"https:\/\/www.keramika.com\/srbija\/plocice-za-kupatilo-pamesa-lido-gris\/","title":{"rendered":"Plo\u010dice za kupatilo Pamesa Lido Gris"},"content":{"rendered":"<p>Pamesa Lido Gris je dostupna po vrlo povoljnim cenama 1759,5 RSD. Debljina plo\u010dice, je vrlo va\u017ena 9 mm i ubraja tu plo\u010dicu me\u0111u najkvalitetnije. Pamesa Lido Gris dolazi iz \u0160panije, koja je poznata po vrlo visokoj kvaliteta keramike u svetu. Dimenzije ovih plo\u010dica su 31,6&#215;45 cm. U izboru plo\u010dica sive boje, ne mo\u017eete pogre\u0161iti.<\/p>\n<p>Kliknite na ime serije za sve plo\u010dice u toj seriji: <a class=\"pdfcatal\" href=\"\/\/www.ceramictiles.com\/pdf\/pamesa\/catalogue_pamesa_wall_tiles.pdf\" onclick=\"recordOutboundLink(this, 'E-mail', 'Description PDF');return false;\">Pamesa Ceramica Lido<\/a><\/p>\n<p>Da bi naru\u010dili model iz PDF kataloga ove serije, molimo vas, da nas kontaktirate na: <a href=\"mailto:zo_mi@ceramictiles.com\" onclick=\"recordOutboundLink(this, 'E-mail', 'Description mail');return false;\">zo_mi@ceramictiles.com<\/a> ili nas pozovite na: For exact offer, PLS send us quantity and product you need with delivery address..<\/p>\n<p>Technical description: <br \/> W 31,6&#215;45,2 <br \/>Lido Blanco ; Lido Relieve Blanco ; Lido Marfil ; Lido Relieve Marfil ; Lido Gris ; Lido Grafito ; Lido Marr\u00f3n ;<\/p>\n","protected":false},"excerpt":{"rendered":"<p>Pamesa Lido Gris je dostupna po vrlo povoljnim cenama 1759,5 RSD. Debljina plo\u010dice, je vrlo va\u017ena 9 mm i ubraja tu plo\u010dicu me\u0111u najkvalitetnije. Pamesa Lido Gris dolazi iz \u0160panije, koja je poznata po vrlo visokoj kvaliteta keramike u svetu. Dimenzije ovih plo\u010dica su 31,6&#215;45 cm. U izboru plo\u010dica sive boje, ne mo\u017eete pogre\u0161iti. Kliknite [&hellip;]<\/p>\n","protected":false},"featured_media":89683,"template":"","meta":[],"product_cat":[200,230,999107,999,250],"product_tag":[],"_links":{"self":[{"href":"https:\/\/www.keramika.com\/srbija\/wp-json\/wp\/v2\/product\/89682"}],"collection":[{"href":"https:\/\/www.keramika.com\/srbija\/wp-json\/wp\/v2\/product"}],"about":[{"href":"https:\/\/www.keramika.com\/srbija\/wp-json\/wp\/v2\/types\/product"}],"wp:featuredmedia":[{"embeddable":true,"href":"https:\/\/www.keramika.com\/srbija\/wp-json\/wp\/v2\/media\/89683"}],"wp:attachment":[{"href":"https:\/\/www.keramika.com\/srbija\/wp-json\/wp\/v2\/media?parent=89682"}],"wp:term":[{"taxonomy":"product_cat","embeddable":true,"href":"https:\/\/www.keramika.com\/srbija\/wp-json\/wp\/v2\/product_cat?post=89682"},{"taxonomy":"product_tag","embeddable":true,"href":"https:\/\/www.keramika.com\/srbija\/wp-json\/wp\/v2\/product_tag?post=89682"}],"curies":[{"name":"wp","href":"https:\/\/api.w.org\/{rel}","templated":true}]}}