{"id":89676,"date":"2017-07-01T19:24:09","date_gmt":"2017-07-01T19:24:09","guid":{"rendered":"http:\/\/www.ceramictiles.com\/srbija\/product\/plocice-za-kupatilo-pamesa-apulia-grafito\/"},"modified":"2026-01-01T00:00:56","modified_gmt":"2026-01-01T00:00:56","slug":"plocice-za-kupatilo-pamesa-apulia-grafito","status":"publish","type":"product","link":"https:\/\/www.keramika.com\/srbija\/plocice-za-kupatilo-pamesa-apulia-grafito\/","title":{"rendered":"Plo\u010dice za kupatilo Pamesa Apulia Grafito"},"content":{"rendered":"<p>9 mm debljine je dovoljno za zahtevnije kupce. Veli\u010dina ove plo\u010dice je 20&#215;45,2 cm. Plo\u010dice dolaze iz \u0160panije, koja je poznata po kvalitetnoj keramiki. Zbog ni\u017eih tro\u0161kova, online prodaje, Vi \u0107e te na na\u0161oj strani ove plo\u010de platiti samo 1853,8 RSD. Keramika je prekrasne crne boje. U koliko \u017eelite neku drugu boju, pozovite nas i mi \u0107emo proveriti kod proizvo\u0111a\u010da.<\/p>\n<p>Kliknite na ime serije za sve plo\u010dice u toj seriji: <a class=\"pdfcatal\" href=\"\/\/www.ceramictiles.com\/pdf\/pamesa\/catalogue_pamesa_wall_tiles.pdf\" onclick=\"recordOutboundLink(this, 'E-mail', 'Description PDF');return false;\">Pamesa Ceramica Apulia<\/a><\/p>\n<p>Da bi naru\u010dili model iz PDF kataloga ove serije, molimo vas, da nas kontaktirate na: <a href=\"mailto:zo_mi@ceramictiles.com\" onclick=\"recordOutboundLink(this, 'E-mail', 'Description mail');return false;\">zo_mi@ceramictiles.com<\/a> ili nas pozovite na: For exact offer, PLS send us quantity and product you need with delivery address..<\/p>\n<p>Technical description: <br \/> W 20&#215;45,2 <br \/>Apulia Marfil ; Apulia Relieve 2 Marfil ; Apulia Marr\u00f3n ; Apulia Relieve 2 Marr\u00f3n ; Apulia Grafito ; Apulia Relieve 2 Grafito ;<\/p>\n","protected":false},"excerpt":{"rendered":"<p>9 mm debljine je dovoljno za zahtevnije kupce. Veli\u010dina ove plo\u010dice je 20&#215;45,2 cm. Plo\u010dice dolaze iz \u0160panije, koja je poznata po kvalitetnoj keramiki. Zbog ni\u017eih tro\u0161kova, online prodaje, Vi \u0107e te na na\u0161oj strani ove plo\u010de platiti samo 1853,8 RSD. Keramika je prekrasne crne boje. U koliko \u017eelite neku drugu boju, pozovite nas i [&hellip;]<\/p>\n","protected":false},"featured_media":89677,"template":"","meta":[],"product_cat":[200,230,999107,999,250],"product_tag":[],"_links":{"self":[{"href":"https:\/\/www.keramika.com\/srbija\/wp-json\/wp\/v2\/product\/89676"}],"collection":[{"href":"https:\/\/www.keramika.com\/srbija\/wp-json\/wp\/v2\/product"}],"about":[{"href":"https:\/\/www.keramika.com\/srbija\/wp-json\/wp\/v2\/types\/product"}],"wp:featuredmedia":[{"embeddable":true,"href":"https:\/\/www.keramika.com\/srbija\/wp-json\/wp\/v2\/media\/89677"}],"wp:attachment":[{"href":"https:\/\/www.keramika.com\/srbija\/wp-json\/wp\/v2\/media?parent=89676"}],"wp:term":[{"taxonomy":"product_cat","embeddable":true,"href":"https:\/\/www.keramika.com\/srbija\/wp-json\/wp\/v2\/product_cat?post=89676"},{"taxonomy":"product_tag","embeddable":true,"href":"https:\/\/www.keramika.com\/srbija\/wp-json\/wp\/v2\/product_tag?post=89676"}],"curies":[{"name":"wp","href":"https:\/\/api.w.org\/{rel}","templated":true}]}}