{"id":89672,"date":"2017-08-01T19:23:37","date_gmt":"2017-08-01T19:23:37","guid":{"rendered":"http:\/\/www.ceramictiles.com\/srbija\/product\/zidne-plocice-pamesa-spezia-negro\/"},"modified":"2026-01-01T00:00:56","modified_gmt":"2026-01-01T00:00:56","slug":"mainzu-plocice-20x20-florentin","status":"publish","type":"product","link":"https:\/\/www.keramika.com\/srbija\/mainzu-plocice-20x20-florentin\/","title":{"rendered":"Mainzu plo\u010dice 20&#215;20 Florentine"},"content":{"rendered":"<p>Zbog ni\u017eih tro\u0161kova, online prodaje, Vi \u0107e te na na\u0161oj strani ove plo\u010de platiti samo 5392,5 RSD. Plo\u010dica 20&#215;20 cm je dobra za ve\u0107 razli\u010ditih namena. 9 mm debljine je dovoljno za zahtevnije kupce. plo\u010dica proizvo\u0111a\u010da Mainzu plo\u010dice Ceramica iz \u0160panije. Plo\u010dice crne boje osvje\u017eit \u0107e svaki prostor.<\/p>\n<p>Kliknite na ime serije za sve plo\u010dice u toj seriji: <a class=\"pdfcatal\" href=\"\/\/www.ceramictiles.com\/pdf\/catalogue_mainzu.pdf\" onclick=\"recordOutboundLink(this, 'E-mail', 'Description PDF');return false;\">Mainzu Florentine<\/a><\/p>\n<p>Da bi naru\u010dili model iz PDF kataloga ove serije, molimo vas, da nas kontaktirate na: <a href=\"mailto:zo_mi@ceramictiles.com\" onclick=\"recordOutboundLink(this, 'E-mail', 'Description mail');return false;\">zo_mi@ceramictiles.com<\/a> ili nas pozovite na: For exact offer, PLS send us quantity and product you need with delivery address..<br \/>\nEsquina Florentine White 20X20 (M\u00b7280) 8\u201dX8\u201d<br \/>\nCenefa Florentine White 20X20 (M\u00b7280) 8\u201dX8\u201d<br \/>\nCentro Florentine White 20X20 (M\u00b7280) 8\u201dX8\u201d<br \/>\nEsquina Florentine Black 20X20 (M\u00b7280) 8\u201dX8\u201d<br \/>\nCenefa Florentine Black 20X20 (M\u00b7280) 8\u201dX8\u201d<br \/>\nCentro Florentine Black 20X20 (M\u00b7280) 8\u201dX8\u201d<br \/>\n1 m2 &#8211; 25 PC \/ kutija<br \/>\n16 kg \/ kutija<\/p>\n","protected":false},"excerpt":{"rendered":"<p>Kuhinjske podne i zidne plo\u010dice<\/p>\n","protected":false},"featured_media":99366,"template":"","meta":[],"product_cat":[200,230,9991370,240,260,999,250],"product_tag":[99950098,99950099,99950097],"_links":{"self":[{"href":"https:\/\/www.keramika.com\/srbija\/wp-json\/wp\/v2\/product\/89672"}],"collection":[{"href":"https:\/\/www.keramika.com\/srbija\/wp-json\/wp\/v2\/product"}],"about":[{"href":"https:\/\/www.keramika.com\/srbija\/wp-json\/wp\/v2\/types\/product"}],"wp:featuredmedia":[{"embeddable":true,"href":"https:\/\/www.keramika.com\/srbija\/wp-json\/wp\/v2\/media\/99366"}],"wp:attachment":[{"href":"https:\/\/www.keramika.com\/srbija\/wp-json\/wp\/v2\/media?parent=89672"}],"wp:term":[{"taxonomy":"product_cat","embeddable":true,"href":"https:\/\/www.keramika.com\/srbija\/wp-json\/wp\/v2\/product_cat?post=89672"},{"taxonomy":"product_tag","embeddable":true,"href":"https:\/\/www.keramika.com\/srbija\/wp-json\/wp\/v2\/product_tag?post=89672"}],"curies":[{"name":"wp","href":"https:\/\/api.w.org\/{rel}","templated":true}]}}