{"id":89670,"date":"2017-07-01T19:23:22","date_gmt":"2017-07-01T19:23:22","guid":{"rendered":"http:\/\/www.ceramictiles.com\/srbija\/product\/plocice-za-kupatilo-pamesa-sintra-blanco\/"},"modified":"2026-01-01T00:00:55","modified_gmt":"2026-01-01T00:00:55","slug":"plocice-za-kupatilo-pamesa-sintra-blanco","status":"publish","type":"product","link":"https:\/\/www.keramika.com\/srbija\/plocice-za-kupatilo-pamesa-sintra-blanco\/","title":{"rendered":"Plo\u010dice za kupatilo Pamesa Sintra Blanco"},"content":{"rendered":"<p>Pamesa Sintra Blanco dolazi iz \u0160panije, koja je poznata po vrlo visokoj kvaliteta keramike u svetu. 9 mm debljina \u0107e zadovoljiti i najzahtevnije kupce. Plo\u010dica na sliki je 25&#215;50 cm. Zbog ni\u017eih tro\u0161kova, online prodaje, Vi \u0107e te na na\u0161oj strani ove plo\u010de platiti samo 3008,4 RSD. Ove bele kerami\u010dke plo\u010dice, obogatit \u0107e svaki prostor.<\/p>\n<p>Kliknite na ime serije za sve plo\u010dice u toj seriji: <a class=\"pdfcatal\" href=\"\/\/www.ceramictiles.com\/pdf\/catalogue_pamesa.pdf\" onclick=\"recordOutboundLink(this, 'E-mail', 'Description PDF');return false;\">Pamesa Ceramica Sintra<\/a><\/p>\n<p>Da bi naru\u010dili model iz PDF kataloga ove serije, molimo vas, da nas kontaktirate na: <a href=\"mailto:zo_mi@ceramictiles.com\" onclick=\"recordOutboundLink(this, 'E-mail', 'Description mail');return false;\">zo_mi@ceramictiles.com<\/a> ili nas pozovite na: For exact offer, PLS send us quantity and product you need with delivery address..<\/p>\n<p>Technical description: <br \/> W &#038; F 25&#215;50 ; 25&#215;75 ; 45&#215;45 <br \/>Sintra Blanco ;<\/p>\n","protected":false},"excerpt":{"rendered":"<p>Pamesa Sintra Blanco dolazi iz \u0160panije, koja je poznata po vrlo visokoj kvaliteta keramike u svetu. 9 mm debljina \u0107e zadovoljiti i najzahtevnije kupce. Plo\u010dica na sliki je 25&#215;50 cm. Zbog ni\u017eih tro\u0161kova, online prodaje, Vi \u0107e te na na\u0161oj strani ove plo\u010de platiti samo 3008,4 RSD. Ove bele kerami\u010dke plo\u010dice, obogatit \u0107e svaki prostor. [&hellip;]<\/p>\n","protected":false},"featured_media":89671,"template":"","meta":[],"product_cat":[200,999107,240,260,999],"product_tag":[],"_links":{"self":[{"href":"https:\/\/www.keramika.com\/srbija\/wp-json\/wp\/v2\/product\/89670"}],"collection":[{"href":"https:\/\/www.keramika.com\/srbija\/wp-json\/wp\/v2\/product"}],"about":[{"href":"https:\/\/www.keramika.com\/srbija\/wp-json\/wp\/v2\/types\/product"}],"wp:featuredmedia":[{"embeddable":true,"href":"https:\/\/www.keramika.com\/srbija\/wp-json\/wp\/v2\/media\/89671"}],"wp:attachment":[{"href":"https:\/\/www.keramika.com\/srbija\/wp-json\/wp\/v2\/media?parent=89670"}],"wp:term":[{"taxonomy":"product_cat","embeddable":true,"href":"https:\/\/www.keramika.com\/srbija\/wp-json\/wp\/v2\/product_cat?post=89670"},{"taxonomy":"product_tag","embeddable":true,"href":"https:\/\/www.keramika.com\/srbija\/wp-json\/wp\/v2\/product_tag?post=89670"}],"curies":[{"name":"wp","href":"https:\/\/api.w.org\/{rel}","templated":true}]}}