{"id":89666,"date":"2017-07-01T19:22:49","date_gmt":"2017-07-01T19:22:49","guid":{"rendered":"http:\/\/www.ceramictiles.com\/srbija\/product\/plocice-za-kupatilo-pamesa-aosta\/"},"modified":"2026-01-01T00:00:55","modified_gmt":"2026-01-01T00:00:55","slug":"plocice-za-kupatilo-pamesa-aosta","status":"publish","type":"product","link":"https:\/\/www.keramika.com\/srbija\/plocice-za-kupatilo-pamesa-aosta\/","title":{"rendered":"Plo\u010dice za kupatilo Pamesa Aosta"},"content":{"rendered":"<p>Debljina plo\u010dice, je vrlo va\u017ena 9 mm i ubraja tu plo\u010dicu me\u0111u najkvalitetnije. Plo\u010dice bele boje, su letos izuzetno tre\u017eene. \u0160irina i du\u017eina plo\u010dice su 25&#215;50 cm. 3760,5 RSD je redovna prodajna cena keramike, tu pa samo 3008,4 RSD. plo\u010dica proizvo\u0111a\u010da Pamesa Ceramica iz \u0160panije.<\/p>\n<p>Kliknite na ime serije za sve plo\u010dice u toj seriji: <a class=\"pdfcatal\" href=\"\/\/www.ceramictiles.com\/pdf\/catalogue_pamesa.pdf\" onclick=\"recordOutboundLink(this, 'E-mail', 'Description PDF');return false;\">Pamesa Ceramica Aosta<\/a><\/p>\n<p>Da bi naru\u010dili model iz PDF kataloga ove serije, molimo vas, da nas kontaktirate na: <a href=\"mailto:zo_mi@ceramictiles.com\" onclick=\"recordOutboundLink(this, 'E-mail', 'Description mail');return false;\">zo_mi@ceramictiles.com<\/a> ili nas pozovite na: For exact offer, PLS send us quantity and product you need with delivery address..<\/p>\n<p>Technical description: <br \/> W &#038; F 25&#215;50 ; 45&#215;45 <br \/>Aosta ; Aosta Egeo ; Aosta Medas ;<\/p>\n","protected":false},"excerpt":{"rendered":"<p>Debljina plo\u010dice, je vrlo va\u017ena 9 mm i ubraja tu plo\u010dicu me\u0111u najkvalitetnije. Plo\u010dice bele boje, su letos izuzetno tre\u017eene. \u0160irina i du\u017eina plo\u010dice su 25&#215;50 cm. 3760,5 RSD je redovna prodajna cena keramike, tu pa samo 3008,4 RSD. plo\u010dica proizvo\u0111a\u010da Pamesa Ceramica iz \u0160panije. Kliknite na ime serije za sve plo\u010dice u toj seriji: [&hellip;]<\/p>\n","protected":false},"featured_media":89667,"template":"","meta":[],"product_cat":[200,999107,240,260,999],"product_tag":[],"_links":{"self":[{"href":"https:\/\/www.keramika.com\/srbija\/wp-json\/wp\/v2\/product\/89666"}],"collection":[{"href":"https:\/\/www.keramika.com\/srbija\/wp-json\/wp\/v2\/product"}],"about":[{"href":"https:\/\/www.keramika.com\/srbija\/wp-json\/wp\/v2\/types\/product"}],"wp:featuredmedia":[{"embeddable":true,"href":"https:\/\/www.keramika.com\/srbija\/wp-json\/wp\/v2\/media\/89667"}],"wp:attachment":[{"href":"https:\/\/www.keramika.com\/srbija\/wp-json\/wp\/v2\/media?parent=89666"}],"wp:term":[{"taxonomy":"product_cat","embeddable":true,"href":"https:\/\/www.keramika.com\/srbija\/wp-json\/wp\/v2\/product_cat?post=89666"},{"taxonomy":"product_tag","embeddable":true,"href":"https:\/\/www.keramika.com\/srbija\/wp-json\/wp\/v2\/product_tag?post=89666"}],"curies":[{"name":"wp","href":"https:\/\/api.w.org\/{rel}","templated":true}]}}