{"id":89662,"date":"2017-07-01T19:22:16","date_gmt":"2017-07-01T19:22:16","guid":{"rendered":"http:\/\/www.ceramictiles.com\/srbija\/product\/plocice-za-kupatilo-pamesa-eris-marfil\/"},"modified":"2026-01-01T00:00:54","modified_gmt":"2026-01-01T00:00:54","slug":"plocice-za-kupatilo-pamesa-eris-marfil","status":"publish","type":"product","link":"https:\/\/www.keramika.com\/srbija\/plocice-za-kupatilo-pamesa-eris-marfil\/","title":{"rendered":"Plo\u010dice za kupatilo Pamesa Eris Marfil"},"content":{"rendered":"<p>Proizvodnja \u0160panije ,koja je poznata u svetu, kao jedana od najboljih proizvo\u0111a\u010da kerami\u010dkih plo\u010dica. Plo\u010dice be\u017e boje osvje\u017eit \u0107e svaki prostor. Plo\u010dica je debela 9 mm, \u0161to je ubraja u tvrde plo\u010dice. Plo\u010dica 25&#215;75 cm je dobra za ve\u0107 razli\u010ditih namena. 4480,4 RSD je redovna prodajna cena keramike, tu pa samo 3584,55 RSD.<\/p>\n<p>Kliknite na ime serije za sve plo\u010dice u toj seriji: <a class=\"pdfcatal\" href=\"\/\/www.ceramictiles.com\/pdf\/catalogue_pamesa.pdf\" onclick=\"recordOutboundLink(this, 'E-mail', 'Description PDF');return false;\">Pamesa Ceramica Eris<\/a><\/p>\n<p>Da bi naru\u010dili model iz PDF kataloga ove serije, molimo vas, da nas kontaktirate na: <a href=\"mailto:zo_mi@ceramictiles.com\" onclick=\"recordOutboundLink(this, 'E-mail', 'Description mail');return false;\">zo_mi@ceramictiles.com<\/a> ili nas pozovite na: For exact offer, PLS send us quantity and product you need with delivery address..<\/p>\n<p>Technical description: <br \/> W &#038; F 25&#215;50 ; 25&#215;75 ; 45&#215;45 <br \/>Eris Marfil ; Eris Crema ; Eris Noce ;<\/p>\n","protected":false},"excerpt":{"rendered":"<p>Proizvodnja \u0160panije ,koja je poznata u svetu, kao jedana od najboljih proizvo\u0111a\u010da kerami\u010dkih plo\u010dica. Plo\u010dice be\u017e boje osvje\u017eit \u0107e svaki prostor. Plo\u010dica je debela 9 mm, \u0161to je ubraja u tvrde plo\u010dice. Plo\u010dica 25&#215;75 cm je dobra za ve\u0107 razli\u010ditih namena. 4480,4 RSD je redovna prodajna cena keramike, tu pa samo 3584,55 RSD. Kliknite na [&hellip;]<\/p>\n","protected":false},"featured_media":89663,"template":"","meta":[],"product_cat":[200,999107,240,260,999],"product_tag":[],"_links":{"self":[{"href":"https:\/\/www.keramika.com\/srbija\/wp-json\/wp\/v2\/product\/89662"}],"collection":[{"href":"https:\/\/www.keramika.com\/srbija\/wp-json\/wp\/v2\/product"}],"about":[{"href":"https:\/\/www.keramika.com\/srbija\/wp-json\/wp\/v2\/types\/product"}],"wp:featuredmedia":[{"embeddable":true,"href":"https:\/\/www.keramika.com\/srbija\/wp-json\/wp\/v2\/media\/89663"}],"wp:attachment":[{"href":"https:\/\/www.keramika.com\/srbija\/wp-json\/wp\/v2\/media?parent=89662"}],"wp:term":[{"taxonomy":"product_cat","embeddable":true,"href":"https:\/\/www.keramika.com\/srbija\/wp-json\/wp\/v2\/product_cat?post=89662"},{"taxonomy":"product_tag","embeddable":true,"href":"https:\/\/www.keramika.com\/srbija\/wp-json\/wp\/v2\/product_tag?post=89662"}],"curies":[{"name":"wp","href":"https:\/\/api.w.org\/{rel}","templated":true}]}}