{"id":89658,"date":"2017-07-01T19:21:41","date_gmt":"2017-07-01T19:21:41","guid":{"rendered":"http:\/\/www.ceramictiles.com\/srbija\/product\/plocice-za-kupatilo-pamesa-capua-cobre\/"},"modified":"2026-01-01T00:00:54","modified_gmt":"2026-01-01T00:00:54","slug":"plocice-za-kupatilo-pamesa-capua-cobre","status":"publish","type":"product","link":"https:\/\/www.keramika.com\/srbija\/plocice-za-kupatilo-pamesa-capua-cobre\/","title":{"rendered":"Plo\u010dice za kupatilo Pamesa Capua Cobre"},"content":{"rendered":"<p>3760,5 RSD je redovna prodajna cena keramike, tu pa samo 3008,4 RSD. Plo\u010dice braon boje, su letos izuzetno tre\u017eene. Plo\u010dica je debela 9 mm, \u0161to je ubraja u tvrde plo\u010dice. Dimenzije ovih plo\u010dica su 25&#215;50 cm. plo\u010dica proizvo\u0111a\u010da Pamesa Ceramica iz \u0160panije.<\/p>\n<p>Kliknite na ime serije za sve plo\u010dice u toj seriji: <a class=\"pdfcatal\" href=\"\/\/www.ceramictiles.com\/pdf\/catalogue_pamesa.pdf\" onclick=\"recordOutboundLink(this, 'E-mail', 'Description PDF');return false;\">Pamesa Ceramica Capua<\/a><\/p>\n<p>Da bi naru\u010dili model iz PDF kataloga ove serije, molimo vas, da nas kontaktirate na: <a href=\"mailto:zo_mi@ceramictiles.com\" onclick=\"recordOutboundLink(this, 'E-mail', 'Description mail');return false;\">zo_mi@ceramictiles.com<\/a> ili nas pozovite na: For exact offer, PLS send us quantity and product you need with delivery address..<\/p>\n<p>Technical description: <br \/> W 25&#215;50 <br \/>Capua Blanco ; Capua Marfil ; Capua Cobre ; Capua Plata ; Capua Bronce ; Capua Multi Siena ; Capua Multi Acqua ; Capua Multi Perla ; Capua Multi Miel ;<\/p>\n","protected":false},"excerpt":{"rendered":"<p>3760,5 RSD je redovna prodajna cena keramike, tu pa samo 3008,4 RSD. Plo\u010dice braon boje, su letos izuzetno tre\u017eene. Plo\u010dica je debela 9 mm, \u0161to je ubraja u tvrde plo\u010dice. Dimenzije ovih plo\u010dica su 25&#215;50 cm. plo\u010dica proizvo\u0111a\u010da Pamesa Ceramica iz \u0160panije. Kliknite na ime serije za sve plo\u010dice u toj seriji: Pamesa Ceramica Capua [&hellip;]<\/p>\n","protected":false},"featured_media":89659,"template":"","meta":[],"product_cat":[200,999107,240,260,999],"product_tag":[],"_links":{"self":[{"href":"https:\/\/www.keramika.com\/srbija\/wp-json\/wp\/v2\/product\/89658"}],"collection":[{"href":"https:\/\/www.keramika.com\/srbija\/wp-json\/wp\/v2\/product"}],"about":[{"href":"https:\/\/www.keramika.com\/srbija\/wp-json\/wp\/v2\/types\/product"}],"wp:featuredmedia":[{"embeddable":true,"href":"https:\/\/www.keramika.com\/srbija\/wp-json\/wp\/v2\/media\/89659"}],"wp:attachment":[{"href":"https:\/\/www.keramika.com\/srbija\/wp-json\/wp\/v2\/media?parent=89658"}],"wp:term":[{"taxonomy":"product_cat","embeddable":true,"href":"https:\/\/www.keramika.com\/srbija\/wp-json\/wp\/v2\/product_cat?post=89658"},{"taxonomy":"product_tag","embeddable":true,"href":"https:\/\/www.keramika.com\/srbija\/wp-json\/wp\/v2\/product_tag?post=89658"}],"curies":[{"name":"wp","href":"https:\/\/api.w.org\/{rel}","templated":true}]}}