{"id":89644,"date":"2017-07-01T19:19:38","date_gmt":"2017-07-01T19:19:38","guid":{"rendered":"http:\/\/www.ceramictiles.com\/srbija\/product\/podne-i-zidne-plocice-pamesa-lerma-coto\/"},"modified":"2026-01-01T00:00:52","modified_gmt":"2026-01-01T00:00:52","slug":"podne-i-zidne-plocice-pamesa-lerma-coto","status":"publish","type":"product","link":"https:\/\/www.keramika.com\/srbija\/podne-i-zidne-plocice-pamesa-lerma-coto\/","title":{"rendered":"Podne i zidne plo\u010dice Pamesa Lerma Coto"},"content":{"rendered":"<p>Veli\u010dina plo\u010dice je 20&#215;60 cm i odli\u010dna je za razli\u010dite povr\u0161ine. Ove plo\u010dice dolaze od proizvo\u0111a\u010da Pamesa Ceramica, iz \u0160panije. Plo\u010dice braon boje, su letos izuzetno tre\u017eene. Pamesa Lerma Coto je dostupna po vrlo povoljnim cenama 2239,05 RSD. Ova plo\u010dica je debela 9 mm i zato je izuzetno izdr\u017eljiva.<\/p>\n<p>Kliknite na ime serije za sve plo\u010dice u toj seriji: <a class=\"pdfcatal\" href=\"\/\/www.ceramictiles.com\/pdf\/pamesa\/catalogue_pamesa_floor_tile.pdf\" onclick=\"recordOutboundLink(this, 'E-mail', 'Description PDF');return false;\">Pamesa Ceramica Lerma<\/a><\/p>\n<p>Da bi naru\u010dili model iz PDF kataloga ove serije, molimo vas, da nas kontaktirate na: <a href=\"mailto:zo_mi@ceramictiles.com\" onclick=\"recordOutboundLink(this, 'E-mail', 'Description mail');return false;\">zo_mi@ceramictiles.com<\/a> ili nas pozovite na: For exact offer, PLS send us quantity and product you need with delivery address..<\/p>\n<p>Technical description: <br \/> W &#038; F 20&#215;60 ; 20&#215;40 <br \/>Lerma Arena ; Lerma Coto ; Malla Lerma Mix ;<\/p>\n","protected":false},"excerpt":{"rendered":"<p>Veli\u010dina plo\u010dice je 20&#215;60 cm i odli\u010dna je za razli\u010dite povr\u0161ine. Ove plo\u010dice dolaze od proizvo\u0111a\u010da Pamesa Ceramica, iz \u0160panije. Plo\u010dice braon boje, su letos izuzetno tre\u017eene. Pamesa Lerma Coto je dostupna po vrlo povoljnim cenama 2239,05 RSD. Ova plo\u010dica je debela 9 mm i zato je izuzetno izdr\u017eljiva. Kliknite na ime serije za sve [&hellip;]<\/p>\n","protected":false},"featured_media":89645,"template":"","meta":[],"product_cat":[200,230,999107,240,999],"product_tag":[],"_links":{"self":[{"href":"https:\/\/www.keramika.com\/srbija\/wp-json\/wp\/v2\/product\/89644"}],"collection":[{"href":"https:\/\/www.keramika.com\/srbija\/wp-json\/wp\/v2\/product"}],"about":[{"href":"https:\/\/www.keramika.com\/srbija\/wp-json\/wp\/v2\/types\/product"}],"wp:featuredmedia":[{"embeddable":true,"href":"https:\/\/www.keramika.com\/srbija\/wp-json\/wp\/v2\/media\/89645"}],"wp:attachment":[{"href":"https:\/\/www.keramika.com\/srbija\/wp-json\/wp\/v2\/media?parent=89644"}],"wp:term":[{"taxonomy":"product_cat","embeddable":true,"href":"https:\/\/www.keramika.com\/srbija\/wp-json\/wp\/v2\/product_cat?post=89644"},{"taxonomy":"product_tag","embeddable":true,"href":"https:\/\/www.keramika.com\/srbija\/wp-json\/wp\/v2\/product_tag?post=89644"}],"curies":[{"name":"wp","href":"https:\/\/api.w.org\/{rel}","templated":true}]}}