{"id":89642,"date":"2017-07-01T19:19:21","date_gmt":"2017-07-01T19:19:21","guid":{"rendered":"http:\/\/www.ceramictiles.com\/srbija\/product\/plocice-za-dnevnu-sobu-pamesa-garbi-crema\/"},"modified":"2026-01-01T00:00:52","modified_gmt":"2026-01-01T00:00:52","slug":"plocice-za-dnevnu-sobu-pamesa-garbi-crema","status":"publish","type":"product","link":"https:\/\/www.keramika.com\/srbija\/plocice-za-dnevnu-sobu-pamesa-garbi-crema\/","title":{"rendered":"Plo\u010dice za dnevnu sobu Pamesa Garbi Crema"},"content":{"rendered":"<p>Proizvodnja \u0160panije ,koja je poznata u svetu, kao jedana od najboljih proizvo\u0111a\u010da kerami\u010dkih plo\u010dica. Redovna cena, ovih plo\u010dica u maloprodaji je 2799,1 RSD. U na\u0161oj online trgovini, je mo\u017eete kupiti za 2239,05 RSD. \u0160irina i du\u017eina plo\u010dice su 60&#215;60 cm. Izuzetno moderne plo\u010dice be\u017e boje, osve\u017eit \u0107e svaki prostor. 9 mm debljina \u0107e zadovoljiti i najzahtevnije kupce.<\/p>\n<p>Kliknite na ime serije za sve plo\u010dice u toj seriji: <a class=\"pdfcatal\" href=\"\/\/www.ceramictiles.com\/pdf\/pamesa\/catalogue_pamesa_floor_tile.pdf\" onclick=\"recordOutboundLink(this, 'E-mail', 'Description PDF');return false;\">Pamesa Ceramica Garbi<\/a><\/p>\n<p>Da bi naru\u010dili model iz PDF kataloga ove serije, molimo vas, da nas kontaktirate na: <a href=\"mailto:zo_mi@ceramictiles.com\" onclick=\"recordOutboundLink(this, 'E-mail', 'Description mail');return false;\">zo_mi@ceramictiles.com<\/a> ili nas pozovite na: For exact offer, PLS send us quantity and product you need with delivery address..<\/p>\n<p>Technical description: <br \/> F 60&#215;60 <br \/>Garbi Crema ; Garbi Marr\u00f3n ;<\/p>\n","protected":false},"excerpt":{"rendered":"<p>Proizvodnja \u0160panije ,koja je poznata u svetu, kao jedana od najboljih proizvo\u0111a\u010da kerami\u010dkih plo\u010dica. Redovna cena, ovih plo\u010dica u maloprodaji je 2799,1 RSD. U na\u0161oj online trgovini, je mo\u017eete kupiti za 2239,05 RSD. \u0160irina i du\u017eina plo\u010dice su 60&#215;60 cm. Izuzetno moderne plo\u010dice be\u017e boje, osve\u017eit \u0107e svaki prostor. 9 mm debljina \u0107e zadovoljiti i [&hellip;]<\/p>\n","protected":false},"featured_media":89643,"template":"","meta":[],"product_cat":[200,230,999107,240,999],"product_tag":[99950097],"_links":{"self":[{"href":"https:\/\/www.keramika.com\/srbija\/wp-json\/wp\/v2\/product\/89642"}],"collection":[{"href":"https:\/\/www.keramika.com\/srbija\/wp-json\/wp\/v2\/product"}],"about":[{"href":"https:\/\/www.keramika.com\/srbija\/wp-json\/wp\/v2\/types\/product"}],"wp:featuredmedia":[{"embeddable":true,"href":"https:\/\/www.keramika.com\/srbija\/wp-json\/wp\/v2\/media\/89643"}],"wp:attachment":[{"href":"https:\/\/www.keramika.com\/srbija\/wp-json\/wp\/v2\/media?parent=89642"}],"wp:term":[{"taxonomy":"product_cat","embeddable":true,"href":"https:\/\/www.keramika.com\/srbija\/wp-json\/wp\/v2\/product_cat?post=89642"},{"taxonomy":"product_tag","embeddable":true,"href":"https:\/\/www.keramika.com\/srbija\/wp-json\/wp\/v2\/product_tag?post=89642"}],"curies":[{"name":"wp","href":"https:\/\/api.w.org\/{rel}","templated":true}]}}