{"id":89632,"date":"2017-07-01T19:17:22","date_gmt":"2017-07-01T19:17:22","guid":{"rendered":"http:\/\/www.ceramictiles.com\/srbija\/product\/podne-plocice-pamesa-alcora-arena\/"},"modified":"2026-01-01T00:00:50","modified_gmt":"2026-01-01T00:00:50","slug":"podne-plocice-pamesa-alcora-arena","status":"publish","type":"product","link":"https:\/\/www.keramika.com\/srbija\/podne-plocice-pamesa-alcora-arena\/","title":{"rendered":"Podne plo\u010dice Pamesa Alcora Arena"},"content":{"rendered":"<p>9 mm debljina \u0107e zadovoljiti i najzahtevnije kupce. Veli\u010dina ove plo\u010dice je 31,6&#215;31,6 cm. Plo\u010dice braon boje, su letos izuzetno tre\u017eene. Redovna cena, ovih plo\u010dica u maloprodaji je 1910,15 RSD. U na\u0161oj online trgovini, je mo\u017eete kupiti za 1528,35 RSD. Pamesa Alcora Arena je proizvod iz \u0160panije te je izuzetno kvalitetna.<\/p>\n<p>Kliknite na ime serije za sve plo\u010dice u toj seriji: <a class=\"pdfcatal\" href=\"\/\/www.ceramictiles.com\/pdf\/pamesa\/catalogue_pamesa_floor_tile.pdf\" onclick=\"recordOutboundLink(this, 'E-mail', 'Description PDF');return false;\">Pamesa Ceramica Alcora<\/a><\/p>\n<p>Da bi naru\u010dili model iz PDF kataloga ove serije, molimo vas, da nas kontaktirate na: <a href=\"mailto:zo_mi@ceramictiles.com\" onclick=\"recordOutboundLink(this, 'E-mail', 'Description mail');return false;\">zo_mi@ceramictiles.com<\/a> ili nas pozovite na: For exact offer, PLS send us quantity and product you need with delivery address..<\/p>\n<p>Technical description: <br \/> F 31,6&#215;31,6 <br \/>Alcora Arena ; Alcora Adz Arena ; Alcora R\u00fastico ; Alcora Adz R\u00fastico ;<\/p>\n","protected":false},"excerpt":{"rendered":"<p>9 mm debljina \u0107e zadovoljiti i najzahtevnije kupce. Veli\u010dina ove plo\u010dice je 31,6&#215;31,6 cm. Plo\u010dice braon boje, su letos izuzetno tre\u017eene. Redovna cena, ovih plo\u010dica u maloprodaji je 1910,15 RSD. U na\u0161oj online trgovini, je mo\u017eete kupiti za 1528,35 RSD. Pamesa Alcora Arena je proizvod iz \u0160panije te je izuzetno kvalitetna. Kliknite na ime serije [&hellip;]<\/p>\n","protected":false},"featured_media":89633,"template":"","meta":[],"product_cat":[200,230,999107,240,999],"product_tag":[],"_links":{"self":[{"href":"https:\/\/www.keramika.com\/srbija\/wp-json\/wp\/v2\/product\/89632"}],"collection":[{"href":"https:\/\/www.keramika.com\/srbija\/wp-json\/wp\/v2\/product"}],"about":[{"href":"https:\/\/www.keramika.com\/srbija\/wp-json\/wp\/v2\/types\/product"}],"wp:featuredmedia":[{"embeddable":true,"href":"https:\/\/www.keramika.com\/srbija\/wp-json\/wp\/v2\/media\/89633"}],"wp:attachment":[{"href":"https:\/\/www.keramika.com\/srbija\/wp-json\/wp\/v2\/media?parent=89632"}],"wp:term":[{"taxonomy":"product_cat","embeddable":true,"href":"https:\/\/www.keramika.com\/srbija\/wp-json\/wp\/v2\/product_cat?post=89632"},{"taxonomy":"product_tag","embeddable":true,"href":"https:\/\/www.keramika.com\/srbija\/wp-json\/wp\/v2\/product_tag?post=89632"}],"curies":[{"name":"wp","href":"https:\/\/api.w.org\/{rel}","templated":true}]}}