{"id":89628,"date":"2017-07-01T19:16:47","date_gmt":"2017-07-01T19:16:47","guid":{"rendered":"http:\/\/www.ceramictiles.com\/srbija\/product\/podne-i-zidne-plocice-pamesa-ikom-blanco\/"},"modified":"2026-01-01T00:00:50","modified_gmt":"2026-01-01T00:00:50","slug":"podne-i-zidne-plocice-pamesa-ikom-blanco","status":"publish","type":"product","link":"https:\/\/www.keramika.com\/srbija\/podne-i-zidne-plocice-pamesa-ikom-blanco\/","title":{"rendered":"Podne i zidne plo\u010dice Pamesa Ikom Blanco"},"content":{"rendered":"<p>5202,6 RSD je redovna prodajna cena keramike, tu pa samo 4163 RSD. Izuzetno moderne plo\u010dice bele boje, osve\u017eit \u0107e svaki prostor. Plo\u010dice dolaze iz \u0160panije, koja je poznata po kvalitetnoj keramiki. Dimenzije ovih plo\u010dica su 60&#215;60 cm. Debljina plo\u010dice, je vrlo va\u017ena 9 mm i ubraja tu plo\u010dicu me\u0111u najkvalitetnije.<\/p>\n<p>Kliknite na ime serije za sve plo\u010dice u toj seriji: <a class=\"pdfcatal\" href=\"\/\/www.ceramictiles.com\/pdf\/pamesa\/catalogue_pamesa_compactto_pedra.pdf\" onclick=\"recordOutboundLink(this, 'E-mail', 'Description PDF');return false;\">Pamesa Ceramica Ikom<\/a><\/p>\n<p>Da bi naru\u010dili model iz PDF kataloga ove serije, molimo vas, da nas kontaktirate na: <a href=\"mailto:zo_mi@ceramictiles.com\" onclick=\"recordOutboundLink(this, 'E-mail', 'Description mail');return false;\">zo_mi@ceramictiles.com<\/a> ili nas pozovite na: For exact offer, PLS send us quantity and product you need with delivery address..<\/p>\n<p>Technical description: <br \/> W &#038; F 60&#215;60 ; 50&#215;100 ; 30,3&#215;61,3 ; 30&#215;60 ; 30&#215;30 <br \/>Ikom Blanco ; Ikom Negro ; Ikom Noce ; Ikom Bamb\u00fa ; Ikom Gris ; Ikom Metal ; Ikom Tendence Blanco ; Ikom Tendence Noce ; Ikom Tendence Negro ; Ikom Adz Blanco ; Ikom Adz Gris ; Ikom Adz Negro ;<\/p>\n","protected":false},"excerpt":{"rendered":"<p>5202,6 RSD je redovna prodajna cena keramike, tu pa samo 4163 RSD. Izuzetno moderne plo\u010dice bele boje, osve\u017eit \u0107e svaki prostor. Plo\u010dice dolaze iz \u0160panije, koja je poznata po kvalitetnoj keramiki. Dimenzije ovih plo\u010dica su 60&#215;60 cm. Debljina plo\u010dice, je vrlo va\u017ena 9 mm i ubraja tu plo\u010dicu me\u0111u najkvalitetnije. Kliknite na ime serije za [&hellip;]<\/p>\n","protected":false},"featured_media":89629,"template":"","meta":[],"product_cat":[200,999107,240,999,270],"product_tag":[],"_links":{"self":[{"href":"https:\/\/www.keramika.com\/srbija\/wp-json\/wp\/v2\/product\/89628"}],"collection":[{"href":"https:\/\/www.keramika.com\/srbija\/wp-json\/wp\/v2\/product"}],"about":[{"href":"https:\/\/www.keramika.com\/srbija\/wp-json\/wp\/v2\/types\/product"}],"wp:featuredmedia":[{"embeddable":true,"href":"https:\/\/www.keramika.com\/srbija\/wp-json\/wp\/v2\/media\/89629"}],"wp:attachment":[{"href":"https:\/\/www.keramika.com\/srbija\/wp-json\/wp\/v2\/media?parent=89628"}],"wp:term":[{"taxonomy":"product_cat","embeddable":true,"href":"https:\/\/www.keramika.com\/srbija\/wp-json\/wp\/v2\/product_cat?post=89628"},{"taxonomy":"product_tag","embeddable":true,"href":"https:\/\/www.keramika.com\/srbija\/wp-json\/wp\/v2\/product_tag?post=89628"}],"curies":[{"name":"wp","href":"https:\/\/api.w.org\/{rel}","templated":true}]}}