{"id":89608,"date":"2017-07-01T19:13:20","date_gmt":"2017-07-01T19:13:20","guid":{"rendered":"http:\/\/www.ceramictiles.com\/srbija\/product\/projekt-plocice-pamesa-anden-cruce-escalera-guia\/"},"modified":"2026-01-01T00:00:48","modified_gmt":"2026-01-01T00:00:48","slug":"projekt-plocice-pamesa-anden-cruce-escalera-guia","status":"publish","type":"product","link":"https:\/\/www.keramika.com\/srbija\/projekt-plocice-pamesa-anden-cruce-escalera-guia\/","title":{"rendered":"Projekt plo\u010dice Pamesa Anden &#8211; Cruce &#8211; Escalera &#8211; Guia"},"content":{"rendered":"<p>Veli\u010dina 40&#215;40 cm je odli\u010dna za sve podloge. Pamesa Anden &#8211; Cruce &#8211; Escalera &#8211; Guia dolazi iz \u0160panije, koja je poznata po vrlo visokoj kvaliteta keramike u svetu. Ova plo\u010dica je debela 14 mm i zato je izuzetno izdr\u017eljiva. Plo\u010dice narand\u017easte boje, su letos izuzetno tre\u017eene. Umesto 19379,8 RSD \u0161to je redovna maloprodajna cena keramike, u na\u0161oj online prodavnici, je mo\u017eete dobiti za samo 15504,3 RSD.<\/p>\n<p>Kliknite na ime serije za sve plo\u010dice u toj seriji: <a class=\"pdfcatal\" href=\"\/\/www.ceramictiles.com\/pdf\/pamesa\/catalogue_pamesa_compactto.pdf\" onclick=\"recordOutboundLink(this, 'E-mail', 'Description PDF');return false;\">Pamesa Ceramica Movilidad Urbana<\/a><\/p>\n<p>Da bi naru\u010dili model iz PDF kataloga ove serije, molimo vas, da nas kontaktirate na: <a href=\"mailto:zo_mi@ceramictiles.com\" onclick=\"recordOutboundLink(this, 'E-mail', 'Description mail');return false;\">zo_mi@ceramictiles.com<\/a> ili nas pozovite na: For exact offer, PLS send us quantity and product you need with delivery address..<\/p>\n<p>Technical description: <br \/> F 40&#215;40 <br \/>And\u00e9n Amarillo ; Cruce Amarillo ; Escalera Amarillo ; Gu\u00eda Naranja ;<\/p>\n","protected":false},"excerpt":{"rendered":"<p>Veli\u010dina 40&#215;40 cm je odli\u010dna za sve podloge. Pamesa Anden &#8211; Cruce &#8211; Escalera &#8211; Guia dolazi iz \u0160panije, koja je poznata po vrlo visokoj kvaliteta keramike u svetu. Ova plo\u010dica je debela 14 mm i zato je izuzetno izdr\u017eljiva. Plo\u010dice narand\u017easte boje, su letos izuzetno tre\u017eene. Umesto 19379,8 RSD \u0161to je redovna maloprodajna cena [&hellip;]<\/p>\n","protected":false},"featured_media":89609,"template":"","meta":[],"product_cat":[200,999107,240,999,270],"product_tag":[],"_links":{"self":[{"href":"https:\/\/www.keramika.com\/srbija\/wp-json\/wp\/v2\/product\/89608"}],"collection":[{"href":"https:\/\/www.keramika.com\/srbija\/wp-json\/wp\/v2\/product"}],"about":[{"href":"https:\/\/www.keramika.com\/srbija\/wp-json\/wp\/v2\/types\/product"}],"wp:featuredmedia":[{"embeddable":true,"href":"https:\/\/www.keramika.com\/srbija\/wp-json\/wp\/v2\/media\/89609"}],"wp:attachment":[{"href":"https:\/\/www.keramika.com\/srbija\/wp-json\/wp\/v2\/media?parent=89608"}],"wp:term":[{"taxonomy":"product_cat","embeddable":true,"href":"https:\/\/www.keramika.com\/srbija\/wp-json\/wp\/v2\/product_cat?post=89608"},{"taxonomy":"product_tag","embeddable":true,"href":"https:\/\/www.keramika.com\/srbija\/wp-json\/wp\/v2\/product_tag?post=89608"}],"curies":[{"name":"wp","href":"https:\/\/api.w.org\/{rel}","templated":true}]}}