{"id":89606,"date":"2017-07-01T19:13:01","date_gmt":"2017-07-01T19:13:01","guid":{"rendered":"http:\/\/www.ceramictiles.com\/srbija\/product\/podne-porcelanske-plocice-pamesa-tweed-siena\/"},"modified":"2026-01-01T00:00:47","modified_gmt":"2026-01-01T00:00:47","slug":"podne-porcelanske-plocice-pamesa-tweed-siena","status":"publish","type":"product","link":"https:\/\/www.keramika.com\/srbija\/podne-porcelanske-plocice-pamesa-tweed-siena\/","title":{"rendered":"Podne porcelanske plo\u010dice Pamesa Tweed Siena"},"content":{"rendered":"<p>Izuzetno moderne plo\u010dice be\u017e boje, osve\u017eit \u0107e svaki prostor. U maloprodaji bi morali za tu plo\u010dicu platiti 3161,35 RSD, online cena je samo 2528,85 RSD. \u0160irina i du\u017eina plo\u010dice su 30&#215;30 cm. Pamesa Tweed Siena dolazi iz \u0160panije, koja je poznata po vrlo visokoj kvaliteta keramike u svetu. 9 mm debljine je dovoljno za zahtevnije kupce.<\/p>\n<p>Kliknite na ime serije za sve plo\u010dice u toj seriji: <a class=\"pdfcatal\" href=\"\/\/www.ceramictiles.com\/pdf\/pamesa\/catalogue_pamesa_compacglass.pdf\" onclick=\"recordOutboundLink(this, 'E-mail', 'Description PDF');return false;\">Pamesa Ceramica Tweed<\/a><\/p>\n<p>Da bi naru\u010dili model iz PDF kataloga ove serije, molimo vas, da nas kontaktirate na: <a href=\"mailto:zo_mi@ceramictiles.com\" onclick=\"recordOutboundLink(this, 'E-mail', 'Description mail');return false;\">zo_mi@ceramictiles.com<\/a> ili nas pozovite na: For exact offer, PLS send us quantity and product you need with delivery address..<\/p>\n<p>Technical description: <br \/> F 30&#215;30 <br \/>Tweed Blanco ; Tweed Marfil ; Tweed Siena ; Tweed \u00c1mbar ; Tweed Noce ; Tweed Musgo ; Tweed Malva ; Tweed Turquesa ;<\/p>\n","protected":false},"excerpt":{"rendered":"<p>Izuzetno moderne plo\u010dice be\u017e boje, osve\u017eit \u0107e svaki prostor. U maloprodaji bi morali za tu plo\u010dicu platiti 3161,35 RSD, online cena je samo 2528,85 RSD. \u0160irina i du\u017eina plo\u010dice su 30&#215;30 cm. Pamesa Tweed Siena dolazi iz \u0160panije, koja je poznata po vrlo visokoj kvaliteta keramike u svetu. 9 mm debljine je dovoljno za zahtevnije [&hellip;]<\/p>\n","protected":false},"featured_media":89607,"template":"","meta":[],"product_cat":[200,999107,240,999,290],"product_tag":[],"_links":{"self":[{"href":"https:\/\/www.keramika.com\/srbija\/wp-json\/wp\/v2\/product\/89606"}],"collection":[{"href":"https:\/\/www.keramika.com\/srbija\/wp-json\/wp\/v2\/product"}],"about":[{"href":"https:\/\/www.keramika.com\/srbija\/wp-json\/wp\/v2\/types\/product"}],"wp:featuredmedia":[{"embeddable":true,"href":"https:\/\/www.keramika.com\/srbija\/wp-json\/wp\/v2\/media\/89607"}],"wp:attachment":[{"href":"https:\/\/www.keramika.com\/srbija\/wp-json\/wp\/v2\/media?parent=89606"}],"wp:term":[{"taxonomy":"product_cat","embeddable":true,"href":"https:\/\/www.keramika.com\/srbija\/wp-json\/wp\/v2\/product_cat?post=89606"},{"taxonomy":"product_tag","embeddable":true,"href":"https:\/\/www.keramika.com\/srbija\/wp-json\/wp\/v2\/product_tag?post=89606"}],"curies":[{"name":"wp","href":"https:\/\/api.w.org\/{rel}","templated":true}]}}