{"id":89594,"date":"2017-07-01T19:11:17","date_gmt":"2017-07-01T19:11:17","guid":{"rendered":"http:\/\/www.ceramictiles.com\/srbija\/product\/zidne-plocice-pamesa-fachada-liberty-verde\/"},"modified":"2026-01-01T00:00:46","modified_gmt":"2026-01-01T00:00:46","slug":"zidne-plocice-pamesa-fachada-liberty-verde","status":"publish","type":"product","link":"https:\/\/www.keramika.com\/srbija\/zidne-plocice-pamesa-fachada-liberty-verde\/","title":{"rendered":"Zidne plo\u010dice Pamesa Fachada Liberty Verde"},"content":{"rendered":"<p>Online cena je samo 9352,95 RSD, dok redovna, maloprodajna cena 11690,9 RSD. Debljina plo\u010dice, je vrlo va\u017ena 9 mm i ubraja tu plo\u010dicu me\u0111u najkvalitetnije. Dimenzije ovih plo\u010dica su 50&#215;100 cm. Ove narand\u017easte kerami\u010dke plo\u010dice, obogatit \u0107e svaki prostor. Plo\u010dice dolaze iz \u0160panije, koja je poznata po kvalitetnoj keramiki.<\/p>\n<p>Kliknite na ime serije za sve plo\u010dice u toj seriji: <a class=\"pdfcatal\" href=\"\/\/www.ceramictiles.com\/pdf\/pamesa\/catalogue_pamesa_compacglass.pdf\" onclick=\"recordOutboundLink(this, 'E-mail', 'Description PDF');return false;\">Pamesa Ceramica Liberty<\/a><\/p>\n<p>Da bi naru\u010dili model iz PDF kataloga ove serije, molimo vas, da nas kontaktirate na: <a href=\"mailto:zo_mi@ceramictiles.com\" onclick=\"recordOutboundLink(this, 'E-mail', 'Description mail');return false;\">zo_mi@ceramictiles.com<\/a> ili nas pozovite na: For exact offer, PLS send us quantity and product you need with delivery address..<\/p>\n<p>Technical description: <br \/> W 50&#215;100 <br \/>Liberty Blanco ; Liberty Verde ; Liberty Azul ; Liberty Amarillo ; Liberty Naranja ; Liberty Rojo ;<\/p>\n","protected":false},"excerpt":{"rendered":"<p>Online cena je samo 9352,95 RSD, dok redovna, maloprodajna cena 11690,9 RSD. Debljina plo\u010dice, je vrlo va\u017ena 9 mm i ubraja tu plo\u010dicu me\u0111u najkvalitetnije. Dimenzije ovih plo\u010dica su 50&#215;100 cm. Ove narand\u017easte kerami\u010dke plo\u010dice, obogatit \u0107e svaki prostor. Plo\u010dice dolaze iz \u0160panije, koja je poznata po kvalitetnoj keramiki. Kliknite na ime serije za sve [&hellip;]<\/p>\n","protected":false},"featured_media":89595,"template":"","meta":[],"product_cat":[200,280,999107,999,270],"product_tag":[],"_links":{"self":[{"href":"https:\/\/www.keramika.com\/srbija\/wp-json\/wp\/v2\/product\/89594"}],"collection":[{"href":"https:\/\/www.keramika.com\/srbija\/wp-json\/wp\/v2\/product"}],"about":[{"href":"https:\/\/www.keramika.com\/srbija\/wp-json\/wp\/v2\/types\/product"}],"wp:featuredmedia":[{"embeddable":true,"href":"https:\/\/www.keramika.com\/srbija\/wp-json\/wp\/v2\/media\/89595"}],"wp:attachment":[{"href":"https:\/\/www.keramika.com\/srbija\/wp-json\/wp\/v2\/media?parent=89594"}],"wp:term":[{"taxonomy":"product_cat","embeddable":true,"href":"https:\/\/www.keramika.com\/srbija\/wp-json\/wp\/v2\/product_cat?post=89594"},{"taxonomy":"product_tag","embeddable":true,"href":"https:\/\/www.keramika.com\/srbija\/wp-json\/wp\/v2\/product_tag?post=89594"}],"curies":[{"name":"wp","href":"https:\/\/api.w.org\/{rel}","templated":true}]}}