{"id":89584,"date":"2017-09-10T19:09:38","date_gmt":"2017-09-10T19:09:38","guid":{"rendered":"http:\/\/www.ceramictiles.com\/srbija\/product\/podne-i-zidne-plocice-pamesa-agatha-amarillo\/"},"modified":"2026-01-01T00:00:44","modified_gmt":"2026-01-01T00:00:44","slug":"podne-i-zidne-plocice-pamesa-agatha-amarillo","status":"publish","type":"product","link":"https:\/\/www.keramika.com\/srbija\/podne-i-zidne-plocice-pamesa-agatha-amarillo\/","title":{"rendered":"Podne i zidne plo\u010dice Pamesa Agatha Amarillo"},"content":{"rendered":"<p>7 mm debljina \u0107e zadovoljiti i najzahtevnije kupce. Plo\u010dice dolaze iz \u0160panije, koja je poznata po kvalitetnoj keramiki. Redovna cena, ovih plo\u010dica u maloprodaji je 2680,65 RSD. U na\u0161oj online trgovini, je mo\u017eete kupiti za 2143,6 RSD. Veli\u010dina 20&#215;20 cm je odli\u010dna za sve podloge. Ta kolekcija, model plo\u010dice, se prodaje najvi\u0161e narand\u017easte boje.<\/p>\n<p>Kliknite na ime serije za sve plo\u010dice u toj seriji: <a class=\"pdfcatal\" href=\"\/\/www.ceramictiles.com\/pdf\/catalogue_pamesa_agatha.pdf\">Pamesa Ceramica Agatha<\/a><\/p>\n<p>Technical description:<\/p>\n<p><strong>Pamesa Cer\u00e1mica Agatha 30&#215;60 :<\/strong>Malla Agatha Trencad\u00eds Blanco ; Malla Agatha Trencad\u00eds Multicolor ;<br \/>\n<strong><span style=\"color: #ff6600;\">Pamesa Cer\u00e1mica Agatha 25&#215;50 :<\/span><\/strong>Agatha Blanco ; Agatha Pistacho ; Agatha Turquesa ; Agatha Amarillo ; Agatha Naranja ; Agatha Carm\u00edn ; Agatha Party Lunares ; Agatha Lunares Pistacho ; Agatha Lunares Turquesa ; Agatha Lunares Amarillo ; Agatha Lunares Naranja ; Agatha Lunares Carm\u00edn ;<br \/>\n<strong><span style=\"color: #ff6600;\">Pamesa Cer\u00e1mica Agatha 25&#215;40 :<\/span><\/strong>Agatha Puzle Blanco ; Agatha Puzle Pistacho ; Agatha Puzle Turquesa ; Agatha Puzle Amarillo ; Agatha Puzle Naranja ; Agatha Puzle Carm\u00edn ; Dec. Agatha Alegria ; Dec. Agatha Circus ; Dec. Agatha Joie ;<br \/>\n<strong><span style=\"color: #ff6600;\">Pamesa Cer\u00e1mica Agatha 20&#215;20 :<\/span><\/strong>Agatha Blanco ; Agatha Pistacho ; Agatha Turquesa ; Agatha Marino ; Agatha Amarillo ; Agatha Naranja ; Agatha Carm\u00edn ; Agatha Rayas Relieve Blanco ; Agatha Rayas Relieve Pistacho ; Agatha Rayas Relieve Turquesa ; Agatha Cuatro Relieve Blanco ; Agatha Cuatro Relieve Pistacho ;<br \/>\n<strong><span style=\"color: #ff6600;\">Pamesa Cer\u00e1mica Agatha 31.6&#215;31.6 :<\/span><\/strong>Arcoiris Blanco ; Arcoiris Pistacho ; Arcoiris Turquesa ; Arcoiris Carm\u00edn ; Arcoiris Amarillo ; Arcoiris Naranja ; Malla Colores ;&#8220;<\/p>\n","protected":false},"excerpt":{"rendered":"<p>3D kerami\u010dke plo\u010dice<\/p>\n","protected":false},"featured_media":89585,"template":"","meta":[],"product_cat":[200,220,999107,999,250],"product_tag":[99950088],"_links":{"self":[{"href":"https:\/\/www.keramika.com\/srbija\/wp-json\/wp\/v2\/product\/89584"}],"collection":[{"href":"https:\/\/www.keramika.com\/srbija\/wp-json\/wp\/v2\/product"}],"about":[{"href":"https:\/\/www.keramika.com\/srbija\/wp-json\/wp\/v2\/types\/product"}],"wp:featuredmedia":[{"embeddable":true,"href":"https:\/\/www.keramika.com\/srbija\/wp-json\/wp\/v2\/media\/89585"}],"wp:attachment":[{"href":"https:\/\/www.keramika.com\/srbija\/wp-json\/wp\/v2\/media?parent=89584"}],"wp:term":[{"taxonomy":"product_cat","embeddable":true,"href":"https:\/\/www.keramika.com\/srbija\/wp-json\/wp\/v2\/product_cat?post=89584"},{"taxonomy":"product_tag","embeddable":true,"href":"https:\/\/www.keramika.com\/srbija\/wp-json\/wp\/v2\/product_tag?post=89584"}],"curies":[{"name":"wp","href":"https:\/\/api.w.org\/{rel}","templated":true}]}}