{"id":89582,"date":"2017-07-01T19:09:20","date_gmt":"2017-07-01T19:09:20","guid":{"rendered":"http:\/\/www.ceramictiles.com\/srbija\/product\/podne-i-zidne-plocice-pamesa-agatha-tiles\/"},"modified":"2026-01-01T00:00:44","modified_gmt":"2026-01-01T00:00:44","slug":"podne-i-zidne-plocice-pamesa-agatha-tiles","status":"publish","type":"product","link":"https:\/\/www.keramika.com\/srbija\/podne-i-zidne-plocice-pamesa-agatha-tiles\/","title":{"rendered":"Podne i zidne plo\u010dice Pamesa Agatha tiles"},"content":{"rendered":"<p>Izuzetno moderne plo\u010dice bele boje, osve\u017eit \u0107e svaki prostor. plo\u010dica proizvo\u0111a\u010da Pamesa Ceramica iz \u0160panije. Veli\u010dina ove plo\u010dice je 30&#215;60 cm. Pamesa Agatha tiles je dostupna po vrlo povoljnim cenama 12428,05 RSD. 8 mm debljine je dovoljno za zahtevnije kupce.<\/p>\n<p>Kliknite na ime serije za sve plo\u010dice u toj seriji: <a class=\"pdfcatal\" href=\"\/\/www.ceramictiles.com\/pdf\/pamesa\/catalogue_pamesa_agatha.pdf\" onclick=\"recordOutboundLink(this, 'E-mail', 'Description PDF');return false;\">Pamesa Ceramica Agatha<\/a><\/p>\n<p>Da bi naru\u010dili model iz PDF kataloga ove serije, molimo vas, da nas kontaktirate na: <a href=\"mailto:zo_mi@ceramictiles.com\" onclick=\"recordOutboundLink(this, 'E-mail', 'Description mail');return false;\">zo_mi@ceramictiles.com<\/a> ili nas pozovite na: For exact offer, PLS send us quantity and product you need with delivery address..<\/p>\n<p>Technical description: <\/p>\n<p><strong><span style=color: #ff6600;\">Pamesa Cer\u00e1mica Agatha 30&#215;60 :<\/span><\/strong>Malla Agatha Trencad\u00eds Blanco ; Malla Agatha Trencad\u00eds Multicolor ;<br \/><strong><span style=\"color: #ff6600;\">Pamesa Cer\u00e1mica Agatha 25&#215;50 :<\/span><\/strong>Agatha Blanco ; Agatha Pistacho ; Agatha Turquesa ; Agatha Amarillo ; Agatha Naranja ; Agatha Carm\u00edn ; Agatha Party Lunares ; Agatha Lunares Pistacho ; Agatha Lunares Turquesa ; Agatha Lunares Amarillo ; Agatha Lunares Naranja ; Agatha Lunares Carm\u00edn ;<br \/><strong><span style=\"color: #ff6600;\">Pamesa Cer\u00e1mica Agatha 25&#215;40 :<\/span><\/strong>Agatha Puzle Blanco ; Agatha Puzle Pistacho ; Agatha Puzle Turquesa ; Agatha Puzle Amarillo ; Agatha Puzle Naranja ; Agatha Puzle Carm\u00edn ; Dec. Agatha Alegria ; Dec. Agatha Circus ; Dec. Agatha Joie ;<br \/><strong><span style=\"color: #ff6600;\">Pamesa Cer\u00e1mica Agatha 20&#215;20 :<\/span><\/strong>Agatha Blanco ; Agatha Pistacho ; Agatha Turquesa ; Agatha Marino ; Agatha Amarillo ; Agatha Naranja ; Agatha Carm\u00edn ; Agatha Rayas Relieve Blanco ; Agatha Rayas Relieve Pistacho ; Agatha Rayas Relieve Turquesa ; Agatha Cuatro Relieve Blanco ; Agatha Cuatro Relieve Pistacho ;<br \/><strong><span style=\"color: #ff6600;\">Pamesa Cer\u00e1mica Agatha 31.6&#215;31.6 :<\/span><\/strong>Arcoiris Blanco ; Arcoiris Pistacho ; Arcoiris Turquesa ; Arcoiris Carm\u00edn ; Arcoiris Amarillo ; Arcoiris Naranja ; Malla Colores ;&#8220;<\/p>\n","protected":false},"excerpt":{"rendered":"<p>Izuzetno moderne plo\u010dice bele boje, osve\u017eit \u0107e svaki prostor. plo\u010dica proizvo\u0111a\u010da Pamesa Ceramica iz \u0160panije. Veli\u010dina ove plo\u010dice je 30&#215;60 cm. Pamesa Agatha tiles je dostupna po vrlo povoljnim cenama 12428,05 RSD. 8 mm debljine je dovoljno za zahtevnije kupce. Kliknite na ime serije za sve plo\u010dice u toj seriji: Pamesa Ceramica Agatha Da bi [&hellip;]<\/p>\n","protected":false},"featured_media":89583,"template":"","meta":[],"product_cat":[200,220,999107,999,250],"product_tag":[],"_links":{"self":[{"href":"https:\/\/www.keramika.com\/srbija\/wp-json\/wp\/v2\/product\/89582"}],"collection":[{"href":"https:\/\/www.keramika.com\/srbija\/wp-json\/wp\/v2\/product"}],"about":[{"href":"https:\/\/www.keramika.com\/srbija\/wp-json\/wp\/v2\/types\/product"}],"wp:featuredmedia":[{"embeddable":true,"href":"https:\/\/www.keramika.com\/srbija\/wp-json\/wp\/v2\/media\/89583"}],"wp:attachment":[{"href":"https:\/\/www.keramika.com\/srbija\/wp-json\/wp\/v2\/media?parent=89582"}],"wp:term":[{"taxonomy":"product_cat","embeddable":true,"href":"https:\/\/www.keramika.com\/srbija\/wp-json\/wp\/v2\/product_cat?post=89582"},{"taxonomy":"product_tag","embeddable":true,"href":"https:\/\/www.keramika.com\/srbija\/wp-json\/wp\/v2\/product_tag?post=89582"}],"curies":[{"name":"wp","href":"https:\/\/api.w.org\/{rel}","templated":true}]}}