{"id":89578,"date":"2017-07-01T19:08:45","date_gmt":"2017-07-01T19:08:45","guid":{"rendered":"http:\/\/www.ceramictiles.com\/srbija\/product\/keope-wave-deep-brown\/"},"modified":"2026-01-01T00:00:44","modified_gmt":"2026-01-01T00:00:44","slug":"keope-wave-deep-brown","status":"publish","type":"product","link":"https:\/\/www.keramika.com\/srbija\/keope-wave-deep-brown\/","title":{"rendered":"Keope Wave Deep Brown"},"content":{"rendered":"<p>Zbog ni\u017eih tro\u0161kova, online prodaje, Vi \u0107e te na na\u0161oj strani ove plo\u010de platiti samo 7406 RSD. Dimenzije ovih plo\u010dica su 60&#215;60 cm. plo\u010dica proizvo\u0111a\u010da Keope iz Italije. Izuzetno moderne plo\u010dice braon boje, osve\u017eit \u0107e svaki prostor. Plo\u010dica je debela 10 mm, \u0161to je ubraja u tvrde plo\u010dice.<\/p>\n<p>Kliknite na ime serije za sve plo\u010dice u toj seriji: <a class=\"pdfcatal\" href=\"\/\/www.ceramictiles.com\/pdf\/keope\/catalogue_ceramichekeope_wave.pdf\" onclick=\"recordOutboundLink(this, 'E-mail', 'Description PDF');return false;\">Keope Wave<\/a><\/p>\n<p>Da bi naru\u010dili model iz PDF kataloga ove serije, molimo vas, da nas kontaktirate na: <a href=\"mailto:zo_mi@ceramictiles.com\" onclick=\"recordOutboundLink(this, 'E-mail', 'Description mail');return false;\">zo_mi@ceramictiles.com<\/a> ili nas pozovite na: For exact offer, PLS send us quantity and product you need with delivery address..<\/p>\n<p>Technical description: Ceramiche Keope Wave<\/p>\n","protected":false},"excerpt":{"rendered":"<p>Zbog ni\u017eih tro\u0161kova, online prodaje, Vi \u0107e te na na\u0161oj strani ove plo\u010de platiti samo 7406 RSD. Dimenzije ovih plo\u010dica su 60&#215;60 cm. plo\u010dica proizvo\u0111a\u010da Keope iz Italije. Izuzetno moderne plo\u010dice braon boje, osve\u017eit \u0107e svaki prostor. Plo\u010dica je debela 10 mm, \u0161to je ubraja u tvrde plo\u010dice. Kliknite na ime serije za sve plo\u010dice [&hellip;]<\/p>\n","protected":false},"featured_media":89579,"template":"","meta":[],"product_cat":[999580,200,240,260,999],"product_tag":[],"_links":{"self":[{"href":"https:\/\/www.keramika.com\/srbija\/wp-json\/wp\/v2\/product\/89578"}],"collection":[{"href":"https:\/\/www.keramika.com\/srbija\/wp-json\/wp\/v2\/product"}],"about":[{"href":"https:\/\/www.keramika.com\/srbija\/wp-json\/wp\/v2\/types\/product"}],"wp:featuredmedia":[{"embeddable":true,"href":"https:\/\/www.keramika.com\/srbija\/wp-json\/wp\/v2\/media\/89579"}],"wp:attachment":[{"href":"https:\/\/www.keramika.com\/srbija\/wp-json\/wp\/v2\/media?parent=89578"}],"wp:term":[{"taxonomy":"product_cat","embeddable":true,"href":"https:\/\/www.keramika.com\/srbija\/wp-json\/wp\/v2\/product_cat?post=89578"},{"taxonomy":"product_tag","embeddable":true,"href":"https:\/\/www.keramika.com\/srbija\/wp-json\/wp\/v2\/product_tag?post=89578"}],"curies":[{"name":"wp","href":"https:\/\/api.w.org\/{rel}","templated":true}]}}