{"id":89572,"date":"2017-07-01T19:07:56","date_gmt":"2017-07-01T19:07:56","guid":{"rendered":"http:\/\/www.ceramictiles.com\/srbija\/product\/keope-terrafuoco-roseus\/"},"modified":"2026-01-01T00:00:43","modified_gmt":"2026-01-01T00:00:43","slug":"keope-terrafuoco-roseus","status":"publish","type":"product","link":"https:\/\/www.keramika.com\/srbija\/keope-terrafuoco-roseus\/","title":{"rendered":"Keope Terra&#038;Fuoco Roseus"},"content":{"rendered":"<p>Plo\u010dica na sliki je 16.3&#215;33 cm. Plo\u010dica je debela 14 mm, \u0161to je ubraja u tvrde plo\u010dice. Ove plo\u010dice dolaze od proizvo\u0111a\u010da Keope, iz Italije. Umesto 7417.5 RSD \u0161to je redovna maloprodajna cena keramike, u na\u0161oj online prodavnici, je mo\u017eete dobiti za samo 5934 RSD. Ove crvene kerami\u010dke plo\u010dice, obogatit \u0107e svaki prostor.<\/p>\n<p>Kliknite na ime serije za sve plo\u010dice u toj seriji: <a class=\"pdfcatal\" href=\"\/\/www.ceramictiles.com\/pdf\/keope\/catalogue_ceramichekeope_terra_fuoco.pdf\" onclick=\"recordOutboundLink(this, 'E-mail', 'Description PDF');return false;\">Keope Terra&#038;Fuoco<\/a><\/p>\n<p>Da bi naru\u010dili model iz PDF kataloga ove serije, molimo vas, da nas kontaktirate na: <a href=\"mailto:zo_mi@ceramictiles.com\" onclick=\"recordOutboundLink(this, 'E-mail', 'Description mail');return false;\">zo_mi@ceramictiles.com<\/a> ili nas pozovite na: For exact offer, PLS send us quantity and product you need with delivery address..<\/p>\n<p>Technical description: Ceramiche Keope Terra&#038;Fuoco<\/p>\n","protected":false},"excerpt":{"rendered":"<p>Plo\u010dica na sliki je 16.3&#215;33 cm. Plo\u010dica je debela 14 mm, \u0161to je ubraja u tvrde plo\u010dice. Ove plo\u010dice dolaze od proizvo\u0111a\u010da Keope, iz Italije. Umesto 7417.5 RSD \u0161to je redovna maloprodajna cena keramike, u na\u0161oj online prodavnici, je mo\u017eete dobiti za samo 5934 RSD. Ove crvene kerami\u010dke plo\u010dice, obogatit \u0107e svaki prostor. Kliknite na [&hellip;]<\/p>\n","protected":false},"featured_media":89573,"template":"","meta":[],"product_cat":[999580,200,240,260,999],"product_tag":[],"_links":{"self":[{"href":"https:\/\/www.keramika.com\/srbija\/wp-json\/wp\/v2\/product\/89572"}],"collection":[{"href":"https:\/\/www.keramika.com\/srbija\/wp-json\/wp\/v2\/product"}],"about":[{"href":"https:\/\/www.keramika.com\/srbija\/wp-json\/wp\/v2\/types\/product"}],"wp:featuredmedia":[{"embeddable":true,"href":"https:\/\/www.keramika.com\/srbija\/wp-json\/wp\/v2\/media\/89573"}],"wp:attachment":[{"href":"https:\/\/www.keramika.com\/srbija\/wp-json\/wp\/v2\/media?parent=89572"}],"wp:term":[{"taxonomy":"product_cat","embeddable":true,"href":"https:\/\/www.keramika.com\/srbija\/wp-json\/wp\/v2\/product_cat?post=89572"},{"taxonomy":"product_tag","embeddable":true,"href":"https:\/\/www.keramika.com\/srbija\/wp-json\/wp\/v2\/product_tag?post=89572"}],"curies":[{"name":"wp","href":"https:\/\/api.w.org\/{rel}","templated":true}]}}