{"id":89562,"date":"2017-07-01T19:06:41","date_gmt":"2017-07-01T19:06:41","guid":{"rendered":"http:\/\/www.ceramictiles.com\/srbija\/product\/keope-pietredikeope-naxos\/"},"modified":"2026-01-01T00:00:42","modified_gmt":"2026-01-01T00:00:42","slug":"keope-pietredikeope-naxos","status":"publish","type":"product","link":"https:\/\/www.keramika.com\/srbija\/keope-pietredikeope-naxos\/","title":{"rendered":"Keope Pietredikeope Naxos"},"content":{"rendered":"<p>Ove plo\u010dice dolaze od proizvo\u0111a\u010da Keope, iz Italije. Ova plo\u010dica je debela 10 mm i zato je izuzetno izdr\u017eljiva. U maloprodaji bi morali za tu plo\u010dicu platiti 4053.75 RSD, online cena je samo 3243 RSD. Veli\u010dina ove plo\u010dice je 30&#215;30 cm. Ove bele kerami\u010dke plo\u010dice, obogatit \u0107e svaki prostor.<\/p>\n<p>Kliknite na ime serije za sve plo\u010dice u toj seriji: <a class=\"pdfcatal\" href=\"\/\/www.ceramictiles.com\/pdf\/keope\/catalogue_ceramichekeope_pietredikeope.pdf\" onclick=\"recordOutboundLink(this, 'E-mail', 'Description PDF');return false;\">Keope Pietredikeope<\/a><\/p>\n<p>Da bi naru\u010dili model iz PDF kataloga ove serije, molimo vas, da nas kontaktirate na: <a href=\"mailto:zo_mi@ceramictiles.com\" onclick=\"recordOutboundLink(this, 'E-mail', 'Description mail');return false;\">zo_mi@ceramictiles.com<\/a> ili nas pozovite na: For exact offer, PLS send us quantity and product you need with delivery address..<\/p>\n<p>Technical description: Ceramiche Keope Pietredikeope<\/p>\n","protected":false},"excerpt":{"rendered":"<p>Ove plo\u010dice dolaze od proizvo\u0111a\u010da Keope, iz Italije. Ova plo\u010dica je debela 10 mm i zato je izuzetno izdr\u017eljiva. U maloprodaji bi morali za tu plo\u010dicu platiti 4053.75 RSD, online cena je samo 3243 RSD. Veli\u010dina ove plo\u010dice je 30&#215;30 cm. Ove bele kerami\u010dke plo\u010dice, obogatit \u0107e svaki prostor. Kliknite na ime serije za sve [&hellip;]<\/p>\n","protected":false},"featured_media":89563,"template":"","meta":[],"product_cat":[999580,200,240,260,999],"product_tag":[],"_links":{"self":[{"href":"https:\/\/www.keramika.com\/srbija\/wp-json\/wp\/v2\/product\/89562"}],"collection":[{"href":"https:\/\/www.keramika.com\/srbija\/wp-json\/wp\/v2\/product"}],"about":[{"href":"https:\/\/www.keramika.com\/srbija\/wp-json\/wp\/v2\/types\/product"}],"wp:featuredmedia":[{"embeddable":true,"href":"https:\/\/www.keramika.com\/srbija\/wp-json\/wp\/v2\/media\/89563"}],"wp:attachment":[{"href":"https:\/\/www.keramika.com\/srbija\/wp-json\/wp\/v2\/media?parent=89562"}],"wp:term":[{"taxonomy":"product_cat","embeddable":true,"href":"https:\/\/www.keramika.com\/srbija\/wp-json\/wp\/v2\/product_cat?post=89562"},{"taxonomy":"product_tag","embeddable":true,"href":"https:\/\/www.keramika.com\/srbija\/wp-json\/wp\/v2\/product_tag?post=89562"}],"curies":[{"name":"wp","href":"https:\/\/api.w.org\/{rel}","templated":true}]}}