{"id":89560,"date":"2017-07-01T19:06:23","date_gmt":"2017-07-01T19:06:23","guid":{"rendered":"http:\/\/www.ceramictiles.com\/srbija\/product\/keope-piazzeromane-campidoglio\/"},"modified":"2026-01-01T00:00:42","modified_gmt":"2026-01-01T00:00:42","slug":"keope-piazzeromane-campidoglio","status":"publish","type":"product","link":"https:\/\/www.keramika.com\/srbija\/keope-piazzeromane-campidoglio\/","title":{"rendered":"Keope Piazzeromane Campidoglio"},"content":{"rendered":"<p>Veli\u010dina ove plo\u010dice je 14.8&#215;14.8 cm. Plo\u010dica je debela 9 mm, \u0161to je ubraja u tvrde plo\u010dice. Keope Piazzeromane Campidoglio je proizvod iz Italije te je izuzetno kvalitetna. Izuzetno moderne plo\u010dice sive boje, osve\u017eit \u0107e svaki prostor. Keope Piazzeromane Campidoglio je dostupna po vrlo povoljnim cenama 3289 RSD.<\/p>\n<p>Kliknite na ime serije za sve plo\u010dice u toj seriji: <a class=\"pdfcatal\" href=\"\/\/www.ceramictiles.com\/pdf\/keope\/catalogue_ceramichekeope_piazzeromane.pdf\" onclick=\"recordOutboundLink(this, 'E-mail', 'Description PDF');return false;\">Keope Piazzeromane<\/a><\/p>\n<p>Da bi naru\u010dili model iz PDF kataloga ove serije, molimo vas, da nas kontaktirate na: <a href=\"mailto:zo_mi@ceramictiles.com\" onclick=\"recordOutboundLink(this, 'E-mail', 'Description mail');return false;\">zo_mi@ceramictiles.com<\/a> ili nas pozovite na: For exact offer, PLS send us quantity and product you need with delivery address..<\/p>\n<p>Technical description: Ceramiche Keope Piazzeromane<\/p>\n","protected":false},"excerpt":{"rendered":"<p>Veli\u010dina ove plo\u010dice je 14.8&#215;14.8 cm. Plo\u010dica je debela 9 mm, \u0161to je ubraja u tvrde plo\u010dice. Keope Piazzeromane Campidoglio je proizvod iz Italije te je izuzetno kvalitetna. Izuzetno moderne plo\u010dice sive boje, osve\u017eit \u0107e svaki prostor. Keope Piazzeromane Campidoglio je dostupna po vrlo povoljnim cenama 3289 RSD. Kliknite na ime serije za sve plo\u010dice [&hellip;]<\/p>\n","protected":false},"featured_media":89561,"template":"","meta":[],"product_cat":[999580,200,240,260,999],"product_tag":[],"_links":{"self":[{"href":"https:\/\/www.keramika.com\/srbija\/wp-json\/wp\/v2\/product\/89560"}],"collection":[{"href":"https:\/\/www.keramika.com\/srbija\/wp-json\/wp\/v2\/product"}],"about":[{"href":"https:\/\/www.keramika.com\/srbija\/wp-json\/wp\/v2\/types\/product"}],"wp:featuredmedia":[{"embeddable":true,"href":"https:\/\/www.keramika.com\/srbija\/wp-json\/wp\/v2\/media\/89561"}],"wp:attachment":[{"href":"https:\/\/www.keramika.com\/srbija\/wp-json\/wp\/v2\/media?parent=89560"}],"wp:term":[{"taxonomy":"product_cat","embeddable":true,"href":"https:\/\/www.keramika.com\/srbija\/wp-json\/wp\/v2\/product_cat?post=89560"},{"taxonomy":"product_tag","embeddable":true,"href":"https:\/\/www.keramika.com\/srbija\/wp-json\/wp\/v2\/product_tag?post=89560"}],"curies":[{"name":"wp","href":"https:\/\/api.w.org\/{rel}","templated":true}]}}