{"id":89552,"date":"2017-07-01T19:05:22","date_gmt":"2017-07-01T19:05:22","guid":{"rendered":"http:\/\/www.ceramictiles.com\/srbija\/product\/keope-life-arki\/"},"modified":"2026-01-01T00:00:41","modified_gmt":"2026-01-01T00:00:41","slug":"keope-life-arki","status":"publish","type":"product","link":"https:\/\/www.keramika.com\/srbija\/keope-life-arki\/","title":{"rendered":"Keope Life Arki"},"content":{"rendered":"<p>Veli\u010dina plo\u010dice je 30&#215;60 cm i odli\u010dna je za razli\u010dite povr\u0161ine. Plo\u010dice sive boje, su letos izuzetno tre\u017eene. Plo\u010dice dolaze iz Italije, koja je poznata po kvalitetnoj keramiki. Redovna cena, ovih plo\u010dica u maloprodaji je 7231.2 RSD. U na\u0161oj online trgovini, je mo\u017eete kupiti za 5784.5 RSD. Ova plo\u010dica je debela 10 mm i zato je izuzetno izdr\u017eljiva.<\/p>\n<p>Kliknite na ime serije za sve plo\u010dice u toj seriji: <a class=\"pdfcatal\" href=\"\/\/www.ceramictiles.com\/pdf\/keope\/catalogue_ceramichekeope_life.pdf\" onclick=\"recordOutboundLink(this, 'E-mail', 'Description PDF');return false;\">Keope Life<\/a><\/p>\n<p>Da bi naru\u010dili model iz PDF kataloga ove serije, molimo vas, da nas kontaktirate na: <a href=\"mailto:zo_mi@ceramictiles.com\" onclick=\"recordOutboundLink(this, 'E-mail', 'Description mail');return false;\">zo_mi@ceramictiles.com<\/a> ili nas pozovite na: For exact offer, PLS send us quantity and product you need with delivery address..<\/p>\n<p>Technical description: Ceramiche Keope Life<\/p>\n","protected":false},"excerpt":{"rendered":"<p>Veli\u010dina plo\u010dice je 30&#215;60 cm i odli\u010dna je za razli\u010dite povr\u0161ine. Plo\u010dice sive boje, su letos izuzetno tre\u017eene. Plo\u010dice dolaze iz Italije, koja je poznata po kvalitetnoj keramiki. Redovna cena, ovih plo\u010dica u maloprodaji je 7231.2 RSD. U na\u0161oj online trgovini, je mo\u017eete kupiti za 5784.5 RSD. Ova plo\u010dica je debela 10 mm i zato [&hellip;]<\/p>\n","protected":false},"featured_media":89553,"template":"","meta":[],"product_cat":[999580,200,240,260,999],"product_tag":[],"_links":{"self":[{"href":"https:\/\/www.keramika.com\/srbija\/wp-json\/wp\/v2\/product\/89552"}],"collection":[{"href":"https:\/\/www.keramika.com\/srbija\/wp-json\/wp\/v2\/product"}],"about":[{"href":"https:\/\/www.keramika.com\/srbija\/wp-json\/wp\/v2\/types\/product"}],"wp:featuredmedia":[{"embeddable":true,"href":"https:\/\/www.keramika.com\/srbija\/wp-json\/wp\/v2\/media\/89553"}],"wp:attachment":[{"href":"https:\/\/www.keramika.com\/srbija\/wp-json\/wp\/v2\/media?parent=89552"}],"wp:term":[{"taxonomy":"product_cat","embeddable":true,"href":"https:\/\/www.keramika.com\/srbija\/wp-json\/wp\/v2\/product_cat?post=89552"},{"taxonomy":"product_tag","embeddable":true,"href":"https:\/\/www.keramika.com\/srbija\/wp-json\/wp\/v2\/product_tag?post=89552"}],"curies":[{"name":"wp","href":"https:\/\/api.w.org\/{rel}","templated":true}]}}