{"id":89550,"date":"2017-07-01T19:05:01","date_gmt":"2017-07-01T19:05:01","guid":{"rendered":"http:\/\/www.ceramictiles.com\/srbija\/product\/keope-langhe-barolo\/"},"modified":"2026-01-01T00:00:40","modified_gmt":"2026-01-01T00:00:40","slug":"keope-langhe-barolo","status":"publish","type":"product","link":"https:\/\/www.keramika.com\/srbija\/keope-langhe-barolo\/","title":{"rendered":"Keope Langhe Barolo"},"content":{"rendered":"<p>\u0160irina i du\u017eina plo\u010dice su 30&#215;30 cm. U izboru plo\u010dica braon boje, ne mo\u017eete pogre\u0161iti. Plo\u010dice dolaze iz Italije, koja je poznata po kvalitetnoj keramiki. Keope Langhe Barolo je dostupna po vrlo povoljnim cenama 3507.5 RSD. Debljina 10 mm \u010dini plo\u010dicu vrlo izdr\u017eljivom i prijatnom na dodir.<\/p>\n<p>Kliknite na ime serije za sve plo\u010dice u toj seriji: <a class=\"pdfcatal\" href=\"\/\/www.ceramictiles.com\/pdf\/keope\/catalogue_ceramichekeope_langhe.pdf\" onclick=\"recordOutboundLink(this, 'E-mail', 'Description PDF');return false;\">Keope Langhe<\/a><\/p>\n<p>Da bi naru\u010dili model iz PDF kataloga ove serije, molimo vas, da nas kontaktirate na: <a href=\"mailto:zo_mi@ceramictiles.com\" onclick=\"recordOutboundLink(this, 'E-mail', 'Description mail');return false;\">zo_mi@ceramictiles.com<\/a> ili nas pozovite na: For exact offer, PLS send us quantity and product you need with delivery address..<\/p>\n<p>Technical description: Ceramiche Keope Langhe<\/p>\n","protected":false},"excerpt":{"rendered":"<p>\u0160irina i du\u017eina plo\u010dice su 30&#215;30 cm. U izboru plo\u010dica braon boje, ne mo\u017eete pogre\u0161iti. Plo\u010dice dolaze iz Italije, koja je poznata po kvalitetnoj keramiki. Keope Langhe Barolo je dostupna po vrlo povoljnim cenama 3507.5 RSD. Debljina 10 mm \u010dini plo\u010dicu vrlo izdr\u017eljivom i prijatnom na dodir. Kliknite na ime serije za sve plo\u010dice u [&hellip;]<\/p>\n","protected":false},"featured_media":89551,"template":"","meta":[],"product_cat":[999580,200,240,260,999],"product_tag":[],"_links":{"self":[{"href":"https:\/\/www.keramika.com\/srbija\/wp-json\/wp\/v2\/product\/89550"}],"collection":[{"href":"https:\/\/www.keramika.com\/srbija\/wp-json\/wp\/v2\/product"}],"about":[{"href":"https:\/\/www.keramika.com\/srbija\/wp-json\/wp\/v2\/types\/product"}],"wp:featuredmedia":[{"embeddable":true,"href":"https:\/\/www.keramika.com\/srbija\/wp-json\/wp\/v2\/media\/89551"}],"wp:attachment":[{"href":"https:\/\/www.keramika.com\/srbija\/wp-json\/wp\/v2\/media?parent=89550"}],"wp:term":[{"taxonomy":"product_cat","embeddable":true,"href":"https:\/\/www.keramika.com\/srbija\/wp-json\/wp\/v2\/product_cat?post=89550"},{"taxonomy":"product_tag","embeddable":true,"href":"https:\/\/www.keramika.com\/srbija\/wp-json\/wp\/v2\/product_tag?post=89550"}],"curies":[{"name":"wp","href":"https:\/\/api.w.org\/{rel}","templated":true}]}}