{"id":89548,"date":"2017-07-01T19:04:34","date_gmt":"2017-07-01T19:04:34","guid":{"rendered":"http:\/\/www.ceramictiles.com\/srbija\/product\/keope-quarzite-grigia\/"},"modified":"2026-01-01T00:00:40","modified_gmt":"2026-01-01T00:00:40","slug":"keope-quarzite-grigia","status":"publish","type":"product","link":"https:\/\/www.keramika.com\/srbija\/keope-quarzite-grigia\/","title":{"rendered":"Keope Quarzite Grigia"},"content":{"rendered":"<p>Umesto 6713.7 RSD \u0161to je redovna maloprodajna cena keramike, u na\u0161oj online prodavnici, je mo\u017eete dobiti za samo 5370.5 RSD. Ove sive kerami\u010dke plo\u010dice, obogatit \u0107e svaki prostor. Plo\u010dica 45&#215;45 cm je dobra za ve\u0107 razli\u010ditih namena. Keope Quarzite Grigia dolazi iz Italije, koja je poznata po vrlo visokoj kvaliteta keramike u svetu. Plo\u010dica je debela 10 mm, \u0161to je ubraja u tvrde plo\u010dice.<\/p>\n<p>Kliknite na ime serije za sve plo\u010dice u toj seriji: <a class=\"pdfcatal\" href=\"\/\/www.ceramictiles.com\/pdf\/keope\/catalogue_ceramichekeope_index.pdf\" onclick=\"recordOutboundLink(this, 'E-mail', 'Description PDF');return false;\">Keope Index<\/a><\/p>\n<p>Da bi naru\u010dili model iz PDF kataloga ove serije, molimo vas, da nas kontaktirate na: <a href=\"mailto:zo_mi@ceramictiles.com\" onclick=\"recordOutboundLink(this, 'E-mail', 'Description mail');return false;\">zo_mi@ceramictiles.com<\/a> ili nas pozovite na: For exact offer, PLS send us quantity and product you need with delivery address..<\/p>\n<p>Technical description: Ceramiche Keope Index<\/p>\n","protected":false},"excerpt":{"rendered":"<p>Umesto 6713.7 RSD \u0161to je redovna maloprodajna cena keramike, u na\u0161oj online prodavnici, je mo\u017eete dobiti za samo 5370.5 RSD. Ove sive kerami\u010dke plo\u010dice, obogatit \u0107e svaki prostor. Plo\u010dica 45&#215;45 cm je dobra za ve\u0107 razli\u010ditih namena. Keope Quarzite Grigia dolazi iz Italije, koja je poznata po vrlo visokoj kvaliteta keramike u svetu. Plo\u010dica je [&hellip;]<\/p>\n","protected":false},"featured_media":89549,"template":"","meta":[],"product_cat":[999580,200,220,999,250],"product_tag":[],"_links":{"self":[{"href":"https:\/\/www.keramika.com\/srbija\/wp-json\/wp\/v2\/product\/89548"}],"collection":[{"href":"https:\/\/www.keramika.com\/srbija\/wp-json\/wp\/v2\/product"}],"about":[{"href":"https:\/\/www.keramika.com\/srbija\/wp-json\/wp\/v2\/types\/product"}],"wp:featuredmedia":[{"embeddable":true,"href":"https:\/\/www.keramika.com\/srbija\/wp-json\/wp\/v2\/media\/89549"}],"wp:attachment":[{"href":"https:\/\/www.keramika.com\/srbija\/wp-json\/wp\/v2\/media?parent=89548"}],"wp:term":[{"taxonomy":"product_cat","embeddable":true,"href":"https:\/\/www.keramika.com\/srbija\/wp-json\/wp\/v2\/product_cat?post=89548"},{"taxonomy":"product_tag","embeddable":true,"href":"https:\/\/www.keramika.com\/srbija\/wp-json\/wp\/v2\/product_tag?post=89548"}],"curies":[{"name":"wp","href":"https:\/\/api.w.org\/{rel}","templated":true}]}}