{"id":89546,"date":"2017-07-01T19:04:10","date_gmt":"2017-07-01T19:04:10","guid":{"rendered":"http:\/\/www.ceramictiles.com\/srbija\/product\/keope-tufo-giallo\/"},"modified":"2026-01-01T00:00:40","modified_gmt":"2026-01-01T00:00:40","slug":"keope-tufo-giallo","status":"publish","type":"product","link":"https:\/\/www.keramika.com\/srbija\/keope-tufo-giallo\/","title":{"rendered":"Keope Tufo giallo"},"content":{"rendered":"<p>Ove plo\u010dice dolaze od proizvo\u0111a\u010da Keope, iz Italije. Online cena je samo 5462.5 RSD, dok redovna, maloprodajna cena 6828.7 RSD. Izuzetno moderne plo\u010dice be\u017e boje, osve\u017eit \u0107e svaki prostor. Debljina plo\u010dice, je vrlo va\u017ena 10 mm i ubraja tu plo\u010dicu me\u0111u najkvalitetnije. Plo\u010dica na sliki je 30&#215;60 cm.<\/p>\n<p>Kliknite na ime serije za sve plo\u010dice u toj seriji: <a class=\"pdfcatal\" href=\"\/\/www.ceramictiles.com\/pdf\/keope\/catalogue_ceramichekeope_in_out_percorsi_style.pdf\" onclick=\"recordOutboundLink(this, 'E-mail', 'Description PDF');return false;\">Keope In &#038; Out &#8211; Percorsi Style<\/a><\/p>\n<p>Da bi naru\u010dili model iz PDF kataloga ove serije, molimo vas, da nas kontaktirate na: <a href=\"mailto:zo_mi@ceramictiles.com\" onclick=\"recordOutboundLink(this, 'E-mail', 'Description mail');return false;\">zo_mi@ceramictiles.com<\/a> ili nas pozovite na: For exact offer, PLS send us quantity and product you need with delivery address..<\/p>\n<p>Technical description: Ceramiche Keope In &#038; Out &#8211; Percorsi Style<\/p>\n","protected":false},"excerpt":{"rendered":"<p>Ove plo\u010dice dolaze od proizvo\u0111a\u010da Keope, iz Italije. Online cena je samo 5462.5 RSD, dok redovna, maloprodajna cena 6828.7 RSD. Izuzetno moderne plo\u010dice be\u017e boje, osve\u017eit \u0107e svaki prostor. Debljina plo\u010dice, je vrlo va\u017ena 10 mm i ubraja tu plo\u010dicu me\u0111u najkvalitetnije. Plo\u010dica na sliki je 30&#215;60 cm. Kliknite na ime serije za sve plo\u010dice [&hellip;]<\/p>\n","protected":false},"featured_media":89547,"template":"","meta":[],"product_cat":[999580,200,220,999,250],"product_tag":[],"_links":{"self":[{"href":"https:\/\/www.keramika.com\/srbija\/wp-json\/wp\/v2\/product\/89546"}],"collection":[{"href":"https:\/\/www.keramika.com\/srbija\/wp-json\/wp\/v2\/product"}],"about":[{"href":"https:\/\/www.keramika.com\/srbija\/wp-json\/wp\/v2\/types\/product"}],"wp:featuredmedia":[{"embeddable":true,"href":"https:\/\/www.keramika.com\/srbija\/wp-json\/wp\/v2\/media\/89547"}],"wp:attachment":[{"href":"https:\/\/www.keramika.com\/srbija\/wp-json\/wp\/v2\/media?parent=89546"}],"wp:term":[{"taxonomy":"product_cat","embeddable":true,"href":"https:\/\/www.keramika.com\/srbija\/wp-json\/wp\/v2\/product_cat?post=89546"},{"taxonomy":"product_tag","embeddable":true,"href":"https:\/\/www.keramika.com\/srbija\/wp-json\/wp\/v2\/product_tag?post=89546"}],"curies":[{"name":"wp","href":"https:\/\/api.w.org\/{rel}","templated":true}]}}