{"id":89544,"date":"2017-07-01T19:03:55","date_gmt":"2017-07-01T19:03:55","guid":{"rendered":"http:\/\/www.ceramictiles.com\/srbija\/product\/keope-pietra-di-combe\/"},"modified":"2026-01-01T00:00:40","modified_gmt":"2026-01-01T00:00:40","slug":"keope-pietra-di-combe","status":"publish","type":"product","link":"https:\/\/www.keramika.com\/srbija\/keope-pietra-di-combe\/","title":{"rendered":"Keope Pietra di Combe"},"content":{"rendered":"<p>10 mm debljina \u0107e zadovoljiti i najzahtevnije kupce. \u0160irina i du\u017eina plo\u010dice su 30&#215;60 cm. Online cena je samo 5796 RSD, dok redovna, maloprodajna cena 7245 RSD. Ove sive kerami\u010dke plo\u010dice, obogatit \u0107e svaki prostor. Proizvodnja Italije ,koja je poznata u svetu, kao jedana od najboljih proizvo\u0111a\u010da kerami\u010dkih plo\u010dica.<\/p>\n<p>Kliknite na ime serije za sve plo\u010dice u toj seriji: <a class=\"pdfcatal\" href=\"\/\/www.ceramictiles.com\/pdf\/keope\/catalogue_ceramichekeope_in_out_percorsi_extra.pdf\" onclick=\"recordOutboundLink(this, 'E-mail', 'Description PDF');return false;\">Keope In &#038; Out &#8211; Percorsi Extra<\/a><\/p>\n<p>Da bi naru\u010dili model iz PDF kataloga ove serije, molimo vas, da nas kontaktirate na: <a href=\"mailto:zo_mi@ceramictiles.com\" onclick=\"recordOutboundLink(this, 'E-mail', 'Description mail');return false;\">zo_mi@ceramictiles.com<\/a> ili nas pozovite na: For exact offer, PLS send us quantity and product you need with delivery address..<\/p>\n<p>Technical description: Ceramiche Keope In &#038; Out &#8211; Percorsi Extra<\/p>\n","protected":false},"excerpt":{"rendered":"<p>10 mm debljina \u0107e zadovoljiti i najzahtevnije kupce. \u0160irina i du\u017eina plo\u010dice su 30&#215;60 cm. Online cena je samo 5796 RSD, dok redovna, maloprodajna cena 7245 RSD. Ove sive kerami\u010dke plo\u010dice, obogatit \u0107e svaki prostor. Proizvodnja Italije ,koja je poznata u svetu, kao jedana od najboljih proizvo\u0111a\u010da kerami\u010dkih plo\u010dica. Kliknite na ime serije za sve [&hellip;]<\/p>\n","protected":false},"featured_media":89545,"template":"","meta":[],"product_cat":[999580,200,240,260,999],"product_tag":[],"_links":{"self":[{"href":"https:\/\/www.keramika.com\/srbija\/wp-json\/wp\/v2\/product\/89544"}],"collection":[{"href":"https:\/\/www.keramika.com\/srbija\/wp-json\/wp\/v2\/product"}],"about":[{"href":"https:\/\/www.keramika.com\/srbija\/wp-json\/wp\/v2\/types\/product"}],"wp:featuredmedia":[{"embeddable":true,"href":"https:\/\/www.keramika.com\/srbija\/wp-json\/wp\/v2\/media\/89545"}],"wp:attachment":[{"href":"https:\/\/www.keramika.com\/srbija\/wp-json\/wp\/v2\/media?parent=89544"}],"wp:term":[{"taxonomy":"product_cat","embeddable":true,"href":"https:\/\/www.keramika.com\/srbija\/wp-json\/wp\/v2\/product_cat?post=89544"},{"taxonomy":"product_tag","embeddable":true,"href":"https:\/\/www.keramika.com\/srbija\/wp-json\/wp\/v2\/product_tag?post=89544"}],"curies":[{"name":"wp","href":"https:\/\/api.w.org\/{rel}","templated":true}]}}