{"id":89542,"date":"2017-07-01T19:03:38","date_gmt":"2017-07-01T19:03:38","guid":{"rendered":"http:\/\/www.ceramictiles.com\/srbija\/product\/keope-percorsi-rosso\/"},"modified":"2026-01-01T00:00:39","modified_gmt":"2026-01-01T00:00:39","slug":"keope-percorsi-rosso","status":"publish","type":"product","link":"https:\/\/www.keramika.com\/srbija\/keope-percorsi-rosso\/","title":{"rendered":"Keope Percorsi Rosso"},"content":{"rendered":"<p>Keope Percorsi Rosso dolazi iz Italije, koja je poznata po vrlo visokoj kvaliteta keramike u svetu. Debljina 10 mm \u010dini plo\u010dicu vrlo izdr\u017eljivom i prijatnom na dodir. Veli\u010dina plo\u010dice je 30&#215;60 cm i odli\u010dna je za razli\u010dite povr\u0161ine. Plo\u010dice crvene boje, su letos izuzetno tre\u017eene. Zbog ni\u017eih tro\u0161kova, online prodaje, Vi \u0107e te na na\u0161oj strani ove plo\u010de platiti samo 5071.5 RSD.<\/p>\n<p>Kliknite na ime serije za sve plo\u010dice u toj seriji: <a class=\"pdfcatal\" href=\"\/\/www.ceramictiles.com\/pdf\/keope\/catalogue_ceramichekeope_in_out_percorsi_ditalia.pdf\" onclick=\"recordOutboundLink(this, 'E-mail', 'Description PDF');return false;\">Keope In &#038; Out &#8211; Percorsi D&#8217;Italia<\/a><\/p>\n<p>Da bi naru\u010dili model iz PDF kataloga ove serije, molimo vas, da nas kontaktirate na: <a href=\"mailto:zo_mi@ceramictiles.com\" onclick=\"recordOutboundLink(this, 'E-mail', 'Description mail');return false;\">zo_mi@ceramictiles.com<\/a> ili nas pozovite na: For exact offer, PLS send us quantity and product you need with delivery address..<\/p>\n<p>Technical description: Ceramiche Keope In &#038; Out &#8211; Percorsi D&#8217;Italia<\/p>\n","protected":false},"excerpt":{"rendered":"<p>Keope Percorsi Rosso dolazi iz Italije, koja je poznata po vrlo visokoj kvaliteta keramike u svetu. Debljina 10 mm \u010dini plo\u010dicu vrlo izdr\u017eljivom i prijatnom na dodir. Veli\u010dina plo\u010dice je 30&#215;60 cm i odli\u010dna je za razli\u010dite povr\u0161ine. Plo\u010dice crvene boje, su letos izuzetno tre\u017eene. Zbog ni\u017eih tro\u0161kova, online prodaje, Vi \u0107e te na na\u0161oj [&hellip;]<\/p>\n","protected":false},"featured_media":89543,"template":"","meta":[],"product_cat":[999580,200,240,260,999],"product_tag":[],"_links":{"self":[{"href":"https:\/\/www.keramika.com\/srbija\/wp-json\/wp\/v2\/product\/89542"}],"collection":[{"href":"https:\/\/www.keramika.com\/srbija\/wp-json\/wp\/v2\/product"}],"about":[{"href":"https:\/\/www.keramika.com\/srbija\/wp-json\/wp\/v2\/types\/product"}],"wp:featuredmedia":[{"embeddable":true,"href":"https:\/\/www.keramika.com\/srbija\/wp-json\/wp\/v2\/media\/89543"}],"wp:attachment":[{"href":"https:\/\/www.keramika.com\/srbija\/wp-json\/wp\/v2\/media?parent=89542"}],"wp:term":[{"taxonomy":"product_cat","embeddable":true,"href":"https:\/\/www.keramika.com\/srbija\/wp-json\/wp\/v2\/product_cat?post=89542"},{"taxonomy":"product_tag","embeddable":true,"href":"https:\/\/www.keramika.com\/srbija\/wp-json\/wp\/v2\/product_tag?post=89542"}],"curies":[{"name":"wp","href":"https:\/\/api.w.org\/{rel}","templated":true}]}}