{"id":89536,"date":"2017-07-01T19:02:46","date_gmt":"2017-07-01T19:02:46","guid":{"rendered":"http:\/\/www.ceramictiles.com\/srbija\/product\/keope-echos-wenge\/"},"modified":"2026-01-01T00:00:39","modified_gmt":"2026-01-01T00:00:39","slug":"keope-echos-wenge","status":"publish","type":"product","link":"https:\/\/www.keramika.com\/srbija\/keope-echos-wenge\/","title":{"rendered":"Keope Echos Wenge"},"content":{"rendered":"<p>Veli\u010dina 15&#215;60 cm je odli\u010dna za sve podloge. Plo\u010dice braon boje osvje\u017eit \u0107e svaki prostor. Umesto 6842.5 RSD \u0161to je redovna maloprodajna cena keramike, u na\u0161oj online prodavnici, je mo\u017eete dobiti za samo 5474 RSD. plo\u010dica proizvo\u0111a\u010da Keope iz Italije. Debljina 9 mm \u010dini plo\u010dicu vrlo izdr\u017eljivom i prijatnom na dodir.<\/p>\n<p>Kliknite na ime serije za sve plo\u010dice u toj seriji: <a class=\"pdfcatal\" href=\"\/\/www.ceramictiles.com\/pdf\/keope\/catalogue_ceramichekeope_echos.pdf\" onclick=\"recordOutboundLink(this, 'E-mail', 'Description PDF');return false;\">Keope Echos<\/a><\/p>\n<p>Da bi naru\u010dili model iz PDF kataloga ove serije, molimo vas, da nas kontaktirate na: <a href=\"mailto:zo_mi@ceramictiles.com\" onclick=\"recordOutboundLink(this, 'E-mail', 'Description mail');return false;\">zo_mi@ceramictiles.com<\/a> ili nas pozovite na: For exact offer, PLS send us quantity and product you need with delivery address..<\/p>\n<p>Technical description: Ceramiche Keope Echos<\/p>\n","protected":false},"excerpt":{"rendered":"<p>Veli\u010dina 15&#215;60 cm je odli\u010dna za sve podloge. Plo\u010dice braon boje osvje\u017eit \u0107e svaki prostor. Umesto 6842.5 RSD \u0161to je redovna maloprodajna cena keramike, u na\u0161oj online prodavnici, je mo\u017eete dobiti za samo 5474 RSD. plo\u010dica proizvo\u0111a\u010da Keope iz Italije. Debljina 9 mm \u010dini plo\u010dicu vrlo izdr\u017eljivom i prijatnom na dodir. Kliknite na ime serije [&hellip;]<\/p>\n","protected":false},"featured_media":89537,"template":"","meta":[],"product_cat":[999580,200,240,260,999],"product_tag":[],"_links":{"self":[{"href":"https:\/\/www.keramika.com\/srbija\/wp-json\/wp\/v2\/product\/89536"}],"collection":[{"href":"https:\/\/www.keramika.com\/srbija\/wp-json\/wp\/v2\/product"}],"about":[{"href":"https:\/\/www.keramika.com\/srbija\/wp-json\/wp\/v2\/types\/product"}],"wp:featuredmedia":[{"embeddable":true,"href":"https:\/\/www.keramika.com\/srbija\/wp-json\/wp\/v2\/media\/89537"}],"wp:attachment":[{"href":"https:\/\/www.keramika.com\/srbija\/wp-json\/wp\/v2\/media?parent=89536"}],"wp:term":[{"taxonomy":"product_cat","embeddable":true,"href":"https:\/\/www.keramika.com\/srbija\/wp-json\/wp\/v2\/product_cat?post=89536"},{"taxonomy":"product_tag","embeddable":true,"href":"https:\/\/www.keramika.com\/srbija\/wp-json\/wp\/v2\/product_tag?post=89536"}],"curies":[{"name":"wp","href":"https:\/\/api.w.org\/{rel}","templated":true}]}}