{"id":89534,"date":"2017-07-01T19:02:33","date_gmt":"2017-07-01T19:02:33","guid":{"rendered":"http:\/\/www.ceramictiles.com\/srbija\/product\/keope-dome-cream\/"},"modified":"2026-01-01T00:00:38","modified_gmt":"2026-01-01T00:00:38","slug":"keope-dome-cream","status":"publish","type":"product","link":"https:\/\/www.keramika.com\/srbija\/keope-dome-cream\/","title":{"rendered":"Keope Dome Cream"},"content":{"rendered":"<p>Debljina 10 mm \u010dini plo\u010dicu vrlo izdr\u017eljivom i prijatnom na dodir. Ove be\u017e kerami\u010dke plo\u010dice, obogatit \u0107e svaki prostor. Umesto 6541.2 RSD \u0161to je redovna maloprodajna cena keramike, u na\u0161oj online prodavnici, je mo\u017eete dobiti za samo 5232.5 RSD. Keope Dome Cream dolazi iz Italije, koja je poznata po vrlo visokoj kvaliteta keramike u svetu. Plo\u010dica na sliki je 30&#215;60 cm.<\/p>\n<p>Kliknite na ime serije za sve plo\u010dice u toj seriji: <a class=\"pdfcatal\" href=\"\/\/www.ceramictiles.com\/pdf\/keope\/catalogue_ceramichekeope_dome.pdf\" onclick=\"recordOutboundLink(this, 'E-mail', 'Description PDF');return false;\">Keope Dome<\/a><\/p>\n<p>Da bi naru\u010dili model iz PDF kataloga ove serije, molimo vas, da nas kontaktirate na: <a href=\"mailto:zo_mi@ceramictiles.com\" onclick=\"recordOutboundLink(this, 'E-mail', 'Description mail');return false;\">zo_mi@ceramictiles.com<\/a> ili nas pozovite na: For exact offer, PLS send us quantity and product you need with delivery address..<\/p>\n<p>Technical description: Ceramiche Keope Dome<\/p>\n","protected":false},"excerpt":{"rendered":"<p>Debljina 10 mm \u010dini plo\u010dicu vrlo izdr\u017eljivom i prijatnom na dodir. Ove be\u017e kerami\u010dke plo\u010dice, obogatit \u0107e svaki prostor. Umesto 6541.2 RSD \u0161to je redovna maloprodajna cena keramike, u na\u0161oj online prodavnici, je mo\u017eete dobiti za samo 5232.5 RSD. Keope Dome Cream dolazi iz Italije, koja je poznata po vrlo visokoj kvaliteta keramike u svetu. [&hellip;]<\/p>\n","protected":false},"featured_media":89535,"template":"","meta":[],"product_cat":[999580,200,240,999,250],"product_tag":[],"_links":{"self":[{"href":"https:\/\/www.keramika.com\/srbija\/wp-json\/wp\/v2\/product\/89534"}],"collection":[{"href":"https:\/\/www.keramika.com\/srbija\/wp-json\/wp\/v2\/product"}],"about":[{"href":"https:\/\/www.keramika.com\/srbija\/wp-json\/wp\/v2\/types\/product"}],"wp:featuredmedia":[{"embeddable":true,"href":"https:\/\/www.keramika.com\/srbija\/wp-json\/wp\/v2\/media\/89535"}],"wp:attachment":[{"href":"https:\/\/www.keramika.com\/srbija\/wp-json\/wp\/v2\/media?parent=89534"}],"wp:term":[{"taxonomy":"product_cat","embeddable":true,"href":"https:\/\/www.keramika.com\/srbija\/wp-json\/wp\/v2\/product_cat?post=89534"},{"taxonomy":"product_tag","embeddable":true,"href":"https:\/\/www.keramika.com\/srbija\/wp-json\/wp\/v2\/product_tag?post=89534"}],"curies":[{"name":"wp","href":"https:\/\/api.w.org\/{rel}","templated":true}]}}