{"id":89526,"date":"2017-07-01T19:01:35","date_gmt":"2017-07-01T19:01:35","guid":{"rendered":"http:\/\/www.ceramictiles.com\/srbija\/product\/podne-i-zidne-plocice-tau-tarim-orange\/"},"modified":"2026-01-01T00:00:37","modified_gmt":"2026-01-01T00:00:37","slug":"podne-i-zidne-plocice-tau-tarim-orange","status":"publish","type":"product","link":"https:\/\/www.keramika.com\/srbija\/podne-i-zidne-plocice-tau-tarim-orange\/","title":{"rendered":"Podne i zidne plo\u010dice Tau Tarim Orange"},"content":{"rendered":"<p>Keramika je prekrasne narand\u017easte boje. U koliko \u017eelite neku drugu boju, pozovite nas i mi \u0107emo proveriti kod proizvo\u0111a\u010da. Ove plo\u010dice dolaze od proizvo\u0111a\u010da Tau Ceramica, iz \u0160panije. Veli\u010dina 31,6&#215;31,6 cm je odli\u010dna za sve podloge. Ova plo\u010dica je debela 9 mm i zato je izuzetno izdr\u017eljiva. Zbog ni\u017eih tro\u0161kova, online prodaje, Vi \u0107e te na na\u0161oj strani ove plo\u010de platiti samo 2872,7 RSD.<\/p>\n<p>Kliknite na ime serije za sve plo\u010dice u toj seriji: <a class=\"pdfcatal\" href=\"\/\/www.ceramictiles.com\/pdf\/tau\/catalogue_tau_tarim.pdf\" onclick=\"recordOutboundLink(this, 'E-mail', 'Description PDF');return false;\">Tau Ceramica Tarim<\/a><\/p>\n<p>Da bi naru\u010dili model iz PDF kataloga ove serije, molimo vas, da nas kontaktirate na: <a href=\"mailto:zo_mi@ceramictiles.com\" onclick=\"recordOutboundLink(this, 'E-mail', 'Description mail');return false;\">zo_mi@ceramictiles.com<\/a> ili nas pozovite na: For exact offer, PLS send us quantity and product you need with delivery address..<\/p>\n<p>Technical description: <br \/> W &#038; F 31,6&#215;31,6 ; 31,6&#215;45 ; 45&#215;45 ; 32&#215;90 <br \/>Tarim Marfil ; Tarim Orange ; Tarim Beige ; Tarim Wengue ;<\/p>\n","protected":false},"excerpt":{"rendered":"<p>Keramika je prekrasne narand\u017easte boje. U koliko \u017eelite neku drugu boju, pozovite nas i mi \u0107emo proveriti kod proizvo\u0111a\u010da. Ove plo\u010dice dolaze od proizvo\u0111a\u010da Tau Ceramica, iz \u0160panije. Veli\u010dina 31,6&#215;31,6 cm je odli\u010dna za sve podloge. Ova plo\u010dica je debela 9 mm i zato je izuzetno izdr\u017eljiva. Zbog ni\u017eih tro\u0161kova, online prodaje, Vi \u0107e te [&hellip;]<\/p>\n","protected":false},"featured_media":89527,"template":"","meta":[],"product_cat":[200,220,240,999,999125],"product_tag":[],"_links":{"self":[{"href":"https:\/\/www.keramika.com\/srbija\/wp-json\/wp\/v2\/product\/89526"}],"collection":[{"href":"https:\/\/www.keramika.com\/srbija\/wp-json\/wp\/v2\/product"}],"about":[{"href":"https:\/\/www.keramika.com\/srbija\/wp-json\/wp\/v2\/types\/product"}],"wp:featuredmedia":[{"embeddable":true,"href":"https:\/\/www.keramika.com\/srbija\/wp-json\/wp\/v2\/media\/89527"}],"wp:attachment":[{"href":"https:\/\/www.keramika.com\/srbija\/wp-json\/wp\/v2\/media?parent=89526"}],"wp:term":[{"taxonomy":"product_cat","embeddable":true,"href":"https:\/\/www.keramika.com\/srbija\/wp-json\/wp\/v2\/product_cat?post=89526"},{"taxonomy":"product_tag","embeddable":true,"href":"https:\/\/www.keramika.com\/srbija\/wp-json\/wp\/v2\/product_tag?post=89526"}],"curies":[{"name":"wp","href":"https:\/\/api.w.org\/{rel}","templated":true}]}}