{"id":89524,"date":"2017-07-01T19:01:20","date_gmt":"2017-07-01T19:01:20","guid":{"rendered":"http:\/\/www.ceramictiles.com\/srbija\/product\/zidne-plocice-tau-sun-blanco\/"},"modified":"2026-01-01T00:00:37","modified_gmt":"2026-01-01T00:00:37","slug":"zidne-plocice-tau-sun-blanco","status":"publish","type":"product","link":"https:\/\/www.keramika.com\/srbija\/zidne-plocice-tau-sun-blanco\/","title":{"rendered":"Zidne plo\u010dice Tau Sun Blanco"},"content":{"rendered":"<p>U maloprodaji bi morali za tu plo\u010dicu platiti 4948,45 RSD, online cena je samo 3958,3 RSD. U izboru plo\u010dica bele boje, ne mo\u017eete pogre\u0161iti. Veli\u010dina plo\u010dice je 20&#215;60 cm i odli\u010dna je za razli\u010dite povr\u0161ine. Debljina plo\u010dice, je vrlo va\u017ena 11 mm i ubraja tu plo\u010dicu me\u0111u najkvalitetnije. Ove plo\u010dice dolaze od proizvo\u0111a\u010da Tau Ceramica, iz \u0160panije.<\/p>\n<p>Kliknite na ime serije za sve plo\u010dice u toj seriji: <a class=\"pdfcatal\" href=\"\/\/www.ceramictiles.com\/pdf\/tau\/catalogue_tau_sun.pdf\" onclick=\"recordOutboundLink(this, 'E-mail', 'Description PDF');return false;\">Tau Ceramica Sun<\/a><\/p>\n<p>Da bi naru\u010dili model iz PDF kataloga ove serije, molimo vas, da nas kontaktirate na: <a href=\"mailto:zo_mi@ceramictiles.com\" onclick=\"recordOutboundLink(this, 'E-mail', 'Description mail');return false;\">zo_mi@ceramictiles.com<\/a> ili nas pozovite na: For exact offer, PLS send us quantity and product you need with delivery address..<\/p>\n<p>Technical description: <br \/> W 20&#215;60 ; 30&#215;58 ; 31,6&#215;60 ; 32&#215;90 <br \/>Sun Blanco ; Sun Marfil ;<\/p>\n","protected":false},"excerpt":{"rendered":"<p>U maloprodaji bi morali za tu plo\u010dicu platiti 4948,45 RSD, online cena je samo 3958,3 RSD. U izboru plo\u010dica bele boje, ne mo\u017eete pogre\u0161iti. Veli\u010dina plo\u010dice je 20&#215;60 cm i odli\u010dna je za razli\u010dite povr\u0161ine. Debljina plo\u010dice, je vrlo va\u017ena 11 mm i ubraja tu plo\u010dicu me\u0111u najkvalitetnije. Ove plo\u010dice dolaze od proizvo\u0111a\u010da Tau Ceramica, [&hellip;]<\/p>\n","protected":false},"featured_media":89525,"template":"","meta":[],"product_cat":[200,220,999,999125,250],"product_tag":[],"_links":{"self":[{"href":"https:\/\/www.keramika.com\/srbija\/wp-json\/wp\/v2\/product\/89524"}],"collection":[{"href":"https:\/\/www.keramika.com\/srbija\/wp-json\/wp\/v2\/product"}],"about":[{"href":"https:\/\/www.keramika.com\/srbija\/wp-json\/wp\/v2\/types\/product"}],"wp:featuredmedia":[{"embeddable":true,"href":"https:\/\/www.keramika.com\/srbija\/wp-json\/wp\/v2\/media\/89525"}],"wp:attachment":[{"href":"https:\/\/www.keramika.com\/srbija\/wp-json\/wp\/v2\/media?parent=89524"}],"wp:term":[{"taxonomy":"product_cat","embeddable":true,"href":"https:\/\/www.keramika.com\/srbija\/wp-json\/wp\/v2\/product_cat?post=89524"},{"taxonomy":"product_tag","embeddable":true,"href":"https:\/\/www.keramika.com\/srbija\/wp-json\/wp\/v2\/product_tag?post=89524"}],"curies":[{"name":"wp","href":"https:\/\/api.w.org\/{rel}","templated":true}]}}