{"id":89520,"date":"2017-07-01T19:00:43","date_gmt":"2017-07-01T19:00:43","guid":{"rendered":"http:\/\/www.ceramictiles.com\/srbija\/product\/podne-i-zidne-plocice-tau-mythos-negro\/"},"modified":"2026-01-01T00:00:36","modified_gmt":"2026-01-01T00:00:36","slug":"podne-i-zidne-plocice-tau-mythos-negro","status":"publish","type":"product","link":"https:\/\/www.keramika.com\/srbija\/podne-i-zidne-plocice-tau-mythos-negro\/","title":{"rendered":"Podne i zidne plo\u010dice Tau Mythos Negro"},"content":{"rendered":"<p>Dimenzije ovih plo\u010dica su 31,6&#215;31,6 cm. Zbog ni\u017eih tro\u0161kova, online prodaje, Vi \u0107e te na na\u0161oj strani ove plo\u010de platiti samo 2471,35 RSD. Ova plo\u010dica je debela 9 mm i zato je izuzetno izdr\u017eljiva. Plo\u010dice crne boje, su letos izuzetno tre\u017eene. Proizvodnja \u0160panije ,koja je poznata u svetu, kao jedana od najboljih proizvo\u0111a\u010da kerami\u010dkih plo\u010dica.<\/p>\n<p>Kliknite na ime serije za sve plo\u010dice u toj seriji: <a class=\"pdfcatal\" href=\"\/\/www.ceramictiles.com\/pdf\/tau\/catalogue_tau_mythos.pdf\" onclick=\"recordOutboundLink(this, 'E-mail', 'Description PDF');return false;\">Tau Ceramica Mythos<\/a><\/p>\n<p>Da bi naru\u010dili model iz PDF kataloga ove serije, molimo vas, da nas kontaktirate na: <a href=\"mailto:zo_mi@ceramictiles.com\" onclick=\"recordOutboundLink(this, 'E-mail', 'Description mail');return false;\">zo_mi@ceramictiles.com<\/a> ili nas pozovite na: For exact offer, PLS send us quantity and product you need with delivery address..<\/p>\n<p>Technical description: <br \/> W &#038; F 25&#215;36,5 ; 31,6&#215;31,6 ; 30&#215;60 ; 45&#215;45 ; 60&#215;60 ; 45&#215;90 <br \/>Mythos Blanco ; Mythos Gris ; Mythos Negro ; Mythos Marfil ;<\/p>\n","protected":false},"excerpt":{"rendered":"<p>Dimenzije ovih plo\u010dica su 31,6&#215;31,6 cm. Zbog ni\u017eih tro\u0161kova, online prodaje, Vi \u0107e te na na\u0161oj strani ove plo\u010de platiti samo 2471,35 RSD. Ova plo\u010dica je debela 9 mm i zato je izuzetno izdr\u017eljiva. Plo\u010dice crne boje, su letos izuzetno tre\u017eene. Proizvodnja \u0160panije ,koja je poznata u svetu, kao jedana od najboljih proizvo\u0111a\u010da kerami\u010dkih plo\u010dica. [&hellip;]<\/p>\n","protected":false},"featured_media":89521,"template":"","meta":[],"product_cat":[200,220,240,999,999125],"product_tag":[],"_links":{"self":[{"href":"https:\/\/www.keramika.com\/srbija\/wp-json\/wp\/v2\/product\/89520"}],"collection":[{"href":"https:\/\/www.keramika.com\/srbija\/wp-json\/wp\/v2\/product"}],"about":[{"href":"https:\/\/www.keramika.com\/srbija\/wp-json\/wp\/v2\/types\/product"}],"wp:featuredmedia":[{"embeddable":true,"href":"https:\/\/www.keramika.com\/srbija\/wp-json\/wp\/v2\/media\/89521"}],"wp:attachment":[{"href":"https:\/\/www.keramika.com\/srbija\/wp-json\/wp\/v2\/media?parent=89520"}],"wp:term":[{"taxonomy":"product_cat","embeddable":true,"href":"https:\/\/www.keramika.com\/srbija\/wp-json\/wp\/v2\/product_cat?post=89520"},{"taxonomy":"product_tag","embeddable":true,"href":"https:\/\/www.keramika.com\/srbija\/wp-json\/wp\/v2\/product_tag?post=89520"}],"curies":[{"name":"wp","href":"https:\/\/api.w.org\/{rel}","templated":true}]}}