{"id":89506,"date":"2017-07-01T18:58:41","date_gmt":"2017-07-01T18:58:41","guid":{"rendered":"http:\/\/www.ceramictiles.com\/srbija\/product\/podne-i-zidne-plocice-tau-fiber-rojo\/"},"modified":"2026-01-01T00:00:35","modified_gmt":"2026-01-01T00:00:35","slug":"podne-i-zidne-plocice-tau-fiber-rojo","status":"publish","type":"product","link":"https:\/\/www.keramika.com\/srbija\/podne-i-zidne-plocice-tau-fiber-rojo\/","title":{"rendered":"Podne i zidne plo\u010dice Tau Fiber Rojo"},"content":{"rendered":"<p>Ove crvene kerami\u010dke plo\u010dice, obogatit \u0107e svaki prostor. Plo\u010dica 25&#215;36,5 cm je dobra za ve\u0107 razli\u010ditih namena. plo\u010dica proizvo\u0111a\u010da Tau Ceramica iz \u0160panije. Tau Fiber Rojo je dostupna po vrlo povoljnim cenama 4580,45 RSD. Plo\u010dica je debela 9 mm, \u0161to je ubraja u tvrde plo\u010dice.<\/p>\n<p>Kliknite na ime serije za sve plo\u010dice u toj seriji: <a class=\"pdfcatal\" href=\"\/\/www.ceramictiles.com\/pdf\/tau\/catalogue_tau_fiber.pdf\" onclick=\"recordOutboundLink(this, 'E-mail', 'Description PDF');return false;\">Tau Ceramica Fiber<\/a><\/p>\n<p>Da bi naru\u010dili model iz PDF kataloga ove serije, molimo vas, da nas kontaktirate na: <a href=\"mailto:zo_mi@ceramictiles.com\" onclick=\"recordOutboundLink(this, 'E-mail', 'Description mail');return false;\">zo_mi@ceramictiles.com<\/a> ili nas pozovite na: For exact offer, PLS send us quantity and product you need with delivery address..<\/p>\n<p>Technical description: <br \/> W &#038; F 20&#215;60 ; 25&#215;36,5 ; 31,6&#215;31,6 ; 31,6&#215;45 <br \/>Fiber Rojo ; Fiber Negro ; Fiber Wengue ; Fiber Blanco ; Fiber Azul ;<\/p>\n","protected":false},"excerpt":{"rendered":"<p>Ove crvene kerami\u010dke plo\u010dice, obogatit \u0107e svaki prostor. Plo\u010dica 25&#215;36,5 cm je dobra za ve\u0107 razli\u010ditih namena. plo\u010dica proizvo\u0111a\u010da Tau Ceramica iz \u0160panije. Tau Fiber Rojo je dostupna po vrlo povoljnim cenama 4580,45 RSD. Plo\u010dica je debela 9 mm, \u0161to je ubraja u tvrde plo\u010dice. Kliknite na ime serije za sve plo\u010dice u toj seriji: [&hellip;]<\/p>\n","protected":false},"featured_media":89507,"template":"","meta":[],"product_cat":[200,220,999,999125,250],"product_tag":[],"_links":{"self":[{"href":"https:\/\/www.keramika.com\/srbija\/wp-json\/wp\/v2\/product\/89506"}],"collection":[{"href":"https:\/\/www.keramika.com\/srbija\/wp-json\/wp\/v2\/product"}],"about":[{"href":"https:\/\/www.keramika.com\/srbija\/wp-json\/wp\/v2\/types\/product"}],"wp:featuredmedia":[{"embeddable":true,"href":"https:\/\/www.keramika.com\/srbija\/wp-json\/wp\/v2\/media\/89507"}],"wp:attachment":[{"href":"https:\/\/www.keramika.com\/srbija\/wp-json\/wp\/v2\/media?parent=89506"}],"wp:term":[{"taxonomy":"product_cat","embeddable":true,"href":"https:\/\/www.keramika.com\/srbija\/wp-json\/wp\/v2\/product_cat?post=89506"},{"taxonomy":"product_tag","embeddable":true,"href":"https:\/\/www.keramika.com\/srbija\/wp-json\/wp\/v2\/product_tag?post=89506"}],"curies":[{"name":"wp","href":"https:\/\/api.w.org\/{rel}","templated":true}]}}