{"id":89500,"date":"2017-07-01T18:57:48","date_gmt":"2017-07-01T18:57:48","guid":{"rendered":"http:\/\/www.ceramictiles.com\/srbija\/product\/plocice-za-kupatilo-tau-canapa-rojo\/"},"modified":"2026-01-01T00:00:34","modified_gmt":"2026-01-01T00:00:34","slug":"plocice-za-kupatilo-tau-canapa-rojo","status":"publish","type":"product","link":"https:\/\/www.keramika.com\/srbija\/plocice-za-kupatilo-tau-canapa-rojo\/","title":{"rendered":"Plo\u010dice za kupatilo Tau Canapa Rojo"},"content":{"rendered":"<p>Plo\u010dice crvene boje, su letos izuzetno tre\u017eene. Plo\u010dica na sliki je 45&#215;45 cm. Proizvodnja \u0160panije ,koja je poznata u svetu, kao jedana od najboljih proizvo\u0111a\u010da kerami\u010dkih plo\u010dica. U maloprodaji bi morali za tu plo\u010dicu platiti 5110,6 RSD, online cena je samo 4088,25 RSD. Ova plo\u010dica je debela 10 mm i zato je izuzetno izdr\u017eljiva.<\/p>\n<p>Kliknite na ime serije za sve plo\u010dice u toj seriji: <a class=\"pdfcatal\" href=\"\/\/www.ceramictiles.com\/pdf\/tau\/catalogue_tau_canapa.pdf\" onclick=\"recordOutboundLink(this, 'E-mail', 'Description PDF');return false;\">Tau Ceramica Canapa<\/a><\/p>\n<p>Da bi naru\u010dili model iz PDF kataloga ove serije, molimo vas, da nas kontaktirate na: <a href=\"mailto:zo_mi@ceramictiles.com\" onclick=\"recordOutboundLink(this, 'E-mail', 'Description mail');return false;\">zo_mi@ceramictiles.com<\/a> ili nas pozovite na: For exact offer, PLS send us quantity and product you need with delivery address..<\/p>\n<p>Technical description: <br \/> W &#038; F 25&#215;36,5 ; 30&#215;30 ; 30&#215;58 ; 31,6&#215;31,6 ; 31,6&#215;45 ; 31,6&#215;60 ; 32&#215;90 ; 45&#215;45 <br \/>Canapa Blanco ; Canapa Azul ; Canapa Beige ; Canapa Rojo ; Canapa Ferro ;<\/p>\n","protected":false},"excerpt":{"rendered":"<p>Plo\u010dice crvene boje, su letos izuzetno tre\u017eene. Plo\u010dica na sliki je 45&#215;45 cm. Proizvodnja \u0160panije ,koja je poznata u svetu, kao jedana od najboljih proizvo\u0111a\u010da kerami\u010dkih plo\u010dica. U maloprodaji bi morali za tu plo\u010dicu platiti 5110,6 RSD, online cena je samo 4088,25 RSD. Ova plo\u010dica je debela 10 mm i zato je izuzetno izdr\u017eljiva. Kliknite [&hellip;]<\/p>\n","protected":false},"featured_media":89501,"template":"","meta":[],"product_cat":[200,220,240,999,999125],"product_tag":[],"_links":{"self":[{"href":"https:\/\/www.keramika.com\/srbija\/wp-json\/wp\/v2\/product\/89500"}],"collection":[{"href":"https:\/\/www.keramika.com\/srbija\/wp-json\/wp\/v2\/product"}],"about":[{"href":"https:\/\/www.keramika.com\/srbija\/wp-json\/wp\/v2\/types\/product"}],"wp:featuredmedia":[{"embeddable":true,"href":"https:\/\/www.keramika.com\/srbija\/wp-json\/wp\/v2\/media\/89501"}],"wp:attachment":[{"href":"https:\/\/www.keramika.com\/srbija\/wp-json\/wp\/v2\/media?parent=89500"}],"wp:term":[{"taxonomy":"product_cat","embeddable":true,"href":"https:\/\/www.keramika.com\/srbija\/wp-json\/wp\/v2\/product_cat?post=89500"},{"taxonomy":"product_tag","embeddable":true,"href":"https:\/\/www.keramika.com\/srbija\/wp-json\/wp\/v2\/product_tag?post=89500"}],"curies":[{"name":"wp","href":"https:\/\/api.w.org\/{rel}","templated":true}]}}