{"id":89498,"date":"2017-07-01T18:57:32","date_gmt":"2017-07-01T18:57:32","guid":{"rendered":"http:\/\/www.ceramictiles.com\/srbija\/product\/podne-i-zidne-plocice-tau-bouquet-pistacho\/"},"modified":"2026-01-01T00:00:34","modified_gmt":"2026-01-01T00:00:34","slug":"podne-i-zidne-plocice-tau-bouquet-pistacho","status":"publish","type":"product","link":"https:\/\/www.keramika.com\/srbija\/podne-i-zidne-plocice-tau-bouquet-pistacho\/","title":{"rendered":"Podne i zidne plo\u010dice Tau Bouquet Pistacho"},"content":{"rendered":"<p>Proizvodnja \u0160panije ,koja je poznata u svetu, kao jedana od najboljih proizvo\u0111a\u010da kerami\u010dkih plo\u010dica. \u0160irina i du\u017eina plo\u010dice su 20&#215;60 cm. Ta kolekcija, model plo\u010dice, se prodaje najvi\u0161e zelene boje. Plo\u010dica je debela 11 mm, \u0161to je ubraja u tvrde plo\u010dice. Zbog ni\u017eih tro\u0161kova, online prodaje, Vi \u0107e te na na\u0161oj strani ove plo\u010de platiti samo 3570,75 RSD.<\/p>\n<p>Kliknite na ime serije za sve plo\u010dice u toj seriji: <a class=\"pdfcatal\" href=\"\/\/www.ceramictiles.com\/pdf\/tau\/catalogue_tau_bouquet.pdf\" onclick=\"recordOutboundLink(this, 'E-mail', 'Description PDF');return false;\">Tau Ceramica Bouquet<\/a><\/p>\n<p>Da bi naru\u010dili model iz PDF kataloga ove serije, molimo vas, da nas kontaktirate na: <a href=\"mailto:zo_mi@ceramictiles.com\" onclick=\"recordOutboundLink(this, 'E-mail', 'Description mail');return false;\">zo_mi@ceramictiles.com<\/a> ili nas pozovite na: For exact offer, PLS send us quantity and product you need with delivery address..<\/p>\n<p>Technical description: <br \/> W &#038; F 20&#215;60 ; 31,6&#215;31,6 ; 33,3&#215;92 <br \/>Bouquet Rosa ; Bouquet Beige ; Bouquet Pistacho ; Bouquet Turquesa ; Bouquet Perla  ;<\/p>\n","protected":false},"excerpt":{"rendered":"<p>Proizvodnja \u0160panije ,koja je poznata u svetu, kao jedana od najboljih proizvo\u0111a\u010da kerami\u010dkih plo\u010dica. \u0160irina i du\u017eina plo\u010dice su 20&#215;60 cm. Ta kolekcija, model plo\u010dice, se prodaje najvi\u0161e zelene boje. Plo\u010dica je debela 11 mm, \u0161to je ubraja u tvrde plo\u010dice. Zbog ni\u017eih tro\u0161kova, online prodaje, Vi \u0107e te na na\u0161oj strani ove plo\u010de platiti [&hellip;]<\/p>\n","protected":false},"featured_media":89499,"template":"","meta":[],"product_cat":[200,220,999,999125,250],"product_tag":[],"_links":{"self":[{"href":"https:\/\/www.keramika.com\/srbija\/wp-json\/wp\/v2\/product\/89498"}],"collection":[{"href":"https:\/\/www.keramika.com\/srbija\/wp-json\/wp\/v2\/product"}],"about":[{"href":"https:\/\/www.keramika.com\/srbija\/wp-json\/wp\/v2\/types\/product"}],"wp:featuredmedia":[{"embeddable":true,"href":"https:\/\/www.keramika.com\/srbija\/wp-json\/wp\/v2\/media\/89499"}],"wp:attachment":[{"href":"https:\/\/www.keramika.com\/srbija\/wp-json\/wp\/v2\/media?parent=89498"}],"wp:term":[{"taxonomy":"product_cat","embeddable":true,"href":"https:\/\/www.keramika.com\/srbija\/wp-json\/wp\/v2\/product_cat?post=89498"},{"taxonomy":"product_tag","embeddable":true,"href":"https:\/\/www.keramika.com\/srbija\/wp-json\/wp\/v2\/product_tag?post=89498"}],"curies":[{"name":"wp","href":"https:\/\/api.w.org\/{rel}","templated":true}]}}