{"id":89494,"date":"2017-07-01T18:56:59","date_gmt":"2017-07-01T18:56:59","guid":{"rendered":"http:\/\/www.ceramictiles.com\/srbija\/product\/podne-plocice-tau-ampurias-beige\/"},"modified":"2026-01-01T00:00:33","modified_gmt":"2026-01-01T00:00:33","slug":"podne-plocice-tau-ampurias-beige","status":"publish","type":"product","link":"https:\/\/www.keramika.com\/srbija\/podne-plocice-tau-ampurias-beige\/","title":{"rendered":"Podne plo\u010dice Tau Ampurias Beige"},"content":{"rendered":"<p>5821,3 RSD je redovna prodajna cena keramike, tu pa samo 4657,5 RSD. Tau Ampurias Beige dolazi iz \u0160panije, koja je poznata po vrlo visokoj kvaliteta keramike u svetu. Veli\u010dina 40&#215;40 cm je odli\u010dna za sve podloge. Ta kolekcija, model plo\u010dice, se prodaje najvi\u0161e be\u017e boje. Plo\u010dica je debela 9 mm, \u0161to je ubraja u tvrde plo\u010dice.<\/p>\n<p>Kliknite na ime serije za sve plo\u010dice u toj seriji: <a class=\"pdfcatal\" href=\"\/\/www.ceramictiles.com\/pdf\/tau\/catalogue_tau_ampurias.pdf\" onclick=\"recordOutboundLink(this, 'E-mail', 'Description PDF');return false;\">Tau Ceramica Ampurias<\/a><\/p>\n<p>Da bi naru\u010dili model iz PDF kataloga ove serije, molimo vas, da nas kontaktirate na: <a href=\"mailto:zo_mi@ceramictiles.com\" onclick=\"recordOutboundLink(this, 'E-mail', 'Description mail');return false;\">zo_mi@ceramictiles.com<\/a> ili nas pozovite na: For exact offer, PLS send us quantity and product you need with delivery address..<\/p>\n<p>Technical description: <br \/>  F 40&#215;40 ; 30&#215;60 <br \/>Ampurias Beige ; Ampurias Gris ; Ampurias Azul ; Aluminium White ;<\/p>\n","protected":false},"excerpt":{"rendered":"<p>5821,3 RSD je redovna prodajna cena keramike, tu pa samo 4657,5 RSD. Tau Ampurias Beige dolazi iz \u0160panije, koja je poznata po vrlo visokoj kvaliteta keramike u svetu. Veli\u010dina 40&#215;40 cm je odli\u010dna za sve podloge. Ta kolekcija, model plo\u010dice, se prodaje najvi\u0161e be\u017e boje. Plo\u010dica je debela 9 mm, \u0161to je ubraja u tvrde [&hellip;]<\/p>\n","protected":false},"featured_media":89495,"template":"","meta":[],"product_cat":[200,220,240,999,999125],"product_tag":[],"_links":{"self":[{"href":"https:\/\/www.keramika.com\/srbija\/wp-json\/wp\/v2\/product\/89494"}],"collection":[{"href":"https:\/\/www.keramika.com\/srbija\/wp-json\/wp\/v2\/product"}],"about":[{"href":"https:\/\/www.keramika.com\/srbija\/wp-json\/wp\/v2\/types\/product"}],"wp:featuredmedia":[{"embeddable":true,"href":"https:\/\/www.keramika.com\/srbija\/wp-json\/wp\/v2\/media\/89495"}],"wp:attachment":[{"href":"https:\/\/www.keramika.com\/srbija\/wp-json\/wp\/v2\/media?parent=89494"}],"wp:term":[{"taxonomy":"product_cat","embeddable":true,"href":"https:\/\/www.keramika.com\/srbija\/wp-json\/wp\/v2\/product_cat?post=89494"},{"taxonomy":"product_tag","embeddable":true,"href":"https:\/\/www.keramika.com\/srbija\/wp-json\/wp\/v2\/product_tag?post=89494"}],"curies":[{"name":"wp","href":"https:\/\/api.w.org\/{rel}","templated":true}]}}