{"id":89486,"date":"2017-07-01T18:55:45","date_gmt":"2017-07-01T18:55:45","guid":{"rendered":"http:\/\/www.ceramictiles.com\/srbija\/product\/vidrepur-mozaik-negro-trento-25x25\/"},"modified":"2026-01-01T00:00:33","modified_gmt":"2026-01-01T00:00:33","slug":"vidrepur-mozaik-negro-trento-25x25","status":"publish","type":"product","link":"https:\/\/www.keramika.com\/srbija\/vidrepur-mozaik-negro-trento-25x25\/","title":{"rendered":"Vidrepur mozaik Negro Trento 25X25"},"content":{"rendered":"<p>Vidrepur mosaico Negro Trento 25X25 je proizvod iz \u0160panije te je izuzetno kvalitetna. Zaradi ni\u017eih tro\u0161kova kod internetne prodaje, \u0107e te na na\u0161oj strani za taj mozaik platiti 7187,5 RSD. Prilikom izbora mozaika u glavnom crne boji ne\u0107ete pogre\u0161iti Mozaik je debljine 4 mm, \u0161to ga \u010dini izuzetno tvrdim. Dimenzije mre\u017ee na koju je pritvr\u0111en mozaik je 31,5&#215;31,5 cm. Mre\u017ea omogu\u0107ava jednostavnu instalaciju.<\/p>\n<p>Kliknite na ime serije za sve plo\u010dice u toj seriji: <a class=\"pdfcatal\" href=\"\/\/www.ceramictiles.com\/pdf\/vidrepur\/catalogue_vidrepur_online_collections.pdf\" onclick=\"recordOutboundLink(this, 'E-mail', 'Description PDF');return false;\">Vidrepur Online Collections<\/a><\/p>\n<p>Da bi naru\u010dili model iz PDF kataloga ove serije, molimo vas, da nas kontaktirate na: <a href=\"mailto:zo_mi@ceramictiles.com\" onclick=\"recordOutboundLink(this, 'E-mail', 'Description mail');return false;\">zo_mi@ceramictiles.com<\/a> ili nas pozovite na: For exact offer, PLS send us quantity and product you need with delivery address..<\/p>\n<p>Technical description: <\/p>\n<p>Min. 1 box &#8211; Delivery 30 Euro\/box in EU<\/p>\n","protected":false},"excerpt":{"rendered":"<p>Vidrepur mosaico Negro Trento 25X25 je proizvod iz \u0160panije te je izuzetno kvalitetna. Zaradi ni\u017eih tro\u0161kova kod internetne prodaje, \u0107e te na na\u0161oj strani za taj mozaik platiti 7187,5 RSD. Prilikom izbora mozaika u glavnom crne boji ne\u0107ete pogre\u0161iti Mozaik je debljine 4 mm, \u0161to ga \u010dini izuzetno tvrdim. Dimenzije mre\u017ee na koju je pritvr\u0111en [&hellip;]<\/p>\n","protected":false},"featured_media":89487,"template":"","meta":[],"product_cat":[400,999,410,9991712],"product_tag":[],"_links":{"self":[{"href":"https:\/\/www.keramika.com\/srbija\/wp-json\/wp\/v2\/product\/89486"}],"collection":[{"href":"https:\/\/www.keramika.com\/srbija\/wp-json\/wp\/v2\/product"}],"about":[{"href":"https:\/\/www.keramika.com\/srbija\/wp-json\/wp\/v2\/types\/product"}],"wp:featuredmedia":[{"embeddable":true,"href":"https:\/\/www.keramika.com\/srbija\/wp-json\/wp\/v2\/media\/89487"}],"wp:attachment":[{"href":"https:\/\/www.keramika.com\/srbija\/wp-json\/wp\/v2\/media?parent=89486"}],"wp:term":[{"taxonomy":"product_cat","embeddable":true,"href":"https:\/\/www.keramika.com\/srbija\/wp-json\/wp\/v2\/product_cat?post=89486"},{"taxonomy":"product_tag","embeddable":true,"href":"https:\/\/www.keramika.com\/srbija\/wp-json\/wp\/v2\/product_tag?post=89486"}],"curies":[{"name":"wp","href":"https:\/\/api.w.org\/{rel}","templated":true}]}}