{"id":89472,"date":"2017-07-01T18:53:28","date_gmt":"2017-07-01T18:53:28","guid":{"rendered":"http:\/\/www.ceramictiles.com\/srbija\/product\/vidrepur-mozaik-gris-mezcla-25x25\/"},"modified":"2026-01-01T00:00:31","modified_gmt":"2026-01-01T00:00:31","slug":"vidrepur-mozaik-gris-mezcla-25x25","status":"publish","type":"product","link":"https:\/\/www.keramika.com\/srbija\/vidrepur-mozaik-gris-mezcla-25x25\/","title":{"rendered":"Vidrepur mozaik Gris Mezcla 25X25"},"content":{"rendered":"<p>Debljina od 4 mm ovog mozaika ga \u010dini vrlo izdr\u017eljivim i prijatnim na dodir. 8983,8 RSD je redovna prodajna cena keramike, tu pa samo 7187,5 RSD. Mozaik plo\u010dice crne boje, su izuzetno tra\u017eene. Dimenzije mre\u017ee na koju je pritvr\u0111en mozaik je 31,5&#215;31,5 cm. Mre\u017ea omogu\u0107ava jednostavnu instalaciju. Ove mozaik plo\u010dice doleaze iz \u0160panije, koja je poznata po kvalitetnom mozaiku.<\/p>\n<p>Kliknite na ime serije za sve plo\u010dice u toj seriji: <a class=\"pdfcatal\" href=\"\/\/www.ceramictiles.com\/pdf\/vidrepur\/catalogue_vidrepur_online_collections.pdf\" onclick=\"recordOutboundLink(this, 'E-mail', 'Description PDF');return false;\">Vidrepur Online Collections<\/a><\/p>\n<p>Da bi naru\u010dili model iz PDF kataloga ove serije, molimo vas, da nas kontaktirate na: <a href=\"mailto:zo_mi@ceramictiles.com\" onclick=\"recordOutboundLink(this, 'E-mail', 'Description mail');return false;\">zo_mi@ceramictiles.com<\/a> ili nas pozovite na: For exact offer, PLS send us quantity and product you need with delivery address..<\/p>\n<p>Technical description: <\/p>\n<p>Min. 1 box &#8211; Delivery 30 Euro\/box in EU<\/p>\n","protected":false},"excerpt":{"rendered":"<p>Debljina od 4 mm ovog mozaika ga \u010dini vrlo izdr\u017eljivim i prijatnim na dodir. 8983,8 RSD je redovna prodajna cena keramike, tu pa samo 7187,5 RSD. Mozaik plo\u010dice crne boje, su izuzetno tra\u017eene. Dimenzije mre\u017ee na koju je pritvr\u0111en mozaik je 31,5&#215;31,5 cm. Mre\u017ea omogu\u0107ava jednostavnu instalaciju. Ove mozaik plo\u010dice doleaze iz \u0160panije, koja je [&hellip;]<\/p>\n","protected":false},"featured_media":89473,"template":"","meta":[],"product_cat":[400,999,410,9991712],"product_tag":[],"_links":{"self":[{"href":"https:\/\/www.keramika.com\/srbija\/wp-json\/wp\/v2\/product\/89472"}],"collection":[{"href":"https:\/\/www.keramika.com\/srbija\/wp-json\/wp\/v2\/product"}],"about":[{"href":"https:\/\/www.keramika.com\/srbija\/wp-json\/wp\/v2\/types\/product"}],"wp:featuredmedia":[{"embeddable":true,"href":"https:\/\/www.keramika.com\/srbija\/wp-json\/wp\/v2\/media\/89473"}],"wp:attachment":[{"href":"https:\/\/www.keramika.com\/srbija\/wp-json\/wp\/v2\/media?parent=89472"}],"wp:term":[{"taxonomy":"product_cat","embeddable":true,"href":"https:\/\/www.keramika.com\/srbija\/wp-json\/wp\/v2\/product_cat?post=89472"},{"taxonomy":"product_tag","embeddable":true,"href":"https:\/\/www.keramika.com\/srbija\/wp-json\/wp\/v2\/product_tag?post=89472"}],"curies":[{"name":"wp","href":"https:\/\/api.w.org\/{rel}","templated":true}]}}