{"id":89458,"date":"2017-07-01T18:51:13","date_gmt":"2017-07-01T18:51:13","guid":{"rendered":"http:\/\/www.ceramictiles.com\/srbija\/product\/vidrepur-mozaik-antracita-rombo-25x25\/"},"modified":"2026-01-01T00:00:30","modified_gmt":"2026-01-01T00:00:30","slug":"vidrepur-mozaik-antracita-rombo-25x25","status":"publish","type":"product","link":"https:\/\/www.keramika.com\/srbija\/vidrepur-mozaik-antracita-rombo-25x25\/","title":{"rendered":"Vidrepur mozaik Antracita Rombo 25X25"},"content":{"rendered":"<p>Vidrepur mosaico Antracita Rombo 25X25 je dostupna po vrlo povoljnim cenama 7187,5 RSD. Vidrepur mosaico Antracita Rombo 25X25 je proizvod iz \u0160panije te je izuzetno kvalitetna. Veli\u010dina 31,5&#215;31,5 cm mre\u017ee, na koju su pritvr\u0111ene mozaik plo\u010dice, je odli\u010dna za pokrivanje povr\u0161ine. Mozaik je debljine 4 mm, \u0161to ga \u010dini izuzetno tvrdim. Veoma moderan mozaik, dominantne sive boje, oboga\u0107uje savki prostor.<\/p>\n<p>Kliknite na ime serije za sve plo\u010dice u toj seriji: <a class=\"pdfcatal\" href=\"\/\/www.ceramictiles.com\/pdf\/vidrepur\/catalogue_vidrepur_online_collections.pdf\" onclick=\"recordOutboundLink(this, 'E-mail', 'Description PDF');return false;\">Vidrepur Online Collections<\/a><\/p>\n<p>Da bi naru\u010dili model iz PDF kataloga ove serije, molimo vas, da nas kontaktirate na: <a href=\"mailto:zo_mi@ceramictiles.com\" onclick=\"recordOutboundLink(this, 'E-mail', 'Description mail');return false;\">zo_mi@ceramictiles.com<\/a> ili nas pozovite na: For exact offer, PLS send us quantity and product you need with delivery address..<\/p>\n<p>Technical description: <\/p>\n<p>Min. 1 box &#8211; Delivery 30 Euro\/box in EU<\/p>\n","protected":false},"excerpt":{"rendered":"<p>Vidrepur mosaico Antracita Rombo 25X25 je dostupna po vrlo povoljnim cenama 7187,5 RSD. Vidrepur mosaico Antracita Rombo 25X25 je proizvod iz \u0160panije te je izuzetno kvalitetna. Veli\u010dina 31,5&#215;31,5 cm mre\u017ee, na koju su pritvr\u0111ene mozaik plo\u010dice, je odli\u010dna za pokrivanje povr\u0161ine. Mozaik je debljine 4 mm, \u0161to ga \u010dini izuzetno tvrdim. Veoma moderan mozaik, dominantne [&hellip;]<\/p>\n","protected":false},"featured_media":89459,"template":"","meta":[],"product_cat":[400,999,410,9991712],"product_tag":[],"_links":{"self":[{"href":"https:\/\/www.keramika.com\/srbija\/wp-json\/wp\/v2\/product\/89458"}],"collection":[{"href":"https:\/\/www.keramika.com\/srbija\/wp-json\/wp\/v2\/product"}],"about":[{"href":"https:\/\/www.keramika.com\/srbija\/wp-json\/wp\/v2\/types\/product"}],"wp:featuredmedia":[{"embeddable":true,"href":"https:\/\/www.keramika.com\/srbija\/wp-json\/wp\/v2\/media\/89459"}],"wp:attachment":[{"href":"https:\/\/www.keramika.com\/srbija\/wp-json\/wp\/v2\/media?parent=89458"}],"wp:term":[{"taxonomy":"product_cat","embeddable":true,"href":"https:\/\/www.keramika.com\/srbija\/wp-json\/wp\/v2\/product_cat?post=89458"},{"taxonomy":"product_tag","embeddable":true,"href":"https:\/\/www.keramika.com\/srbija\/wp-json\/wp\/v2\/product_tag?post=89458"}],"curies":[{"name":"wp","href":"https:\/\/api.w.org\/{rel}","templated":true}]}}