{"id":89434,"date":"2017-07-01T18:47:22","date_gmt":"2017-07-01T18:47:22","guid":{"rendered":"http:\/\/www.ceramictiles.com\/srbija\/product\/vidrepur-mozaik-cobalto-cortina-25x25\/"},"modified":"2026-01-01T00:00:28","modified_gmt":"2026-01-01T00:00:28","slug":"vidrepur-mozaik-cobalto-cortina-25x25","status":"publish","type":"product","link":"https:\/\/www.keramika.com\/srbija\/vidrepur-mozaik-cobalto-cortina-25x25\/","title":{"rendered":"Vidrepur mozaik Cobalto Cortina 25X25"},"content":{"rendered":"<p>4 mm debljine je dovoljno za zahtevnije kupce. Ove lepe, mozaik plo\u010dice plave boje, \u0107e obogatiti svaki prostor. Vidrepur mosaico Cobalto Cortina 25X25 dolazi iz \u0160panije, koja je poznata po vrlo visokoj kvaliteta keramike u svetu. Namjesto 8983,8 RSD \u0161to je cena u maloprodaji, Vi pla\u0107ate samo 7187,5 RSD. Mozaik plo\u010dice su na mre\u017ei, \u0161to olak\u0161ava njegovu instalaciju. Veli\u010dina mre\u017ee je 31,5&#215;31,5 cm.<\/p>\n<p>Kliknite na ime serije za sve plo\u010dice u toj seriji: <a class=\"pdfcatal\" href=\"\/\/www.ceramictiles.com\/pdf\/vidrepur\/catalogue_vidrepur_online_collections.pdf\" onclick=\"recordOutboundLink(this, 'E-mail', 'Description PDF');return false;\">Vidrepur Online Collections<\/a><\/p>\n<p>Da bi naru\u010dili model iz PDF kataloga ove serije, molimo vas, da nas kontaktirate na: <a href=\"mailto:zo_mi@ceramictiles.com\" onclick=\"recordOutboundLink(this, 'E-mail', 'Description mail');return false;\">zo_mi@ceramictiles.com<\/a> ili nas pozovite na: For exact offer, PLS send us quantity and product you need with delivery address..<\/p>\n<p>Technical description: <\/p>\n<p>Min. 1 box &#8211; Delivery 30 Euro\/box in EU<\/p>\n","protected":false},"excerpt":{"rendered":"<p>4 mm debljine je dovoljno za zahtevnije kupce. Ove lepe, mozaik plo\u010dice plave boje, \u0107e obogatiti svaki prostor. Vidrepur mosaico Cobalto Cortina 25X25 dolazi iz \u0160panije, koja je poznata po vrlo visokoj kvaliteta keramike u svetu. Namjesto 8983,8 RSD \u0161to je cena u maloprodaji, Vi pla\u0107ate samo 7187,5 RSD. Mozaik plo\u010dice su na mre\u017ei, \u0161to [&hellip;]<\/p>\n","protected":false},"featured_media":89435,"template":"","meta":[],"product_cat":[400,999,410,9991712],"product_tag":[],"_links":{"self":[{"href":"https:\/\/www.keramika.com\/srbija\/wp-json\/wp\/v2\/product\/89434"}],"collection":[{"href":"https:\/\/www.keramika.com\/srbija\/wp-json\/wp\/v2\/product"}],"about":[{"href":"https:\/\/www.keramika.com\/srbija\/wp-json\/wp\/v2\/types\/product"}],"wp:featuredmedia":[{"embeddable":true,"href":"https:\/\/www.keramika.com\/srbija\/wp-json\/wp\/v2\/media\/89435"}],"wp:attachment":[{"href":"https:\/\/www.keramika.com\/srbija\/wp-json\/wp\/v2\/media?parent=89434"}],"wp:term":[{"taxonomy":"product_cat","embeddable":true,"href":"https:\/\/www.keramika.com\/srbija\/wp-json\/wp\/v2\/product_cat?post=89434"},{"taxonomy":"product_tag","embeddable":true,"href":"https:\/\/www.keramika.com\/srbija\/wp-json\/wp\/v2\/product_tag?post=89434"}],"curies":[{"name":"wp","href":"https:\/\/api.w.org\/{rel}","templated":true}]}}